{"id":7518,"date":"2023-02-22T12:03:30","date_gmt":"2023-02-22T11:03:30","guid":{"rendered":"https:\/\/www.dagilupi.com\/index.php\/privacy-policy"},"modified":"2023-08-30T17:29:28","modified_gmt":"2023-08-30T15:29:28","slug":"privacy-policy","status":"publish","type":"page","link":"https:\/\/www.dagilupi.com\/index.php\/privacy-policy?lang=de","title":{"rendered":"Privacy Policy"},"content":{"rendered":"<p>[vc_row][vc_column]<div class=\"heading-with-separator text-left id_16a06b86f8bb361900771900   \"><div class=\"header-content\">\n\t\t\t<p class=\"h-subheading\"><\/p>\n\t\t\t<h3 class=\"heading  \" style=\"; letter-spacing: 0px; \">Richtlinien zur Verwaltung Cookies<\/h3><\/div><\/div><div class=\"custom-styles\" data-styles=\".id_16a06b86f8bb361900771900 .heading-decorator-1:before, .id_16a06b86f8bb361900771900 .heading-decorator-1:after { border-color: }\"><\/div>[vc_column_text]Gem\u00e4\u00df der UE 2016\/679<\/p>\n<p>Die Website www.dagilupi.com verwendet Cookies, um die Nutzung des Online-Dienstes zu verbessern und das Surfen effizienter zu gestalten. Dieses aktuelle Dokument bietet detaillierte Informationen \u00fcber die Verwendung von Cookies, wie sie von www.dagilupi.com verwendet werden und wie man sie verwaltet.<\/p>\n<h4>Was sind Cookies?<\/h4>\n<p>Cookies sind kleine Textstrings, die die vom Benutzer besuchten Websites an sein Endger\u00e4t (normalerweise den Browser) senden, wo sie gespeichert werden, bevor sie beim n\u00e4chsten Besuch desselben Benutzers an dieselben Websites zur\u00fcckgesendet werden. W\u00e4hrend des Besuchs einer Website kann der Nutzer auf seinem Endger\u00e4t auch Cookies empfangen, die von anderen Websites oder Webservern (so genannten &#8220;Dritten&#8221;) gesendet werden, auf denen verschiedene Elemente (wie z. B. Bilder, Karten, T\u00f6ne, spezifische Links zu Seiten anderer Dom\u00e4nen) auf derselben besuchten Website gespeichert werden k\u00f6nnen.<br \/>\nCookies sind in der Regel in sehr gro\u00dfer Zahl in den Browsern der Nutzer zu finden und manchmal \u00fcber einen l\u00e4ngeren Zeitraum vorhanden. Sie werden f\u00fcr verschiedene Zwecke verwendet: Ausf\u00fchrung von Authentifizierungsinformationen, \u00dcberwachung von Sitzungen, Speicherung von Informationen \u00fcber spezifische Konfigurationen in Bezug auf Benutzer, die auf Server zugreifen, usw.<br \/>\n<h4yyTyp von Cookies<\/h4>\n<p>Auf der Grundlage der Merkmale und der Verwendung von Cookies k\u00f6nnen wir mehrere Kategorien unterscheiden:<\/p>\n<ul>\n<li><b><\/b><strong>yyCookies ben\u00f6tigt. <\/b><\/strong>Diese Cookies sind f\u00fcr das reibungslose Funktionieren der Website unerl\u00e4sslich. Mit diesen Cookies kann der Benutzer nicht identifiziert werden. Wenn Sie diese Cookies nicht akzeptieren, k\u00f6nnen Funktionen auf der Website oder Teile davon beeintr\u00e4chtigt werden.<\/li>\n<li><b><\/b><strong>yyPerformance-Cookies. <\/b><\/strong>Diese Cookies werden zur anonymen Erfassung und Analyse des Datenverkehrs und der Nutzung der Website verwendet. Diese Cookies erm\u00f6glichen es zum Beispiel, auch ohne Identifizierung des Benutzers festzustellen, ob derselbe Benutzer zu verschiedenen Zeiten eine Verbindung herstellt. Au\u00dferdem erm\u00f6glichen sie die \u00dcberwachung des Systems und die Verbesserung seiner Leistung und Benutzerfreundlichkeit. Die Deaktivierung dieser Cookies kann ohne Funktionseinbu\u00dfen vorgenommen werden.<br \/>\nBeispiele f\u00fcr Leistungs-Cookies sind unter anderem die folgenden Links:<br \/>\n&#8211; <strong><b>Google Analytics:<\/b><\/strong> Wir verwenden Google Analytics nicht. F\u00fcr weitere <a href=\"https:\/\/developers.google.com\/analytics\/devguides\/collection\/analyticsjs\/cookie-usage \">Informationen zu Google Analytics klicken Sie hier<\/a><br \/>\n&#8211; <strong><b>YouTube Tracking:<\/b><\/strong> Wir verwenden kein Youtube Tracking.\u00a0 F\u00fcr weitere <a href=\"http:\/\/www.google.co.uk\/intl\/en\/policies\/privacy\/\">Informationen zu Google Analytics klicken Sie hier<\/a><br \/>\n&#8211; <strong><b>WordPress Stats:<\/b><\/strong> F\u00fcr mehr <a href=\"http:\/\/www.google.co.uk\/intl\/en\/policies\/privacy\/\">Informationen zu WordPress Stats klicken Sie hier<\/a><\/li>\n<\/ul>\n<ul>\n<li><strong><b>Profiling-Cookies. <\/b><\/strong>Dabei handelt es sich um dauerhafte Cookies, die dazu dienen, die Pr\u00e4ferenzen der Benutzer (anonym oder nicht) zu ermitteln und das Surfen zu verbessern.<br \/>\nDie Website www.dagilupi.com verwendet diese Art von Cookies nicht.<\/li>\n<p> \tCookies von Drittanbietern. <\/b><\/strong>Bei dem Besuch einer Website k\u00f6nnen Sie Cookies von der besuchten Seite (propriet\u00e4r&#8221;) sowie von Websites anderer Organisationen (Drittanbieter&#8221;) erhalten, wie z. B. das Social Plugin&#8221; f\u00fcr Facebook, Twitter, Google+ und LinkedIn. Diese sind Teil der besuchten Seite, werden direkt von den besagten Websites erzeugt und in die Seiten der Host-Site integriert. Die h\u00e4ufigste Verwendung von Social Plugins ist das Teilen von Inhalten in sozialen Netzwerken. Das Vorhandensein dieser Plugins beinhaltet die \u00dcbertragung von Cookies zu und von allen Websites, die von Dritten betrieben werden. Die gleichen Betreiber regeln die Verwaltung der von &#8220;Dritten&#8221; gesammelten Informationen. Weitere Informationen zu den verschiedenen Richtlinien und Methoden zur Verwaltung von Cookies finden Sie unter den folgenden Webadressen.<\/p>\n<ul>\n<li>Facebook-Richtlinie: https:\/\/www.facebook.com\/help\/cookies\/<\/li>\n<li>Facebook (Konfiguration): Zugriff auf Ihr Konto. Abschnitt Datenschutz.<\/li>\n<li>Twitter-Richtlinie: https:\/\/support.twitter.com\/articles\/20170514<\/li>\n<li>Twitter (Konfiguration): https:\/\/twitter.com\/settings\/security<\/li>\n<li>Linkedin-Richtlinie: https:\/\/www.linkedin.com\/legal\/cookie-policy<\/li>\n<li>Linkedin (Konfiguration): https:\/\/www.linkedin.com\/settings\/<\/li>\n<li>Google+-Richtlinie: http:\/\/www.google.it\/intl\/it\/policies\/technologies\/cookies\/<\/li>\n<li>Google+ (Konfiguration): http:\/\/www.google.it\/intl\/it\/policies\/technologies\/managing\/<\/li>\n<li>Google Analytics https:\/\/www.google.it\/policies\/privacy\/partners\/<\/li>\n<li>YouTube: F\u00fcr mehr <a href=\"http:\/\/www.google.co.uk\/intl\/en\/policies\/privacy\/\">\u00fcber YouTube klicken Sie hier<\/a><\/li>\n<\/ul>\n<\/li>\n<\/ul>\n<h4>Dauer des Cookies.<\/h4>\n<p>Einige Cookies (Sitzungscookies) bleiben nur so lange aktiv, bis Sie den Browser schlie\u00dfen oder den Befehl zum Abmelden ausf\u00fchren. Andere Cookies &#8220;\u00fcberleben&#8221; das Schlie\u00dfen des Browsers und sind auch bei sp\u00e4teren Besuchen vorhanden.<br \/>\nDiese Cookies werden als persistent bezeichnet und der Server legt ihre Dauer zum Zeitpunkt der Erstellung fest. In einigen F\u00e4llen gibt es eine feste Frist, in anderen F\u00e4llen ist die Dauer unbegrenzt.<br \/>\nwww.dagilupi.com verwendet keine dauerhaften Cookies, um Informationen zwischen den Besuchen zu speichern.<br \/>\nBeim Surfen auf den Seiten der Website www.dagilupi.com k\u00f6nnen Sie jedoch mit Websites interagieren, die von Dritten betrieben werden, die dauerhafte Cookies und Profilierungs-Cookies erstellen oder \u00e4ndern k\u00f6nnen.\u00a0 Ein gutes Beispiel ist die von beddy.io betriebene Buchungsmaschine, die \u00fcber eine eigene Cookie-Richtlinie verf\u00fcgt, die in der Fu\u00dfzeile der Startseite der Buchungsseite einsehbar ist.<\/p>\n<h4>Verwaltung von Cookies.<\/h4>\n<p>Der Nutzer kann \u00fcber die Einstellungen seines Browsers entscheiden, ob er Cookies akzeptiert oder nicht. Allerdings kann die vollst\u00e4ndige oder teilweise Deaktivierung von technischen Cookies manchmal das Funktionieren bestimmter Funktionen der Website beeintr\u00e4chtigen. Dagegen ist die volle Nutzbarkeit der \u00f6ffentlichen Inhalte auch dann m\u00f6glich, wenn die Cookies vollst\u00e4ndig deaktiviert sind.<br \/>\nDie Deaktivierung von &#8220;Drittanbieter&#8221;-Cookies beeintr\u00e4chtigt in keiner Weise das Surferlebnis<br \/>\nDie Einstellungen k\u00f6nnen speziell f\u00fcr verschiedene Websites und Webanwendungen vorgenommen werden. Bei den besten Browsern k\u00f6nnen Sie au\u00dferdem unterschiedliche Einstellungen f\u00fcr &#8220;eigene&#8221; Cookies und Cookies von &#8220;Dritten&#8221; festlegen.<br \/>\nNachstehend finden Sie einige Links zur Verwaltung von Cookies in den wichtigsten Browsern:<\/p>\n<ul>\n<li>Chrome: https:\/\/support.google.com\/chrome\/answer\/95647?hl=it<\/li>\n<li>Firefox: https:\/\/support.mozilla.org\/it\/kb\/Gestione%20dei%20cookie<\/li>\n<li>Internet Explorer: http:\/\/windows.microsoft.com\/it-it\/windows7\/how-to-manage-cookies-ininternet- explorer-9<\/li>\n<li>Opera: http:\/\/help.opera.com\/Windows\/10.00\/it\/cookies.html<\/li>\n<li>Safari: http:\/\/support.apple.com\/kb\/HT1677?viewlocale=it_IT<\/li>\n<\/ul>\n<p>&nbsp;<br \/>\n<a href=\"#\" data-hu-action=\"cookies-notice-revoke\">Revoke Consent<\/a><br \/>\n&nbsp;[\/vc_column_text][\/vc_column][\/vc_row]<\/p>","protected":false},"excerpt":{"rendered":"<p>[vc_row][vc_column][vc_column_text]Gem\u00e4\u00df der UE 2016\/679 Die Website www.dagilupi.com verwendet Cookies, um die Nutzung des Online-Dienstes zu verbessern und das Surfen effizienter zu gestalten. Dieses aktuelle Dokument bietet detaillierte Informationen \u00fcber die Verwendung von Cookies, wie sie von www.dagilupi.com verwendet werden und wie man sie verwaltet. Was sind Cookies? Cookies sind kleine Textstrings, die die vom Benutzer[&#8230;] <a href=\"https:\/\/www.dagilupi.com\/index.php\/privacy-policy?lang=de\" class=\"more-link\">Continue reading<\/a><\/p>\n","protected":false},"author":3,"featured_media":0,"parent":0,"menu_order":0,"comment_status":"closed","ping_status":"closed","template":"","meta":[],"_links":{"self":[{"href":"https:\/\/www.dagilupi.com\/index.php\/wp-json\/wp\/v2\/pages\/7518"}],"collection":[{"href":"https:\/\/www.dagilupi.com\/index.php\/wp-json\/wp\/v2\/pages"}],"about":[{"href":"https:\/\/www.dagilupi.com\/index.php\/wp-json\/wp\/v2\/types\/page"}],"author":[{"embeddable":true,"href":"https:\/\/www.dagilupi.com\/index.php\/wp-json\/wp\/v2\/users\/3"}],"replies":[{"embeddable":true,"href":"https:\/\/www.dagilupi.com\/index.php\/wp-json\/wp\/v2\/comments?post=7518"}],"version-history":[{"count":4,"href":"https:\/\/www.dagilupi.com\/index.php\/wp-json\/wp\/v2\/pages\/7518\/revisions"}],"predecessor-version":[{"id":8088,"href":"https:\/\/www.dagilupi.com\/index.php\/wp-json\/wp\/v2\/pages\/7518\/revisions\/8088"}],"wp:attachment":[{"href":"https:\/\/www.dagilupi.com\/index.php\/wp-json\/wp\/v2\/media?parent=7518"}],"curies":[{"name":"wp","href":"https:\/\/api.w.org\/{rel}","templated":true}]}}