{"id":7361,"date":"2023-01-22T17:29:58","date_gmt":"2023-01-22T16:29:58","guid":{"rendered":"https:\/\/www.dagilupi.com\/index.php\/our-rooms\/terms-and-conditions-masseria"},"modified":"2023-03-21T16:49:58","modified_gmt":"2023-03-21T15:49:58","slug":"terms-and-conditions-masseria","status":"publish","type":"page","link":"https:\/\/www.dagilupi.com\/index.php\/masseria-privatisee\/terms-and-conditions-masseria?lang=fr","title":{"rendered":"Terms and Conditions Masseria"},"content":{"rendered":"<p>[vc_row full_width=&#8221;stretch_row&#8221; gap=&#8221;remove-gap&#8221; content_placement=&#8221;top&#8221; parallax_image=&#8221;2980&#8243; overlay_color=&#8221;rgba(0,0,0,0.22)&#8221; text_color=&#8221;#ffffff&#8221; css=&#8221;.vc_custom_1646915591399{padding-top: 280px !important;padding-bottom: 200px !important;}&#8221;][vc_column]<div class=\"heading-with-separator text-center id_169d63281a909d179256926  vc_custom_1674404500938  \"><div class=\"header-content\">\n\t\t\t<p class=\"h-subheading\"><\/p>\n\t\t\t<h1 class=\"heading  \" style=\"color: #ffffff; letter-spacing: 0px; \">Conditions de location de la masseria<\/h1><\/div><\/div><div class=\"custom-styles\" data-styles=\".id_169d63281a909d179256926 .heading-decorator-1:before, .id_169d63281a909d179256926 .heading-decorator-1:after { border-color: }\"><\/div>[\/vc_column][\/vc_row][vc_row gap=&#8221;&#8221; css=&#8221;.vc_custom_1674404806597{padding-top: 20px !important;}&#8221;][vc_column][vc_column_text]En louant la masseria, vous et les personnes qui vous accompagnent acceptez les termes et conditions suivants.<\/p>\n<p>Si vous avez des questions concernant votre r\u00e9servation, veuillez nous contacter \u00e0 l&#8217;avance \u00e0 info@dagilupi.com.<\/p>\n<h4>Occupation<\/h4>\n<p>Le nombre maximum de personnes s\u00e9journant dans la masseria est de 6 adultes. Si vous avez une demande sp\u00e9cifique, veuillez envoyer votre demande avant la r\u00e9servation \u00e0 info@dagilupi.com. L&#8217;acc\u00e8s \u00e0 la Masseria est limit\u00e9 aux personnes qui ont fait une r\u00e9servation, les visiteurs tiers ne sont autoris\u00e9s \u00e0 acc\u00e9der \u00e0 la propri\u00e9t\u00e9 qu&#8217;avec notre permission expresse.<\/p>\n<p>Les animaux domestiques ne sont pas admis.<\/p>\n<h4>R\u00e9servation<\/h4>\n<p>Pour confirmer votre r\u00e9servation, nous demandons un acompte de 50% du montant total.<br \/>\nLes 50% restants doivent \u00eatre pay\u00e9s <b>au moins 30 jours avant l&#8217;arriv\u00e9e<\/b>.<br \/>\nSi le solde n&#8217;est pas pay\u00e9, la r\u00e9servation sera annul\u00e9e et l&#8217;acompte ne sera PAS rembours\u00e9.<br \/>\nPour les r\u00e9servations \u00e0 court terme (moins de 30 jours), le montant total de la location sera demand\u00e9.<br \/>\nLes paiements peuvent \u00eatre effectu\u00e9s en ligne via PayPal, par carte de cr\u00e9dit ou par virement bancaire.<br \/>\nLes acomptes ne sont remboursables que dans les conditions \u00e9nonc\u00e9es ci-dessous :<\/p>\n<h4>Politique d&#8217;annulation, non-pr\u00e9sentation et remboursement des sommes vers\u00e9es.<\/h4>\n<p>Les r\u00e8gles de remboursement en cas d&#8217;annulation et de non-pr\u00e9sentation peuvent changer en fonction de la p\u00e9riode pour laquelle vous r\u00e9servez et\/ou du tarif que vous choisissez au moment de la r\u00e9servation.<br \/>\nEn g\u00e9n\u00e9ral, et sauf indication contraire au moment de la r\u00e9servation, les r\u00e8gles suivantes s&#8217;appliquent :<\/p>\n<ul>\n<li>Annulation effectu\u00e9e 60 jours ou plus avant la date d&#8217;arriv\u00e9e : remboursement de 50% des sommes re\u00e7ues moins 40\u20ac de frais administratifs.<\/li>\n<li>Annulation faite 59 jours ou moins avant la date d&#8217;arriv\u00e9e : aucun remboursement.<\/li>\n<\/ul>\n<h4>Politique pour les enfants<\/h4>\n<p>La Masseria Dagilupi est un lieu r\u00e9serv\u00e9 aux adultes. Les enfants \u00e2g\u00e9s de 14 ans et plus peuvent s\u00e9journer \u00e0 la Masseria sous la responsabilit\u00e9 d&#8217;un adulte. Les berceaux et les lits d&#8217;appoint ne sont pas disponibles. Le nombre maximum de personnes dans une chambre est de 2.<\/p>\n<h4>Arriv\u00e9e et d\u00e9part<\/h4>\n<p>Les clients doivent effectuer leur arriv\u00e9e et leur d\u00e9part aux heures indiqu\u00e9es ci-dessous :<\/p>\n<ul>\n<li>Check-in, arriv\u00e9e : de 16:00 \u00e0 19:00.<\/li>\n<li>Check-out : avant 11h00 le jour du d\u00e9part.\n<ul>\n<li>Apr\u00e8s 11h00, des frais de service de 100\u20ac seront factur\u00e9s.<\/li>\n<\/ul>\n<\/li>\n<\/ul>\n<h4>Politique des animaux domestiques<\/h4>\n<p>Les animaux domestiques ne sont pas autoris\u00e9s.<\/p>\n<h4>Annulation de notre part<\/h4>\n<p>Dans le cas rare o\u00f9 nous devrions annuler votre r\u00e9servation, veuillez noter que nous ne pouvons \u00eatre tenus responsables des circonstances ind\u00e9pendantes de notre volont\u00e9 et que notre responsabilit\u00e9 envers vous se limite au remboursement des seuls paiements d\u00e9j\u00e0 effectu\u00e9s.<br \/>\nPolitique d&#8217;utilisation \u00e9quitable et appropri\u00e9e du Wi-Fi<\/h4>\n<p>L&#8217;acc\u00e8s Internet Wi-Fi est fourni gratuitement \u00e0 l&#8217;int\u00e9rieur et \u00e0 l&#8217;ext\u00e9rieur de la Masseria. Les h\u00f4tes s&#8217;engagent \u00e0 utiliser cet acc\u00e8s Internet de mani\u00e8re \u00e9quitable et appropri\u00e9e.<\/p>\n<p>L&#8217;acc\u00e8s Internet fourni est destin\u00e9 \u00e0 un usage g\u00e9n\u00e9ral tel que l&#8217;acc\u00e8s au Web, au courrier \u00e9lectronique, \u00e0 la messagerie, aux m\u00e9dias sociaux, aux vid\u00e9os l\u00e9g\u00e8res, \u00e0 la musique et au streaming. Il n&#8217;est pas destin\u00e9 et ne convient pas pour le streaming de m\u00e9dias lourds, les jeux en ligne, les t\u00e9l\u00e9chargements lourds. Acc\u00e9der \u00e0 une activit\u00e9 ill\u00e9gale ou utiliser notre r\u00e9seau pour une activit\u00e9 ill\u00e9gale n&#8217;est pas autoris\u00e9 et sera signal\u00e9 aux autorit\u00e9s locales.<\/p>\n<h4>Dommages et objets perdus<\/h4>\n<p>Nous nous r\u00e9servons le droit de facturer au r\u00e9servataire tout dommage caus\u00e9 pendant le s\u00e9jour. Cela inclut la casse, les taches, les dommages aux meubles ou aux installations et \u00e9quipements. Tout dommage accidentel doit \u00eatre signal\u00e9 d\u00e8s que possible afin de minimiser les dommages et les co\u00fbts associ\u00e9s. La perte de cl\u00e9s entra\u00eene des frais de remplacement.<\/p>\n<p>Tout objet perdu ou oubli\u00e9 par les clients pendant un s\u00e9jour, s&#8217;il est retrouv\u00e9, sera conserv\u00e9 pendant une p\u00e9riode d&#8217;un mois. Bien que nous fassions de notre mieux pour rendre les objets perdus \u00e0 leurs propri\u00e9taires, nous n&#8217;acceptons pas la responsabilit\u00e9 de remplacer les objets perdus et nous encourageons les clients \u00e0 s&#8217;assurer qu&#8217;ils ont tous leurs objets avant de quitter la Masseria.<\/p>\n<h4>Articles vol\u00e9s<\/h4>\n<p>Toutes nos chambres sont \u00e9quip\u00e9es d&#8217;un coffre-fort. Il est de la responsabilit\u00e9 de chaque h\u00f4te de prot\u00e9ger ses objets de valeur. Nous ne pouvons pas \u00eatre tenus responsables de toute perte ou vol pendant votre s\u00e9jour.sont \u00e9quip\u00e9es d&#8217;un coffre-fort. Il est de la responsabilit\u00e9 de chaque client de prot\u00e9ger ses objets de valeur. Nous ne pouvons pas \u00eatre tenus responsables de toute perte ou de tout vol pendant votre s\u00e9jour.[\/vc_column_text]<div class=\"btn-wrapper text-center id_169d63281a90e71061529285   icon-left \" ><a href=\"https:\/\/www.dagilupi.com\/index.php\/rooms\/toute-la-masseria?lang=fr\"  class=\"btn btn-lg btn-accent btn-solid\" data-btn-text=\"Retour \u00e0 la masseria\">Retour \u00e0 la masseria<\/a><\/div>[\/vc_column][\/vc_row]<\/p>","protected":false},"excerpt":{"rendered":"<p>[vc_row full_width=&#8221;stretch_row&#8221; gap=&#8221;remove-gap&#8221; content_placement=&#8221;top&#8221; parallax_image=&#8221;2980&#8243; overlay_color=&#8221;rgba(0,0,0,0.22)&#8221; text_color=&#8221;#ffffff&#8221; css=&#8221;.vc_custom_1646915591399{padding-top: 280px !important;padding-bottom: 200px !important;}&#8221;][vc_column][\/vc_column][\/vc_row][vc_row gap=&#8221;&#8221; css=&#8221;.vc_custom_1674404806597{padding-top: 20px !important;}&#8221;][vc_column][vc_column_text]En louant la masseria, vous et les personnes qui vous accompagnent acceptez les termes et conditions suivants. Si vous avez des questions concernant votre r\u00e9servation, veuillez nous contacter \u00e0 l&#8217;avance \u00e0 info@dagilupi.com. Occupation Le nombre maximum de personnes s\u00e9journant dans[&#8230;] <a href=\"https:\/\/www.dagilupi.com\/index.php\/masseria-privatisee\/terms-and-conditions-masseria?lang=fr\" class=\"more-link\">Continue reading<\/a><\/p>\n","protected":false},"author":3,"featured_media":0,"parent":7737,"menu_order":0,"comment_status":"closed","ping_status":"closed","template":"","meta":[],"_links":{"self":[{"href":"https:\/\/www.dagilupi.com\/index.php\/wp-json\/wp\/v2\/pages\/7361"}],"collection":[{"href":"https:\/\/www.dagilupi.com\/index.php\/wp-json\/wp\/v2\/pages"}],"about":[{"href":"https:\/\/www.dagilupi.com\/index.php\/wp-json\/wp\/v2\/types\/page"}],"author":[{"embeddable":true,"href":"https:\/\/www.dagilupi.com\/index.php\/wp-json\/wp\/v2\/users\/3"}],"replies":[{"embeddable":true,"href":"https:\/\/www.dagilupi.com\/index.php\/wp-json\/wp\/v2\/comments?post=7361"}],"version-history":[{"count":6,"href":"https:\/\/www.dagilupi.com\/index.php\/wp-json\/wp\/v2\/pages\/7361\/revisions"}],"predecessor-version":[{"id":7795,"href":"https:\/\/www.dagilupi.com\/index.php\/wp-json\/wp\/v2\/pages\/7361\/revisions\/7795"}],"up":[{"embeddable":true,"href":"https:\/\/www.dagilupi.com\/index.php\/wp-json\/wp\/v2\/pages\/7737"}],"wp:attachment":[{"href":"https:\/\/www.dagilupi.com\/index.php\/wp-json\/wp\/v2\/media?parent=7361"}],"curies":[{"name":"wp","href":"https:\/\/api.w.org\/{rel}","templated":true}]}}