{"id":6010,"date":"2021-07-08T23:44:38","date_gmt":"2021-07-08T21:44:38","guid":{"rendered":"https:\/\/www.dagilupi.com\/index.php\/visit-and-enjoy"},"modified":"2021-07-08T23:44:40","modified_gmt":"2021-07-08T21:44:40","slug":"visit-and-enjoy","status":"publish","type":"page","link":"https:\/\/www.dagilupi.com\/index.php\/visit-and-enjoy?lang=de","title":{"rendered":"Visit and Enjoy"},"content":{"rendered":"<p>[vc_row full_width=&#8221;stretch_row&#8221; gap=&#8221;&#8221; parallax_image=&#8221;2529&#8243; overlay_color=&#8221;rgba(0,0,0,0.6)&#8221; text_color=&#8221;#ffffff&#8221; css=&#8221;.vc_custom_1561818305782{padding-top: 220px !important;padding-bottom: 140px !important;}&#8221;][vc_column]<div class=\"heading-with-separator text-center id_169f331622fd2b610807168   \"><div class=\"header-content\">\n\t\t\t<p class=\"h-subheading\"><\/p>\n\t\t\t<h1 class=\"heading  \" style=\"; letter-spacing: 0px; \">Von den Str\u00e4nden bis zur Gastronomie durch Kultur und Kunst, Lass dich f\u00fchren.<\/h1><\/div><\/div><div class=\"custom-styles\" data-styles=\".id_169f331622fd2b610807168 .heading-decorator-1:before, .id_169f331622fd2b610807168 .heading-decorator-1:after { border-color: }\"><\/div>[vc_column_text]<\/p>\n<p style=\"text-align: center;\">Damit Ihr Aufenthalt in Apulien zu einem unvergesslichen Erlebnis wird, haben wir Orte und Aktivit\u00e4ten f\u00fcr Sie ausgew\u00e4hlt.<\/p>\n<p>[\/vc_column_text][\/vc_column][\/vc_row][vc_row full_width=&#8221;stretch_row_content&#8221; gap=&#8221;remove-gap&#8221; equal_height=&#8221;yes&#8221; content_placement=&#8221;middle&#8221;][vc_column width=&#8221;2\/3&#8243; css=&#8221;.vc_custom_1584294625004{background-position: center !important;background-repeat: no-repeat !important;background-size: cover !important;}&#8221; el_class=&#8221;vc_hidden-xs vc_hidden-sm&#8221;]<div class=\"interactive-box  standard-box animate-text  active-hover open-lightbox\" data-sm-height=\"400\" data-lg-height=\"500\">\t\n\t\t\t\t\t<div class=\"interactive-img\" style=\"background-image: url(https:\/\/www.dagilupi.com\/wp-content\/uploads\/2019\/06\/IMG_20180417_144321-1024x1024.jpg);\"><\/div>\n\t\t\t\t\t<div class=\"box-overlay\" style=\"background: transparent\"><\/div>\t\n\t\t\t\t\t<div class=\"box-content\" style=\"align-items: center; justify-content: center; \">\n\t\t\t\t\t<\/div>\t\t\n\t\t\t\t\t<div class=\"icon-hover \" style=\"\"><div class=\"arrow-icon\"><i class=\"fa fa-angle-right\"><\/i><\/div><\/div>\n\t\t\t\t\t\n\t\t\t\t\t<a class=\"box-link\" href=\"https:\/\/www.dagilupi.com\/index.php\/recommadation\/beaches\"  ><\/a> \n\t\t\t\t<\/div>[\/vc_column][vc_column width=&#8221;1\/3&#8243;][vc_empty_space height=&#8221;120px&#8221; height2=&#8221;0&#8243; css=&#8221;.vc_custom_1545314682944{padding-right: 40px !important;padding-left: 40px !important;}&#8221;][vc_single_image image=&#8221;2533&#8243; img_size=&#8221;full&#8221; alignment=&#8221;center&#8221; el_class=&#8221;vc_hidden-md vc_hidden-lg&#8221; css=&#8221;.vc_custom_1561044574452{margin-bottom: 0px !important;}&#8221;]<div class=\"heading-with-separator text-center id_169f33162300d8757247499  vc_custom_1584294636767  offset-left-lg\"><div class=\"header-content\">\n\t\t\t<p class=\"h-subheading\"><\/p>\n\t\t\t<h4 class=\"heading  \" style=\"; letter-spacing: 0px; \">Unsere 5 sch\u00f6nsten Str\u00e4nde Apuliens<\/h4><\/div><\/div><div class=\"custom-styles\" data-styles=\".id_169f33162300d8757247499 .heading-decorator-1:before, .id_169f33162300d8757247499 .heading-decorator-1:after { border-color: }\"><\/div>[vc_column_text css=&#8221;.vc_custom_1625777201225{margin-bottom: 0px !important;padding-right: 60px !important;padding-bottom: 60px !important;padding-left: 60px !important;background-color: #ffffff !important;}&#8221; el_class=&#8221;offset-left-lg&#8221;]Mit 800 Kilometer K\u00fcste ist Apulien eine der Regionen Italiens, die den perfekten Sommerurlaub f\u00fcr jeden Geschmack m\u00f6glich macht:Breite und weite Sandstr\u00e4nde und aufregende Felsen, aus denen kleine Wasserb\u00e4che flie\u00dfen &#8211; es f\u00e4llt schwer, von der nat\u00fcrlichen Sch\u00f6nheit Apuliens nicht in Bann gezogen zu werden. Wir empfehlen Ihnen eine Route, auf der sie einige der sch\u00f6nsten Str\u00e4nde Apuliensaufsuchen. Wir verraten Ihnen unsere 5 Lieblingsstr\u00e4nde.<\/p>\n<p style=\"text-align: center;\"><a href=\"https:\/\/www.dagilupi.com\/index.php\/recommadation\/beaches\/?lang=de\" class=\"btn btn-md btn-accent btn-solid\" target=\"_self\" data-btn-text=\"Entdecke mehr\"><span class=\"btn-text\">Entdecke mehr<\/span><\/a><\/p>\n<p>[\/vc_column_text][vc_empty_space height=&#8221;120px&#8221; height2=&#8221;0&#8243;][\/vc_column][\/vc_row][vc_row full_width=&#8221;stretch_row_content&#8221; gap=&#8221;remove-gap&#8221; equal_height=&#8221;yes&#8221; content_placement=&#8221;middle&#8221;][vc_column width=&#8221;1\/3&#8243; el_class=&#8221;z-index-up&#8221;][vc_empty_space height=&#8221;120px&#8221; height2=&#8221;0&#8243; css=&#8221;.vc_custom_1545314682944{padding-right: 40px !important;padding-left: 40px !important;}&#8221;][vc_single_image image=&#8221;2534&#8243; img_size=&#8221;full&#8221; alignment=&#8221;center&#8221; el_class=&#8221;vc_hidden-md vc_hidden-lg&#8221; css=&#8221;.vc_custom_1561044947276{margin-bottom: 0px !important;}&#8221;]<div class=\"heading-with-separator text-center id_169f33162301091085666084  vc_custom_1584294707470  offset-right-lg\"><div class=\"header-content\">\n\t\t\t<p class=\"h-subheading\"><\/p>\n\t\t\t<h4 class=\"heading  \" style=\"; letter-spacing: 0px; \">Unsere 5  leckersten Rezepte Apuliens<\/h4><\/div><\/div><div class=\"custom-styles\" data-styles=\".id_169f33162301091085666084 .heading-decorator-1:before, .id_169f33162301091085666084 .heading-decorator-1:after { border-color: }\"><\/div>[vc_column_text css=&#8221;.vc_custom_1561904153780{margin-bottom: 0px !important;padding-right: 60px !important;padding-bottom: 60px !important;padding-left: 60px !important;background-color: #ffffff !important;}&#8221; el_class=&#8221;offset-right-lg&#8221;]Apulien hat eine reiche kulinarische Tradition. Die K\u00fcche basiert haupts\u00e4chlich auf nativem Oliven\u00f6l, das aus Oliven der Sorte &#8220;Coratina,&#8221; der apulischen Sorte par excellence<strong> (Link), gewonnen wird<\/strong>. Sowohl als W\u00fcrzmittel f\u00fcr die ber\u00fchmten <em>Friselle<\/em><strong>, <\/strong>sowie als Basis f\u00fcr Saucen und zum Kochen oder Braten. Die Rezepte sind meist einfach und heben die Reinheit und Frische der lokalen Produkte und Lebensmittel hervor. Wir bieten Ihnen eine kulinarische Reise durch die apulische Tradition von Gargano im S\u00fcden bis Salento an, die ganz im Zeichen der \u201eSonnenk\u00fcche\u201c steht.<\/p>\n<p style=\"text-align: center;\"><a href=\"https:\/\/www.dagilupi.com\/index.php\/recommadation\/food\/?lang=de\" class=\"btn btn-md btn-accent btn-solid\" target=\"_self\" data-btn-text=\"Entdecke mehr\"><span class=\"btn-text\">Entdecke mehr<\/span><\/a><\/p>\n<p>[\/vc_column_text][vc_empty_space height=&#8221;120px&#8221; height2=&#8221;0&#8243;][\/vc_column][vc_column width=&#8221;2\/3&#8243; css=&#8221;.vc_custom_1584294699671{background-position: center !important;background-repeat: no-repeat !important;background-size: cover !important;}&#8221; el_class=&#8221;vc_hidden-xs vc_hidden-sm&#8221;]<div class=\"interactive-box  standard-box animate-text  active-hover open-lightbox\" data-sm-height=\"400\" data-lg-height=\"500\">\t\n\t\t\t\t\t<div class=\"interactive-img\" style=\"background-image: url(https:\/\/www.dagilupi.com\/wp-content\/uploads\/2019\/06\/shutterstock_1256510782-1024x768.jpg);\"><\/div>\n\t\t\t\t\t<div class=\"box-overlay\" style=\"background: transparent\"><\/div>\t\n\t\t\t\t\t<div class=\"box-content\" style=\"align-items: center; justify-content: center; \">\n\t\t\t\t\t<\/div>\t\t\n\t\t\t\t\t<div class=\"icon-hover \" style=\"\"><div class=\"arrow-icon\"><i class=\"fa fa-angle-right\"><\/i><\/div><\/div>\n\t\t\t\t\t\n\t\t\t\t\t<a class=\"box-link\" href=\"https:\/\/www.dagilupi.com\/index.php\/recommadation\/food\"  ><\/a> \n\t\t\t\t<\/div>[\/vc_column][\/vc_row][vc_row full_width=&#8221;stretch_row_content&#8221; gap=&#8221;remove-gap&#8221; equal_height=&#8221;yes&#8221; content_placement=&#8221;middle&#8221; css=&#8221;.vc_custom_1584295094827{margin-top: 0px !important;margin-bottom: 0px !important;padding-top: 0px !important;padding-bottom: 0px !important;}&#8221;][vc_column parallax=&#8221;content-moving&#8221; width=&#8221;2\/3&#8243; css=&#8221;.vc_custom_1584294719505{background-position: center !important;background-repeat: no-repeat !important;background-size: cover !important;}&#8221; el_class=&#8221;vc_hidden-xs vc_hidden-sm&#8221;]<div class=\"interactive-box  standard-box animate-text  active-hover open-lightbox\" data-sm-height=\"400\" data-lg-height=\"500\">\t\n\t\t\t\t\t<div class=\"interactive-img\" style=\"background-image: url(https:\/\/www.dagilupi.com\/wp-content\/uploads\/2019\/06\/shutterstock_1334535791-1024x587.jpg);\"><\/div>\n\t\t\t\t\t<div class=\"box-overlay\" style=\"background: transparent\"><\/div>\t\n\t\t\t\t\t<div class=\"box-content\" style=\"align-items: center; justify-content: center; \">\n\t\t\t\t\t<\/div>\t\t\n\t\t\t\t\t<div class=\"icon-hover \" style=\"\"><div class=\"arrow-icon\"><i class=\"fa fa-angle-right\"><\/i><\/div><\/div>\n\t\t\t\t\t\n\t\t\t\t\t<a class=\"box-link\" href=\"https:\/\/www.dagilupi.com\/index.php\/recommadation\/the-5-most-beautiful-cathedrals-in-puglia\"  ><\/a> \n\t\t\t\t<\/div>[\/vc_column][vc_column width=&#8221;1\/3&#8243;][vc_empty_space height=&#8221;120px&#8221; height2=&#8221;0&#8243; css=&#8221;.vc_custom_1545314682944{padding-right: 40px !important;padding-left: 40px !important;}&#8221;][vc_single_image image=&#8221;2537&#8243; img_size=&#8221;full&#8221; alignment=&#8221;center&#8221; el_class=&#8221;vc_hidden-md vc_hidden-lg&#8221; css=&#8221;.vc_custom_1561046356152{margin-bottom: 0px !important;}&#8221;]<div class=\"heading-with-separator text-center id_169f331623072b1082224778  vc_custom_1584294768586  offset-left-lg\"><div class=\"header-content\">\n\t\t\t<p class=\"h-subheading\"><\/p>\n\t\t\t<h4 class=\"heading  \" style=\"; letter-spacing: 0px; \">Unsere 5 sch\u00f6nsten Kathedralen in Apulien<\/h4><\/div><\/div><div class=\"custom-styles\" data-styles=\".id_169f331623072b1082224778 .heading-decorator-1:before, .id_169f331623072b1082224778 .heading-decorator-1:after { border-color: }\"><\/div>[vc_column_text css=&#8221;.vc_custom_1562312920329{margin-bottom: 0px !important;padding-right: 60px !important;padding-bottom: 60px !important;padding-left: 60px !important;background-color: #ffffff !important;}&#8221; el_class=&#8221;offset-left-lg&#8221;]Zwischen den Kathedralen, die auf das Meer blicken, denen die auf hohen Felsen thronen und der die das zeitgen\u00f6ssische Werk eines weltweit bekannten Architekten ist haben wir eine Route durch Apulien f\u00fcr Sie vorbereitet, die es verdient erkundet zu werden.<\/p>\n<p style=\"text-align: center;\"><a href=\"https:\/\/www.dagilupi.com\/index.php\/recommadation\/the-5-most-beautiful-cathedrals-in-puglia\/?lang=de\" class=\"btn btn-md btn-accent btn-solid\" target=\"_self\" data-btn-text=\"Entdecke mehr\"><span class=\"btn-text\">Entdecke mehr<\/span><\/a><\/p>\n<p>[\/vc_column_text][vc_empty_space height=&#8221;120px&#8221; height2=&#8221;0&#8243;][\/vc_column][\/vc_row][vc_row full_width=&#8221;stretch_row_content&#8221; gap=&#8221;remove-gap&#8221; equal_height=&#8221;yes&#8221; content_placement=&#8221;middle&#8221;][vc_column width=&#8221;1\/3&#8243; el_class=&#8221;z-index-up&#8221;][vc_empty_space height=&#8221;120px&#8221; height2=&#8221;0&#8243; css=&#8221;.vc_custom_1545314682944{padding-right: 40px !important;padding-left: 40px !important;}&#8221;][vc_single_image image=&#8221;2540&#8243; img_size=&#8221;full&#8221; alignment=&#8221;center&#8221; el_class=&#8221;vc_hidden-md vc_hidden-lg&#8221; css=&#8221;.vc_custom_1561224898123{margin-bottom: 0px !important;}&#8221;]<div class=\"heading-with-separator text-center id_169f3316230758345565936  vc_custom_1584294861301  offset-right-lg\"><div class=\"header-content\">\n\t\t\t<p class=\"h-subheading\"><\/p>\n\t\t\t<h4 class=\"heading  \" style=\"; letter-spacing: 0px; \">Zeitgen\u00f6ssische Kunst in Apulien<\/h4><\/div><\/div><div class=\"custom-styles\" data-styles=\".id_169f3316230758345565936 .heading-decorator-1:before, .id_169f3316230758345565936 .heading-decorator-1:after { border-color: }\"><\/div>[vc_column_text css=&#8221;.vc_custom_1562312939708{margin-bottom: 0px !important;padding-right: 60px !important;padding-bottom: 60px !important;padding-left: 60px !important;background-color: #ffffff !important;}&#8221; el_class=&#8221;offset-right-lg&#8221;]Apulien ist eine Region, die reich an Geschichte und antiken Denkm\u00e4lern ist, aber auch die zeitgen\u00f6ssische Kunst hat einen fruchtbaren Boden gefunden, auf dem sie Wurzeln geschlagen hat. Festivals und Ausstellungen, die gro\u00dfen K\u00fcnstlern gewidmet sind, k\u00f6nnen Sie in der ganzen Region finden. Es gibt auch Galerien und Museen, die sich der zeitgen\u00f6ssischen Kunst widmen und die teilweise internationales Renommee genie\u00dfen. Interessant sind auch die Werke einer Reihe von K\u00fcnstlern aus Apulien mit gro\u00dfer regionaler oder internationaler Bedeutung.<\/p>\n<p>Die Route, die wir Ihnen empfehlen, beginnt im Norden von Apulien und erreicht den \u00e4u\u00dfersten S\u00fcden, mit Halt im Zentrum, dem Museum f\u00fcr zeitgen\u00f6ssische Kunst, das dem gro\u00dfen apulischen K\u00fcnstler Pino Pascali gewidmet ist.<\/p>\n<p style=\"text-align: center;\"><a href=\"https:\/\/www.dagilupi.com\/index.php\/recommadation\/contemporary-art-in-puglia\/?lang=de\" class=\"btn btn-md btn-accent btn-solid\" target=\"_self\" data-btn-text=\"Entdecke mehr\"><span class=\"btn-text\">Entdecke mehr<\/span><\/a><\/p>\n<p>[\/vc_column_text][vc_empty_space height=&#8221;120px&#8221; height2=&#8221;0&#8243;][\/vc_column][vc_column parallax=&#8221;content-moving&#8221; width=&#8221;2\/3&#8243; css=&#8221;.vc_custom_1584294779835{background-position: center !important;background-repeat: no-repeat !important;background-size: cover !important;}&#8221; el_class=&#8221;vc_hidden-xs vc_hidden-sm&#8221;]<div class=\"interactive-box  standard-box animate-text  active-hover open-lightbox\" data-sm-height=\"400\" data-lg-height=\"500\">\t\n\t\t\t\t\t<div class=\"interactive-img\" style=\"background-image: url(https:\/\/www.dagilupi.com\/wp-content\/uploads\/2019\/06\/20190117_163415265_iOS.jpg);\"><\/div>\n\t\t\t\t\t<div class=\"box-overlay\" style=\"background: transparent\"><\/div>\t\n\t\t\t\t\t<div class=\"box-content\" style=\"align-items: center; justify-content: center; \">\n\t\t\t\t\t<\/div>\t\t\n\t\t\t\t\t<div class=\"icon-hover \" style=\"\"><div class=\"arrow-icon\"><i class=\"fa fa-angle-right\"><\/i><\/div><\/div>\n\t\t\t\t\t\n\t\t\t\t\t<a class=\"box-link\" href=\"https:\/\/www.dagilupi.com\/index.php\/recommadation\/contemporary-art-in-puglia\"  ><\/a> \n\t\t\t\t<\/div>[\/vc_column][\/vc_row]<\/p>","protected":false},"excerpt":{"rendered":"<p>[vc_row full_width=&#8221;stretch_row&#8221; gap=&#8221;&#8221; parallax_image=&#8221;2529&#8243; overlay_color=&#8221;rgba(0,0,0,0.6)&#8221; text_color=&#8221;#ffffff&#8221; css=&#8221;.vc_custom_1561818305782{padding-top: 220px !important;padding-bottom: 140px !important;}&#8221;][vc_column][vc_column_text] Damit Ihr Aufenthalt in Apulien zu einem unvergesslichen Erlebnis wird, haben wir Orte und Aktivit\u00e4ten f\u00fcr Sie ausgew\u00e4hlt. [\/vc_column_text][\/vc_column][\/vc_row][vc_row full_width=&#8221;stretch_row_content&#8221; gap=&#8221;remove-gap&#8221; equal_height=&#8221;yes&#8221; content_placement=&#8221;middle&#8221;][vc_column width=&#8221;2\/3&#8243; css=&#8221;.vc_custom_1584294625004{background-position: center !important;background-repeat: no-repeat !important;background-size: cover !important;}&#8221; el_class=&#8221;vc_hidden-xs vc_hidden-sm&#8221;][\/vc_column][vc_column width=&#8221;1\/3&#8243;][vc_empty_space height=&#8221;120px&#8221; height2=&#8221;0&#8243; css=&#8221;.vc_custom_1545314682944{padding-right: 40px !important;padding-left: 40px !important;}&#8221;][vc_single_image image=&#8221;2533&#8243; img_size=&#8221;full&#8221; alignment=&#8221;center&#8221;[&#8230;] <a href=\"https:\/\/www.dagilupi.com\/index.php\/visit-and-enjoy?lang=de\" class=\"more-link\">Continue reading<\/a><\/p>\n","protected":false},"author":3,"featured_media":0,"parent":0,"menu_order":0,"comment_status":"closed","ping_status":"closed","template":"","meta":[],"_links":{"self":[{"href":"https:\/\/www.dagilupi.com\/index.php\/wp-json\/wp\/v2\/pages\/6010"}],"collection":[{"href":"https:\/\/www.dagilupi.com\/index.php\/wp-json\/wp\/v2\/pages"}],"about":[{"href":"https:\/\/www.dagilupi.com\/index.php\/wp-json\/wp\/v2\/types\/page"}],"author":[{"embeddable":true,"href":"https:\/\/www.dagilupi.com\/index.php\/wp-json\/wp\/v2\/users\/3"}],"replies":[{"embeddable":true,"href":"https:\/\/www.dagilupi.com\/index.php\/wp-json\/wp\/v2\/comments?post=6010"}],"version-history":[{"count":2,"href":"https:\/\/www.dagilupi.com\/index.php\/wp-json\/wp\/v2\/pages\/6010\/revisions"}],"predecessor-version":[{"id":6012,"href":"https:\/\/www.dagilupi.com\/index.php\/wp-json\/wp\/v2\/pages\/6010\/revisions\/6012"}],"wp:attachment":[{"href":"https:\/\/www.dagilupi.com\/index.php\/wp-json\/wp\/v2\/media?parent=6010"}],"curies":[{"name":"wp","href":"https:\/\/api.w.org\/{rel}","templated":true}]}}