{"id":5693,"date":"2021-06-07T12:09:57","date_gmt":"2021-06-07T10:09:57","guid":{"rendered":"https:\/\/www.dagilupi.com\/index.php\/experiences-3\/wellness"},"modified":"2025-04-21T18:47:57","modified_gmt":"2025-04-21T16:47:57","slug":"e-bike","status":"publish","type":"page","link":"https:\/\/www.dagilupi.com\/index.php\/experiences\/e-bike?lang=de","title":{"rendered":"E-bike"},"content":{"rendered":"<p>[vc_row full_width=&#8221;stretch_row&#8221; gap=&#8221;&#8221; parallax_image=&#8221;8185&#8243; overlay_color=&#8221;rgba(255,255,255,0.29)&#8221; css=&#8221;.vc_custom_1745253819320{padding-top: 220px !important;padding-bottom: 140px !important;}&#8221;][vc_column text_color=&#8221;#ffffff&#8221;]<div class=\"heading-with-separator text-center id_169dfef61d7e431193612477   \"><div class=\"header-content\">\n\t\t\t<p class=\"h-subheading\"><\/p>\n\t\t\t<h3 class=\"heading  \" style=\"; letter-spacing: 0px; \">E-Bike mieten<br \/>\nin Zusammenarbeit mit<br \/>\nOstuni Bike<\/h3><\/div><\/div><div class=\"custom-styles\" data-styles=\".id_169dfef61d7e431193612477 .heading-decorator-1:before, .id_169dfef61d7e431193612477 .heading-decorator-1:after { border-color: }\"><\/div>[\/vc_column][\/vc_row][vc_row full_width=&#8221;stretch_row_content_no_spaces&#8221; gap=&#8221;&#8221; equal_height=&#8221;yes&#8221; content_placement=&#8221;middle&#8221;][vc_column parallax_image=&#8221;8181&#8243; width=&#8221;2\/3&#8243; css=&#8221;.vc_custom_1745253812217{background-position: center !important;background-repeat: no-repeat !important;background-size: cover !important;}&#8221; el_class=&#8221;vc_hidden-xs vc_hidden-sm&#8221;][\/vc_column][vc_column width=&#8221;1\/3&#8243;][vc_empty_space height=&#8221;80px&#8221; height2=&#8221;0&#8243; css=&#8221;.vc_custom_1582990723730{padding-right: 40px !important;padding-left: 40px !important;}&#8221;][vc_single_image image=&#8221;8181&#8243; img_size=&#8221;full&#8221; alignment=&#8221;center&#8221; el_class=&#8221;vc_hidden-md vc_hidden-lg&#8221; css=&#8221;.vc_custom_1745244827009{margin-bottom: 0px !important;}&#8221;]<div class=\"heading-with-separator text-center id_169dfef61d7e882034870660  vc_custom_1745249682977  offset-left-lg\"><div class=\"header-content\">\n\t\t\t<p class=\"h-subheading\"><\/p>\n\t\t\t<h4 class=\"heading  \" style=\"; letter-spacing: 0px; \">E-bike &amp; E-tour<\/h4><\/div><\/div><div class=\"custom-styles\" data-styles=\".id_169dfef61d7e882034870660 .heading-decorator-1:before, .id_169dfef61d7e882034870660 .heading-decorator-1:after { border-color: }\"><\/div>[vc_column_text css=&#8221;.vc_custom_1745253931895{margin-bottom: 0px !important;padding-right: 60px !important;padding-bottom: 60px !important;padding-left: 60px !important;background-color: #ffffff !important;}&#8221; el_class=&#8221;offset-left-lg&#8221;]Erkunden Sie Ostuni und seine Umgebung mit dem E-Bike mit Ostuni Bike.<\/p>\n<p>Entdecken Sie die Magie von Ostuni auf umweltfreundliche und aufregende Weise.<\/p>\n<p>Steigen Sie auf ein Elektrofahrrad und fahren Sie durch die charmanten Gassen, die reiche Architektur und das pulsierende lokale Leben der Wei\u00dfen Stadt.<\/p>\n<p>Wagen Sie sich in die malerische Landschaft auf alten Pfaden durch die Ebene der monumentalen Olivenb\u00e4ume &#8211; jahrhundertealte H\u00fcter unseres Landes. Auf der Suche nach dem Meer? Folgen Sie dem K\u00fcstenradweg, um versteckte Buchten, kristallklares Wasser und atemberaubende Ausblicke entlang der Adriak\u00fcste zu erreichen.<\/p>\n<p>Ein unvergessliches Erlebnis, das Natur, Geschichte und lokalen Charme kombiniert &#8211; in Ihrem eigenen Tempo.[\/vc_column_text][vc_empty_space height=&#8221;80px&#8221; height2=&#8221;0&#8243;][\/vc_column][\/vc_row][vc_row full_width=&#8221;stretch_row_content_no_spaces&#8221; gap=&#8221;&#8221; equal_height=&#8221;yes&#8221; content_placement=&#8221;middle&#8221; disable_element=&#8221;yes&#8221;][vc_column width=&#8221;1\/3&#8243; el_class=&#8221;z-index-up&#8221;][vc_empty_space height=&#8221;80px&#8221; height2=&#8221;0&#8243; css=&#8221;.vc_custom_1582990759638{padding-right: 40px !important;padding-left: 40px !important;}&#8221;][vc_single_image image=&#8221;2480&#8243; img_size=&#8221;full&#8221; alignment=&#8221;center&#8221; el_class=&#8221;vc_hidden-md vc_hidden-lg&#8221; css=&#8221;.vc_custom_1582821378247{margin-bottom: 0px !important;}&#8221;]<div class=\"heading-with-separator text-center id_169dfef61d7ea51724973567  vc_custom_1582821479540  offset-right-lg\"><div class=\"header-content\">\n\t\t\t<p class=\"h-subheading\"><\/p>\n\t\t\t<h4 class=\"heading  \" style=\"; letter-spacing: 0px; \">Massagen aus aller Welt<\/h4><\/div><\/div><div class=\"custom-styles\" data-styles=\".id_169dfef61d7ea51724973567 .heading-decorator-1:before, .id_169dfef61d7ea51724973567 .heading-decorator-1:after { border-color: }\"><\/div>[vc_column_text css=&#8221;.vc_custom_1618581270294{margin-bottom: 0px !important;padding-right: 60px !important;padding-bottom: 60px !important;padding-left: 60px !important;background-color: #ffffff !important;}&#8221; el_class=&#8221;offset-right-lg&#8221;]<\/p>\n<p style=\"text-align: center;\"><strong>Lymphatic drainage massage<br \/>\n<a href=\"https:\/\/spachezvous.it\/servizi\/massaggio-linfodrenante-vodder\/\" class=\"btn btn-md btn-accent btn-solid\" target=\"_self\" data-btn-text=\"Book here\"><span class=\"btn-text\">Book here<\/span><\/a><\/strong><\/p>\n<p style=\"text-align: center;\"><strong>Svedish classic massage<\/strong><br \/>\n<strong><a href=\"https:\/\/spachezvous.it\/servizi\/massaggio-classico-svedese\/\" class=\"btn btn-md btn-accent btn-solid\" target=\"_self\" data-btn-text=\"Book here\"><span class=\"btn-text\">Book here<\/span><\/a><\/strong><\/p>\n<p style=\"text-align: center;\"><strong>Californian massage<br \/>\n<\/strong><strong><a href=\"https:\/\/spachezvous.it\/servizi\/massaggio-californiano\/\" class=\"btn btn-md btn-accent btn-solid\" target=\"_self\" data-btn-text=\"Book here\"><span class=\"btn-text\">Book here<\/span><\/a><\/strong><\/p>\n<p style=\"text-align: center;\"><strong>Connective massage<br \/>\n<a href=\"https:\/\/spachezvous.it\/servizi\/massaggio-connettivale\/\" class=\"btn btn-md btn-accent btn-solid\" target=\"_self\" data-btn-text=\"Book here\"><span class=\"btn-text\">Book here<\/span><\/a><\/strong><\/p>\n<p style=\"text-align: center;\"><strong>Body scrub &amp; steam bath swedana<\/strong><strong><br \/>\n<strong><a href=\"https:\/\/spachezvous.it\/servizi\/scrub-corpo-e-bagno-di-vapore-swedana\/\" class=\"btn btn-md btn-accent btn-solid\" target=\"_self\" data-btn-text=\"Book here\"><span class=\"btn-text\">Book here<\/span><\/a><\/strong><\/strong><\/p>\n<p><em>in your room or under the trees<\/em>[\/vc_column_text][vc_empty_space height=&#8221;80px&#8221; height2=&#8221;0&#8243;][\/vc_column][vc_column parallax_image=&#8221;2480&#8243; width=&#8221;2\/3&#8243; css=&#8221;.vc_custom_1582980276597{background-position: center !important;background-repeat: no-repeat !important;background-size: cover !important;}&#8221; el_class=&#8221;vc_hidden-xs vc_hidden-sm&#8221;][\/vc_column][\/vc_row][vc_row][vc_column]<div class=\" vc_custom_1650490511210\"><div class=\"rokka-buttons-container  space\" style=\"justify-content: flex-start; align-items: center\"><div class=\"btn-wrapper text-center id_169dfef61d7f6184645270   icon-left \" ><a href=\"https:\/\/www.dagilupi.com\/index.php\/experiences?lang=de\"  class=\"btn btn-md btn-accent btn-solid\" data-btn-text=\"zur\u00fcck zur den Erlebnissen\">zur\u00fcck zur den Erlebnissen<\/a><\/div><div class=\"btn-wrapper text-center id_169dfef61d82b01558427354   icon-left \" ><a href=\"https:\/\/www.dagilupi.com\/index.php\/our-rooms?lang=de\"  class=\"btn btn-md btn-accent btn-solid\" data-btn-text=\"zur\u00fcck zu den Schlafzimmern\">zur\u00fcck zu den Schlafzimmern<\/a><\/div><\/div><\/div>[\/vc_column][\/vc_row]<\/p>","protected":false},"excerpt":{"rendered":"<p>[vc_row full_width=&#8221;stretch_row&#8221; gap=&#8221;&#8221; parallax_image=&#8221;8185&#8243; overlay_color=&#8221;rgba(255,255,255,0.29)&#8221; css=&#8221;.vc_custom_1745253819320{padding-top: 220px !important;padding-bottom: 140px !important;}&#8221;][vc_column text_color=&#8221;#ffffff&#8221;][\/vc_column][\/vc_row][vc_row full_width=&#8221;stretch_row_content_no_spaces&#8221; gap=&#8221;&#8221; equal_height=&#8221;yes&#8221; content_placement=&#8221;middle&#8221;][vc_column parallax_image=&#8221;8181&#8243; width=&#8221;2\/3&#8243; css=&#8221;.vc_custom_1745253812217{background-position: center !important;background-repeat: no-repeat !important;background-size: cover !important;}&#8221; el_class=&#8221;vc_hidden-xs vc_hidden-sm&#8221;][\/vc_column][vc_column width=&#8221;1\/3&#8243;][vc_empty_space height=&#8221;80px&#8221; height2=&#8221;0&#8243; css=&#8221;.vc_custom_1582990723730{padding-right: 40px !important;padding-left: 40px !important;}&#8221;][vc_single_image image=&#8221;8181&#8243; img_size=&#8221;full&#8221; alignment=&#8221;center&#8221; el_class=&#8221;vc_hidden-md vc_hidden-lg&#8221; css=&#8221;.vc_custom_1745244827009{margin-bottom: 0px !important;}&#8221;][vc_column_text css=&#8221;.vc_custom_1745253931895{margin-bottom: 0px !important;padding-right: 60px !important;padding-bottom: 60px !important;padding-left: 60px !important;background-color: #ffffff !important;}&#8221; el_class=&#8221;offset-left-lg&#8221;]Erkunden Sie[&#8230;] <a href=\"https:\/\/www.dagilupi.com\/index.php\/experiences\/e-bike?lang=de\" class=\"more-link\">Continue reading<\/a><\/p>\n","protected":false},"author":3,"featured_media":0,"parent":4208,"menu_order":0,"comment_status":"closed","ping_status":"closed","template":"","meta":[],"_links":{"self":[{"href":"https:\/\/www.dagilupi.com\/index.php\/wp-json\/wp\/v2\/pages\/5693"}],"collection":[{"href":"https:\/\/www.dagilupi.com\/index.php\/wp-json\/wp\/v2\/pages"}],"about":[{"href":"https:\/\/www.dagilupi.com\/index.php\/wp-json\/wp\/v2\/types\/page"}],"author":[{"embeddable":true,"href":"https:\/\/www.dagilupi.com\/index.php\/wp-json\/wp\/v2\/users\/3"}],"replies":[{"embeddable":true,"href":"https:\/\/www.dagilupi.com\/index.php\/wp-json\/wp\/v2\/comments?post=5693"}],"version-history":[{"count":15,"href":"https:\/\/www.dagilupi.com\/index.php\/wp-json\/wp\/v2\/pages\/5693\/revisions"}],"predecessor-version":[{"id":8253,"href":"https:\/\/www.dagilupi.com\/index.php\/wp-json\/wp\/v2\/pages\/5693\/revisions\/8253"}],"up":[{"embeddable":true,"href":"https:\/\/www.dagilupi.com\/index.php\/wp-json\/wp\/v2\/pages\/4208"}],"wp:attachment":[{"href":"https:\/\/www.dagilupi.com\/index.php\/wp-json\/wp\/v2\/media?parent=5693"}],"curies":[{"name":"wp","href":"https:\/\/api.w.org\/{rel}","templated":true}]}}