{"id":5499,"date":"2021-04-14T18:52:54","date_gmt":"2021-04-14T16:52:54","guid":{"rendered":"https:\/\/www.dagilupi.com\/index.php\/experiences-3\/yoga"},"modified":"2025-04-21T18:46:11","modified_gmt":"2025-04-21T16:46:11","slug":"yoga","status":"publish","type":"page","link":"https:\/\/www.dagilupi.com\/index.php\/experiences\/yoga?lang=de","title":{"rendered":"Massagen"},"content":{"rendered":"<p>[vc_row full_width=&#8221;stretch_row&#8221; gap=&#8221;&#8221; parallax_image=&#8221;5478&#8243; overlay_color=&#8221;rgba(0,0,0,0.23)&#8221; css=&#8221;.vc_custom_1618582811693{padding-top: 220px !important;padding-bottom: 140px !important;}&#8221;][vc_column text_color=&#8221;#ffffff&#8221;]<div class=\"heading-with-separator text-center id_169e1a7502733e1764989862   \"><div class=\"header-content\">\n\t\t\t<p class=\"h-subheading\"><\/p>\n\t\t\t<h3 class=\"heading  \" style=\"; letter-spacing: 0px; \">Massagen<\/h3><\/div><\/div><div class=\"custom-styles\" data-styles=\".id_169e1a7502733e1764989862 .heading-decorator-1:before, .id_169e1a7502733e1764989862 .heading-decorator-1:after { border-color: }\"><\/div>[\/vc_column][\/vc_row][vc_row full_width=&#8221;stretch_row_content_no_spaces&#8221; gap=&#8221;&#8221; equal_height=&#8221;yes&#8221; content_placement=&#8221;middle&#8221; disable_element=&#8221;yes&#8221;][vc_column parallax_image=&#8221;4762&#8243; width=&#8221;2\/3&#8243; css=&#8221;.vc_custom_1618416052049{background-position: center !important;background-repeat: no-repeat !important;background-size: cover !important;}&#8221; el_class=&#8221;vc_hidden-xs vc_hidden-sm&#8221;][\/vc_column][vc_column width=&#8221;1\/3&#8243;][vc_empty_space height=&#8221;80px&#8221; height2=&#8221;0&#8243; css=&#8221;.vc_custom_1582990723730{padding-right: 40px !important;padding-left: 40px !important;}&#8221;][vc_single_image image=&#8221;4762&#8243; img_size=&#8221;full&#8221; alignment=&#8221;center&#8221; el_class=&#8221;vc_hidden-md vc_hidden-lg&#8221; css=&#8221;.vc_custom_1618416030299{margin-bottom: 0px !important;}&#8221;]<div class=\"heading-with-separator text-center id_169e1a75027387906588550  vc_custom_1650463923775  offset-left-lg\"><div class=\"header-content\">\n\t\t\t<p class=\"h-subheading\"><\/p>\n\t\t\t<h4 class=\"heading  \" style=\"; letter-spacing: 0px; \">Yoga<\/h4><\/div><\/div><div class=\"custom-styles\" data-styles=\".id_169e1a75027387906588550 .heading-decorator-1:before, .id_169e1a75027387906588550 .heading-decorator-1:after { border-color: }\"><\/div>[vc_column_text css=&#8221;.vc_custom_1677171183775{margin-bottom: 0px !important;padding-bottom: 60px !important;padding-left: 30px !important;background-color: #ffffff !important;}&#8221; el_class=&#8221;offset-left-lg&#8221;]Stefania Mastruzzo unterrichtet Hatha Yoga, Yin Yoga und Yoga Nidra. Sie ist auch ein Ern\u00e4hrungscoach und folgt den Prinzipien der Ayurveda-Medizin. Sie bietet auch regressive Hypnose-Sitzungen an und ist au\u00dferdem eine Vermittlerin von MDT-Energien des neuen Paradigmas, die Einzelsitzungen und Seminare anbietet.<\/p>\n<p><strong>Yoga<\/strong><br \/>\nPersonalisierte Yogakurse, die den Anforderungen und Bed\u00fcrfnissen der G\u00e4ste entsprechen. Der Kurs kann in Ihrem Zimmer oder im Freien, unter den jahrhundertealten Olivenb\u00e4umen, oder in einer anderen suggestiven\/zauberhaften Ecke der Masseria stattfinden.<\/p>\n<p>Sie k\u00f6nnen zwischen verschiedenen Yogastilen w\u00e4hlen, oder sich vom Lehrer beraten lassen.<\/p>\n<p><strong>Hatha Yoga Klassisch<\/strong>. F\u00fcr eine aktive und vollst\u00e4ndige Praxis. Dieser Kurs beinhaltet auch Pranayama (Atem\u00fcbungen, die den Geist beruhigen und Emotionen befreien) und Yoga Nidra, (bewusster Schlaf, f\u00fcr eine totale Entspannung von Sinnen, K\u00f6rper und Geist)<br \/>\nYin Yoga. Langsame P-T\u00e4uschung, die es erlaubt, auf das tiefe Bindegewebe einzuwirken, die Bewegung in der Nicht-Bewegung und den Fluss der Energie durch den K\u00f6rper zu sp\u00fcren.<br \/>\n<strong>Yoga Nidra<\/strong>. Bewusstes Schlaf-Yoga, f\u00fcr eine totale Entspannung von Sinnen, K\u00f6rper und Geist<\/p>\n<p>Die Yogastunden haben eine Mindestdauer von 90 Minuten und k\u00f6nnen auf Wunsch folgendes beinhalten<\/p>\n<p>Pranayama, Atem\u00fcbungen, die den Geist beruhigen und die Emotionen befreien<br \/>\nGef\u00fchrte oder stille Meditation<\/p>\n<p>35\u20ac pro Person<br \/>\n65\u20ac f\u00fcr 2 Personen<\/p>\n<p>75\u20ac pro 3 Personen<br \/>\n20\u20ac pro Person bei bis zu 4 Personen<\/p>\n<p>Dauer: 90 Minuten[\/vc_column_text][vc_empty_space height=&#8221;80px&#8221; height2=&#8221;0&#8243;][\/vc_column][\/vc_row][vc_row full_width=&#8221;stretch_row_content_no_spaces&#8221; gap=&#8221;&#8221; equal_height=&#8221;yes&#8221; content_placement=&#8221;middle&#8221;][vc_column width=&#8221;1\/3&#8243; el_class=&#8221;z-index-up&#8221;][vc_empty_space height=&#8221;80px&#8221; height2=&#8221;0&#8243; css=&#8221;.vc_custom_1582990759638{padding-right: 40px !important;padding-left: 40px !important;}&#8221;][vc_single_image image=&#8221;4810&#8243; img_size=&#8221;full&#8221; alignment=&#8221;center&#8221; el_class=&#8221;vc_hidden-md vc_hidden-lg&#8221; css=&#8221;.vc_custom_1618416112493{margin-bottom: 0px !important;}&#8221;]<div class=\"heading-with-separator text-center id_169e1a750273a51496588400  vc_custom_1745253137682  offset-right-lg\"><div class=\"header-content\">\n\t\t\t<p class=\"h-subheading\"><\/p>\n\t\t\t<h4 class=\"heading  \" style=\"; letter-spacing: 0px; \">Massagen<\/h4><\/div><\/div><div class=\"custom-styles\" data-styles=\".id_169e1a750273a51496588400 .heading-decorator-1:before, .id_169e1a750273a51496588400 .heading-decorator-1:after { border-color: }\"><\/div>[vc_column_text css=&#8221;.vc_custom_1745253121763{margin-bottom: 0px !important;padding-right: 60px !important;padding-bottom: 60px !important;background-color: #ffffff !important;}&#8221; el_class=&#8221;offset-right-lg&#8221;]<strong>Lomi Lomi &#8211; die hawaiianische Massage<\/strong><br \/>\nEine uralte Massage, die ihren Ursprung in Hawaii hat. Sie wurde nur den K\u00f6nigen und Kriegern vor der Schlacht gew\u00e4hrt. Es handelt sich um eine sehr tiefe Massage mit gro\u00dfen Bewegungen, die Ihnen das Gef\u00fchl geben, dass sich eine Welle \u00fcber Ihren K\u00f6rper bewegt.<\/p>\n<p><strong>Kalifornische Massage<\/strong><br \/>\nEine besondere Art der Massage, die in den sp\u00e4ten 60er Jahren in Kalifornien entwickelt wurde. Manchmal wird sie auch psychosomatische Massage, sensorische Massage oder Esalen-Massage genannt. Umh\u00fcllende, flie\u00dfende, entspannende Ber\u00fchrungs- und Unterst\u00fctzungsman\u00f6ver, die dem Empf\u00e4nger das Gef\u00fchl geben, umarmt und umh\u00fcllt zu werden.<\/p>\n<p><strong>Lymphdrainage-Massage<\/strong><br \/>\nEs handelt sich um eine sanfte Massage, die die Bewegung der Lymphfl\u00fcssigkeit im K\u00f6rper anregt.<\/p>\n<p><strong>Dekontrahierende oder schwedische Massage<\/strong><br \/>\nMassage, die mit mittlerem Druck auf den kontrahierten oder problematischen Muskelbereich angewendet wird, um den Muskel zu entknoten und zu entspannen und um<br \/>\nSchmerzen zu lindern.<\/p>\n<p><strong>Preis f\u00fcr jede Massage:<\/strong><br \/>\n60 Minuten 80\u20ac &#8211; 90 Minuten 100\u20ac<\/p>\n<p><strong>Express-Massage<\/strong><br \/>\nR\u00fccken, Nacken und Schultern, oder Beine und F\u00fc\u00dfe. &#8211; 30 Minuten 40\u20ac<\/p>\n<p><strong>Paarmassage<\/strong><br \/>\nAuswahl einer beliebigen Massage (von zwei Therapeuten durchgef\u00fchrt) &#8211; 60 Minuten &#8211; 160\u20ac &#8211; 90 Minuten &#8211; 200\u20ac<\/p>\n<p><strong>Stornierungsgeb\u00fchr<\/strong>:<br \/>\nBei Stornierungen innerhalb von 24 Stunden berechnen wir 50%. 100% f\u00fcr Stornierungen in letzter Minute[\/vc_column_text][vc_empty_space height=&#8221;80px&#8221; height2=&#8221;0&#8243;][\/vc_column][vc_column parallax_image=&#8221;4806&#8243; width=&#8221;2\/3&#8243; css=&#8221;.vc_custom_1618416131885{background-position: center !important;background-repeat: no-repeat !important;background-size: cover !important;}&#8221; el_class=&#8221;vc_hidden-xs vc_hidden-sm&#8221;][\/vc_column][\/vc_row][vc_row full_width=&#8221;stretch_row_content_no_spaces&#8221; gap=&#8221;&#8221; equal_height=&#8221;yes&#8221; content_placement=&#8221;middle&#8221; disable_element=&#8221;yes&#8221; css=&#8221;.vc_custom_1745253150603{margin-top: 0px !important;margin-bottom: 0px !important;padding-top: 0px !important;padding-bottom: 0px !important;}&#8221;][vc_column parallax_image=&#8221;6435&#8243; width=&#8221;2\/3&#8243; css=&#8221;.vc_custom_1645634883051{background-position: center !important;background-repeat: no-repeat !important;background-size: cover !important;}&#8221; el_class=&#8221;vc_hidden-xs vc_hidden-sm&#8221;][\/vc_column][vc_column width=&#8221;1\/3&#8243;][vc_empty_space height=&#8221;120px&#8221; height2=&#8221;0&#8243; css=&#8221;.vc_custom_1545314682944{padding-right: 40px !important;padding-left: 40px !important;}&#8221;][vc_single_image image=&#8221;4003&#8243; img_size=&#8221;full&#8221; alignment=&#8221;center&#8221; el_class=&#8221;vc_hidden-md vc_hidden-lg&#8221; css=&#8221;.vc_custom_1618416180266{margin-bottom: 0px !important;}&#8221;]<div class=\"heading-with-separator text-center id_169e1a750273c0774662364  vc_custom_1618415327595  offset-left-lg\"><div class=\"header-content\">\n\t\t\t<p class=\"h-subheading\"><\/p>\n\t\t\t<h4 class=\"heading  \" style=\"; letter-spacing: 0px; \">Holistic Itinerary<\/h4><\/div><\/div><div class=\"custom-styles\" data-styles=\".id_169e1a750273c0774662364 .heading-decorator-1:before, .id_169e1a750273c0774662364 .heading-decorator-1:after { border-color: }\"><\/div>[vc_column_text css=&#8221;.vc_custom_1618418072800{margin-bottom: 0px !important;padding-bottom: 60px !important;padding-left: 30px !important;background-color: #ffffff !important;}&#8221; el_class=&#8221;offset-left-lg&#8221;]Die Sensibilit\u00e4t von Stefania Mastruzzo, unserer ganzheitlichen Therapeutin, wird Sie leiten und Sie auf einer inneren ganzheitlichen Reise begleiten, im Rhythmus der Jahreszeiten, f\u00fcr eine tiefe Verbindung mit der umgebenden Natur und um das Gleichgewicht und die Harmonie von K\u00f6rper und Geist wieder zu erlangen:<\/p>\n<p>Programm-Vorschlag<\/p>\n<p>Das Programm wird ganz auf die Bed\u00fcrfnisse und die Dauer des Aufenthaltes abgestimmt. Wir bieten Ihnen ein Vorgespr\u00e4ch mit dem Therapeuten vor Ihrer Ankunft in der Masseria an.<\/p>\n<p><strong>Morgens<\/strong><\/p>\n<p>Ayurvedischer Test<\/p>\n<p>Um sein pers\u00f6nliches Dosha zu entdecken, wird ab dem ersten Tag durchgef\u00fchrt<\/p>\n<p>Morgendliche ayurvedische Routine:<br \/>\nMund- und Zahnreinigung, Sesam\u00f6lsp\u00fclung.<br \/>\nWarmes Ingwer-Zitronen-Getr\u00e4nk<br \/>\nYoga<br \/>\nSalbung und warme Dusche<br \/>\nFr\u00fchst\u00fcck angepasst an Ihr Dosha (Vata, Pitta, Kapha)<br \/>\nMoment der Stille<\/p>\n<p>Spaziergang im Olivenhain, Umarmung der B\u00e4ume, Meditation im Hypog\u00e4um der \u00d6lm\u00fchle, entspannender Moment im Schatten der jahrtausendealten Olivenb\u00e4ume.<\/p>\n<p>Lektion \u00fcber Ern\u00e4hrung (optional)<\/p>\n<p>Wie und was man essen sollte. Biorhythmus des Verdauungssystems, Kombinationsnahrung. Zu vermeidende Lebensmittel, Modell einer ausgewogenen Mahlzeit, Mini-Di\u00e4t zur Entschlackung, Mini-Fasten.<\/p>\n<p>Mittagessen in der Masseria (fakultativ), oder Vorschl\u00e4ge f\u00fcr das Mittagessen (im Falle eines externen Mittagessens)<\/p>\n<p><strong>Nachmittags<\/strong><\/p>\n<p>K\u00f6rpertherapie zur Auswahl:<br \/>\nAyurvedische Massage Abhyangam Ganzk\u00f6rper; R\u00fccken und Beine; Kopf und Nacken<br \/>\nMetamorphische Wiedergeburtsmassage<br \/>\nShamballa-Energieheilung<br \/>\nYoga und Yoga Nidra<br \/>\nGef\u00fchrte Meditation<br \/>\nMusik oder Gesang von Mantras, den Kl\u00e4ngen, die heilen<br \/>\nLeichtes Abendessen<\/p>\n<p>180\u20ac pro Person\/Tag<\/p>\n<p>2 Yogastunden<br \/>\n1 Massage<br \/>\nErn\u00e4hrungs-Lektion<br \/>\n1 ayurvedisches Set<br \/>\nAyurvedische Infusion<br \/>\nMahlzeiten sind nicht enthalten<\/p>\n<p>330\u20ac f\u00fcr 2 Personen\/Tag ohne Essen<\/p>\n<p>2 Yogastunden<br \/>\n1 Massage pro Person<br \/>\nErn\u00e4hrungs-Lektion<br \/>\n2 ayurvedische Kits<br \/>\nAyurvedischer Aufguss<br \/>\nMahlzeiten sind nicht enthalten[\/vc_column_text][vc_empty_space height=&#8221;120px&#8221; height2=&#8221;0&#8243;][\/vc_column][\/vc_row][vc_row][vc_column]<div class=\" vc_custom_1650462795245\"><div class=\"rokka-buttons-container  space\" style=\"justify-content: flex-start; align-items: center\"><div class=\"btn-wrapper text-center id_169e1a75027427705977800   icon-left \" ><a href=\"https:\/\/www.dagilupi.com\/index.php\/experiences?lang=de\"  class=\"btn btn-md btn-accent btn-solid\" data-btn-text=\"zur\u00fcck zur den Erlebnissen\">zur\u00fcck zur den Erlebnissen<\/a><\/div><div class=\"btn-wrapper text-center id_169e1a75027705127168948   icon-left \" ><a href=\"https:\/\/www.dagilupi.com\/index.php\/our-rooms?lang=de\"  class=\"btn btn-md btn-accent btn-solid\" data-btn-text=\"zur\u00fcck zu den Schlafzimmern\">zur\u00fcck zu den Schlafzimmern<\/a><\/div><\/div><\/div>[\/vc_column][\/vc_row]<\/p>","protected":false},"excerpt":{"rendered":"<p>[vc_row full_width=&#8221;stretch_row&#8221; gap=&#8221;&#8221; parallax_image=&#8221;5478&#8243; overlay_color=&#8221;rgba(0,0,0,0.23)&#8221; css=&#8221;.vc_custom_1618582811693{padding-top: 220px !important;padding-bottom: 140px !important;}&#8221;][vc_column text_color=&#8221;#ffffff&#8221;][\/vc_column][\/vc_row][vc_row full_width=&#8221;stretch_row_content_no_spaces&#8221; gap=&#8221;&#8221; equal_height=&#8221;yes&#8221; content_placement=&#8221;middle&#8221; disable_element=&#8221;yes&#8221;][vc_column parallax_image=&#8221;4762&#8243; width=&#8221;2\/3&#8243; css=&#8221;.vc_custom_1618416052049{background-position: center !important;background-repeat: no-repeat !important;background-size: cover !important;}&#8221; el_class=&#8221;vc_hidden-xs vc_hidden-sm&#8221;][\/vc_column][vc_column width=&#8221;1\/3&#8243;][vc_empty_space height=&#8221;80px&#8221; height2=&#8221;0&#8243; css=&#8221;.vc_custom_1582990723730{padding-right: 40px !important;padding-left: 40px !important;}&#8221;][vc_single_image image=&#8221;4762&#8243; img_size=&#8221;full&#8221; alignment=&#8221;center&#8221; el_class=&#8221;vc_hidden-md vc_hidden-lg&#8221; css=&#8221;.vc_custom_1618416030299{margin-bottom: 0px !important;}&#8221;][vc_column_text css=&#8221;.vc_custom_1677171183775{margin-bottom: 0px !important;padding-bottom: 60px !important;padding-left: 30px !important;background-color: #ffffff !important;}&#8221; el_class=&#8221;offset-left-lg&#8221;]Stefania Mastruzzo unterrichtet[&#8230;] <a href=\"https:\/\/www.dagilupi.com\/index.php\/experiences\/yoga?lang=de\" class=\"more-link\">Continue reading<\/a><\/p>\n","protected":false},"author":3,"featured_media":0,"parent":4208,"menu_order":0,"comment_status":"closed","ping_status":"closed","template":"","meta":[],"_links":{"self":[{"href":"https:\/\/www.dagilupi.com\/index.php\/wp-json\/wp\/v2\/pages\/5499"}],"collection":[{"href":"https:\/\/www.dagilupi.com\/index.php\/wp-json\/wp\/v2\/pages"}],"about":[{"href":"https:\/\/www.dagilupi.com\/index.php\/wp-json\/wp\/v2\/types\/page"}],"author":[{"embeddable":true,"href":"https:\/\/www.dagilupi.com\/index.php\/wp-json\/wp\/v2\/users\/3"}],"replies":[{"embeddable":true,"href":"https:\/\/www.dagilupi.com\/index.php\/wp-json\/wp\/v2\/comments?post=5499"}],"version-history":[{"count":15,"href":"https:\/\/www.dagilupi.com\/index.php\/wp-json\/wp\/v2\/pages\/5499\/revisions"}],"predecessor-version":[{"id":8252,"href":"https:\/\/www.dagilupi.com\/index.php\/wp-json\/wp\/v2\/pages\/5499\/revisions\/8252"}],"up":[{"embeddable":true,"href":"https:\/\/www.dagilupi.com\/index.php\/wp-json\/wp\/v2\/pages\/4208"}],"wp:attachment":[{"href":"https:\/\/www.dagilupi.com\/index.php\/wp-json\/wp\/v2\/media?parent=5499"}],"curies":[{"name":"wp","href":"https:\/\/api.w.org\/{rel}","templated":true}]}}