{"id":5497,"date":"2021-04-14T18:48:29","date_gmt":"2021-04-14T16:48:29","guid":{"rendered":"https:\/\/www.dagilupi.com\/index.php\/experiences\/yoga"},"modified":"2025-04-21T17:53:13","modified_gmt":"2025-04-21T15:53:13","slug":"yoga","status":"publish","type":"page","link":"https:\/\/www.dagilupi.com\/index.php\/experiences\/yoga?lang=fr","title":{"rendered":"Yoga"},"content":{"rendered":"<p>[vc_row full_width=&#8221;stretch_row&#8221; gap=&#8221;&#8221; parallax_image=&#8221;5478&#8243; overlay_color=&#8221;rgba(0,0,0,0.23)&#8221; css=&#8221;.vc_custom_1618582811693{padding-top: 220px !important;padding-bottom: 140px !important;}&#8221;][vc_column text_color=&#8221;#ffffff&#8221;]<div class=\"heading-with-separator text-center id_169e54c58cc211493676475   \"><div class=\"header-content\">\n\t\t\t<p class=\"h-subheading\"><\/p>\n\t\t\t<h3 class=\"heading  \" style=\"; letter-spacing: 0px; \">Massages<\/h3><\/div><\/div><div class=\"custom-styles\" data-styles=\".id_169e54c58cc211493676475 .heading-decorator-1:before, .id_169e54c58cc211493676475 .heading-decorator-1:after { border-color: }\"><\/div>[\/vc_column][\/vc_row][vc_row full_width=&#8221;stretch_row_content_no_spaces&#8221; gap=&#8221;&#8221; equal_height=&#8221;yes&#8221; content_placement=&#8221;middle&#8221; disable_element=&#8221;yes&#8221;][vc_column parallax_image=&#8221;4762&#8243; width=&#8221;2\/3&#8243; css=&#8221;.vc_custom_1618416052049{background-position: center !important;background-repeat: no-repeat !important;background-size: cover !important;}&#8221; el_class=&#8221;vc_hidden-xs vc_hidden-sm&#8221;][\/vc_column][vc_column width=&#8221;1\/3&#8243;][vc_empty_space height=&#8221;80px&#8221; height2=&#8221;0&#8243; css=&#8221;.vc_custom_1582990723730{padding-right: 40px !important;padding-left: 40px !important;}&#8221;][vc_single_image image=&#8221;4762&#8243; img_size=&#8221;full&#8221; alignment=&#8221;center&#8221; el_class=&#8221;vc_hidden-md vc_hidden-lg&#8221; css=&#8221;.vc_custom_1618416030299{margin-bottom: 0px !important;}&#8221;]<div class=\"heading-with-separator text-center id_169e54c58cc259376888702  vc_custom_1650463923775  offset-left-lg\"><div class=\"header-content\">\n\t\t\t<p class=\"h-subheading\"><\/p>\n\t\t\t<h4 class=\"heading  \" style=\"; letter-spacing: 0px; \">Yoga<\/h4><\/div><\/div><div class=\"custom-styles\" data-styles=\".id_169e54c58cc259376888702 .heading-decorator-1:before, .id_169e54c58cc259376888702 .heading-decorator-1:after { border-color: }\"><\/div>[vc_column_text css=&#8221;.vc_custom_1677171183775{margin-bottom: 0px !important;padding-bottom: 60px !important;padding-left: 30px !important;background-color: #ffffff !important;}&#8221; el_class=&#8221;offset-left-lg&#8221;]Stefania Mastruzzo enseigne le Hatha Yoga, le Yin Yoga et le Yoga Nidra. Elle est \u00e9galement coach nutritionnel et suit les principes de la m\u00e9decine ayurv\u00e9dique. Elle propose \u00e9galement des s\u00e9ances d&#8217;hypnose r\u00e9gressive et est aussi une facilitatrice des \u00e9nergies MDT du nouveau paradigme, offrant des s\u00e9ances individuelles et des s\u00e9minaires.<\/p>\n<p>Des cours de yoga personnalis\u00e9s qui r\u00e9pondent aux exigences et aux besoins des clients. Le cours peut se faire dans votre chambre ou en plein air, sous les oliviers s\u00e9culaires, ou tout autre coin suggestif\/enchant\u00e9 de la Masseria.<\/p>\n<p>Vous pouvez choisir entre diff\u00e9rents styles de yoga, comme le Hatha Yoga classique, le Flow, le Yin Yoga, le Yoga doux, le Yoga pr\u00e9natal et postnatal ou vous laisser conseiller par l&#8217;enseignant.<\/p>\n<p><strong>Hatha Yoga Classique<\/strong>, pour une pratique active et compl\u00e8te. Ce cours comprend \u00e9galement un pranayama (exercice de respiration qui calme l&#8217;esprit et lib\u00e8re les \u00e9motions) et le Yoga Nidra, (sommeil conscient, pour une relaxation totale des sens, du corps et de l&#8217;esprit)<br \/>\n<strong>Yin Yoga<\/strong>, yoga lent et doux qui permet d&#8217;agir sur les tissus conjonctifs profonds, de sentir le mouvement dans le non-mouvement et le flux d&#8217;\u00e9nergie \u00e0 travers le corps.<br \/>\n<strong>Yoga Nidra<\/strong>. Yoga du sommeil conscient, pour une relaxation totale des sens, du corps et de l&#8217;esprit.<\/p>\n<p><strong>Pranayama<\/strong>, exercice de respiration qui calme l&#8217;esprit et lib\u00e8re les \u00e9motions, m\u00e9ditation guid\u00e9e ou silencieuse.<\/p>\n<p>Le\u00e7on de 90 minutes : Pranayama, Asanas et court Yoga nidra.<\/p>\n<p>35\u20ac par personne<br \/>\n65\u20ac pour 2 personnes<\/p>\n<p>75\u20ac pour 3 personnes<br \/>\n20\u20ac par personne jusqu&#8217;\u00e0 4 personnes[\/vc_column_text][vc_empty_space height=&#8221;80px&#8221; height2=&#8221;0&#8243;][\/vc_column][\/vc_row][vc_row full_width=&#8221;stretch_row_content_no_spaces&#8221; gap=&#8221;&#8221; equal_height=&#8221;yes&#8221; content_placement=&#8221;middle&#8221;][vc_column width=&#8221;1\/3&#8243; el_class=&#8221;z-index-up&#8221;][vc_empty_space height=&#8221;80px&#8221; height2=&#8221;0&#8243; css=&#8221;.vc_custom_1582990759638{padding-right: 40px !important;padding-left: 40px !important;}&#8221;][vc_single_image image=&#8221;4810&#8243; img_size=&#8221;full&#8221; alignment=&#8221;center&#8221; el_class=&#8221;vc_hidden-md vc_hidden-lg&#8221; css=&#8221;.vc_custom_1618416112493{margin-bottom: 0px !important;}&#8221;]<div class=\"heading-with-separator text-center id_169e54c58cc2782083975962  vc_custom_1745250696175  offset-right-lg\"><div class=\"header-content\">\n\t\t\t<p class=\"h-subheading\"><\/p>\n\t\t\t<h4 class=\"heading  \" style=\"; letter-spacing: 0px; \">Massages<\/h4><\/div><\/div><div class=\"custom-styles\" data-styles=\".id_169e54c58cc2782083975962 .heading-decorator-1:before, .id_169e54c58cc2782083975962 .heading-decorator-1:after { border-color: }\"><\/div>[vc_column_text css=&#8221;.vc_custom_1745250712156{margin-bottom: 0px !important;padding-right: 60px !important;padding-bottom: 60px !important;background-color: #ffffff !important;}&#8221; el_class=&#8221;offset-right-lg&#8221;]<strong>Lomi Lomi &#8211; Massage hawa\u00efen<\/strong><br \/>\nMassage d&#8217;origine tr\u00e8s ancienne n\u00e9 \u00e0 Hawa\u00ef. Il n&#8217;\u00e9tait accord\u00e9 qu&#8217;\u00e0 la royaut\u00e9 et aux guerriers avant la bataille. C&#8217;est un massage tr\u00e8s profond, avec de grands mouvements qui vous donneront l&#8217;impression qu&#8217;une vague se d\u00e9place le long de votre corps.<\/p>\n<p><strong>Massage californien<\/strong><br \/>\nIl s&#8217;agit d&#8217;un type de massage particulier cr\u00e9\u00e9 en Californie \u00e0 la fin des ann\u00e9es 60. Parfois aussi appel\u00e9 massage psychosomatique, massage sensoriel ou massage Esalen. Des man\u0153uvres de contact et de soutien enveloppantes, fluides et relaxantes qui font que le receveur se sent enlac\u00e9 et cocoon\u00e9.<\/p>\n<p><strong>Massage drainant lymphatique<\/strong><br \/>\nIl s&#8217;agit d&#8217;une forme de massage doux qui encourage le mouvement des fluides lymphatiques dans le corps.<\/p>\n<p><strong>Massage d\u00e9contractant ou su\u00e9dois<\/strong><br \/>\nMassage appliqu\u00e9 avec une pression moyenne sur la zone musculaire contract\u00e9e ou probl\u00e9matique pour d\u00e9nouer et d\u00e9tendre le muscle et soulager la douleur.<br \/>\nla douleur.<\/p>\n<p><strong>Prix pour tout type de massage :<\/strong><br \/>\n60 minutes 80\u20ac &#8211; 90 minutes 100\u20ac<\/p>\n<p><strong>Massage Express<\/strong><br \/>\nDos, cou et \u00e9paules, ou jambes et pieds. &#8211; 30 minutes 40\u20ac<\/p>\n<p><strong>Massage en couple<\/strong><br \/>\nChoix de n&#8217;importe quel massage (effectu\u00e9 par deux th\u00e9rapeutes) &#8211; 60 minutes &#8211; 160 \u20ac &#8211; 90 minutes &#8211; 200 \u20ac.<\/p>\n<p><strong>Frais d&#8217;annulation :<\/strong><br \/>\nNous facturons 50% pour les annulations dans les 24 heures. 100% pour les annulations de derni\u00e8re minute[\/vc_column_text][vc_empty_space height=&#8221;80px&#8221; height2=&#8221;0&#8243;][\/vc_column][vc_column parallax_image=&#8221;4806&#8243; width=&#8221;2\/3&#8243; css=&#8221;.vc_custom_1618416131885{background-position: center !important;background-repeat: no-repeat !important;background-size: cover !important;}&#8221; el_class=&#8221;vc_hidden-xs vc_hidden-sm&#8221;][\/vc_column][\/vc_row][vc_row full_width=&#8221;stretch_row_content_no_spaces&#8221; gap=&#8221;&#8221; equal_height=&#8221;yes&#8221; content_placement=&#8221;middle&#8221; disable_element=&#8221;yes&#8221; css=&#8221;.vc_custom_1745250767778{margin-top: 0px !important;margin-bottom: 0px !important;padding-top: 0px !important;padding-bottom: 0px !important;}&#8221;][vc_column parallax_image=&#8221;6435&#8243; width=&#8221;2\/3&#8243; css=&#8221;.vc_custom_1645634883051{background-position: center !important;background-repeat: no-repeat !important;background-size: cover !important;}&#8221; el_class=&#8221;vc_hidden-xs vc_hidden-sm&#8221;][\/vc_column][vc_column width=&#8221;1\/3&#8243;][vc_empty_space height=&#8221;120px&#8221; height2=&#8221;0&#8243; css=&#8221;.vc_custom_1545314682944{padding-right: 40px !important;padding-left: 40px !important;}&#8221;][vc_single_image image=&#8221;4003&#8243; img_size=&#8221;full&#8221; alignment=&#8221;center&#8221; el_class=&#8221;vc_hidden-md vc_hidden-lg&#8221; css=&#8221;.vc_custom_1618416180266{margin-bottom: 0px !important;}&#8221;]<div class=\"heading-with-separator text-center id_169e54c58cc28e1678517384  vc_custom_1618415327595  offset-left-lg\"><div class=\"header-content\">\n\t\t\t<p class=\"h-subheading\"><\/p>\n\t\t\t<h4 class=\"heading  \" style=\"; letter-spacing: 0px; \">Itin\u00e9raire Holistique<\/h4><\/div><\/div><div class=\"custom-styles\" data-styles=\".id_169e54c58cc28e1678517384 .heading-decorator-1:before, .id_169e54c58cc28e1678517384 .heading-decorator-1:after { border-color: }\"><\/div>[vc_column_text css=&#8221;.vc_custom_1618418072800{margin-bottom: 0px !important;padding-bottom: 60px !important;padding-left: 30px !important;background-color: #ffffff !important;}&#8221; el_class=&#8221;offset-left-lg&#8221;]La sensibilit\u00e9 de Stefania Mastruzzo, notre th\u00e9rapeute holistique vous guidera et vous accompagnera dans un voyage holistique interne, au rythme des saisons, pour un lien profond avec la nature environnante et retrouver l\u2019\u00e9quilibre et l\u2019harmonie de votre corps et de votre esprit:<\/p>\n<p>Suggestion de programme<\/p>\n<p>Le programme sera enti\u00e8rement personnalis\u00e9 en fonction des besoins et de la dur\u00e9e du s\u00e9jour. Nous vous proposons un entretien pr\u00e9alable avec le th\u00e9rapeute avant votre arriv\u00e9e \u00e0 la Masseria.<\/p>\n<p>Matin\u00e9e<\/p>\n<p>Test Ayurv\u00e9dique<\/p>\n<p>Pour d\u00e9couvrir son dosha personnel, \u00e0 faire d\u00e8s le premier jour<\/p>\n<p>Routine Ayurv\u00e9dique matinale:<br \/>\nLavage de la bouche et des dents, rin\u00e7age \u00e0 l\u2019huile de s\u00e9same.<br \/>\nBoisson ti\u00e8de au gingembre et au citron<br \/>\nYoga<br \/>\nOnction et douche ti\u00e8de<br \/>\nPetit d\u00e9jeuner adapt\u00e9 \u00e0 votre dosha (Vata, Pitta, Kapha)<br \/>\nMoment de silence<\/p>\n<p>Promenade dans l\u2019oliveraie, en embrassant les arbres, m\u00e9ditation dans le moulin \u00e0 huile hypog\u00e9e, moment de d\u00e9tente assis \u00e0 l\u2019ombre des oliviers mill\u00e9naires.<\/p>\n<p>Le\u00e7on sur la nutrition (optionnel)<\/p>\n<p>Comment et quoi manger. Biorythme du syst\u00e8me digestif, combinaison alimentaire. Aliments \u00e0 \u00e9viter, mod\u00e8le de repas \u00e9quilibr\u00e9, mini di\u00e8te d\u00e9purative, mini je\u00fbne.<\/p>\n<p>D\u00e9jeuner \u00e0 la Masseria (optionnel), ou suggestions pour le d\u00e9jeuner (dans le cas d\u2019un d\u00e9jeuner \u00e0 l\u2019ext\u00e9rieur)<\/p>\n<p>Apr\u00e8s midi<\/p>\n<p>Th\u00e9rapie corporelle \u00e0 choisir entre:<br \/>\nMassage ayurv\u00e9dique Abhyangam corps entier ; dos et jambes ; t\u00eate et cou<br \/>\nMassage m\u00e9tamorphique re-naissance<br \/>\nShamballa gu\u00e9rison \u00e9nerg\u00e9tique<br \/>\nYoga et Yoga Nidra<br \/>\nM\u00e9ditation guid\u00e9e<br \/>\nMusique ou chant de mantras, les sons qui gu\u00e9rissent<br \/>\nD\u00eener l\u00e9ger<\/p>\n<p>180\u20ac pour 1 personne\/jour<\/p>\n<p>2 cours de yoga<br \/>\n1 massage<br \/>\nLe\u00e7ons sur la nutrition<br \/>\n1 kit ayurv\u00e9dique<br \/>\nTisane ayurv\u00e9dique<br \/>\nLes repas ne sont pas compris<\/p>\n<p>330\u20ac pour 2 personnes\/jour hors repas<\/p>\n<p>2 cours de yoga<br \/>\n1 massage par personne<br \/>\nLe\u00e7ons sur la nutrition<br \/>\n2 kit ayurv\u00e9dique<br \/>\nTisane ayurv\u00e9dique<br \/>\nLes repas ne sont pas compris[\/vc_column_text][vc_empty_space height=&#8221;120px&#8221; height2=&#8221;0&#8243;][\/vc_column][\/vc_row][vc_row][vc_column]<div class=\" vc_custom_1650462795245\"><div class=\"rokka-buttons-container  space\" style=\"justify-content: flex-start; align-items: center\"><div class=\"btn-wrapper text-center id_169e54c58cc2f3842225166   icon-left \" ><a href=\"https:\/\/www.dagilupi.com\/index.php\/experiences?lang=fr\"  class=\"btn btn-md btn-accent btn-solid\" data-btn-text=\"Retour aux Exp\u00e9riences\">Retour aux Exp\u00e9riences<\/a><\/div><div class=\"btn-wrapper text-center id_169e54c58cc7a41084686951   icon-left \" ><a href=\"https:\/\/www.dagilupi.com\/index.php\/our-rooms?lang=fr\"  class=\"btn btn-md btn-accent btn-solid\" data-btn-text=\"Retour aux Chambres\">Retour aux Chambres<\/a><\/div><\/div><\/div>[\/vc_column][\/vc_row]<\/p>","protected":false},"excerpt":{"rendered":"<p>[vc_row full_width=&#8221;stretch_row&#8221; gap=&#8221;&#8221; parallax_image=&#8221;5478&#8243; overlay_color=&#8221;rgba(0,0,0,0.23)&#8221; css=&#8221;.vc_custom_1618582811693{padding-top: 220px !important;padding-bottom: 140px !important;}&#8221;][vc_column text_color=&#8221;#ffffff&#8221;][\/vc_column][\/vc_row][vc_row full_width=&#8221;stretch_row_content_no_spaces&#8221; gap=&#8221;&#8221; equal_height=&#8221;yes&#8221; content_placement=&#8221;middle&#8221; disable_element=&#8221;yes&#8221;][vc_column parallax_image=&#8221;4762&#8243; width=&#8221;2\/3&#8243; css=&#8221;.vc_custom_1618416052049{background-position: center !important;background-repeat: no-repeat !important;background-size: cover !important;}&#8221; el_class=&#8221;vc_hidden-xs vc_hidden-sm&#8221;][\/vc_column][vc_column width=&#8221;1\/3&#8243;][vc_empty_space height=&#8221;80px&#8221; height2=&#8221;0&#8243; css=&#8221;.vc_custom_1582990723730{padding-right: 40px !important;padding-left: 40px !important;}&#8221;][vc_single_image image=&#8221;4762&#8243; img_size=&#8221;full&#8221; alignment=&#8221;center&#8221; el_class=&#8221;vc_hidden-md vc_hidden-lg&#8221; css=&#8221;.vc_custom_1618416030299{margin-bottom: 0px !important;}&#8221;][vc_column_text css=&#8221;.vc_custom_1677171183775{margin-bottom: 0px !important;padding-bottom: 60px !important;padding-left: 30px !important;background-color: #ffffff !important;}&#8221; el_class=&#8221;offset-left-lg&#8221;]Stefania Mastruzzo enseigne[&#8230;] <a href=\"https:\/\/www.dagilupi.com\/index.php\/experiences\/yoga?lang=fr\" class=\"more-link\">Continue reading<\/a><\/p>\n","protected":false},"author":3,"featured_media":0,"parent":5258,"menu_order":0,"comment_status":"closed","ping_status":"closed","template":"","meta":[],"_links":{"self":[{"href":"https:\/\/www.dagilupi.com\/index.php\/wp-json\/wp\/v2\/pages\/5497"}],"collection":[{"href":"https:\/\/www.dagilupi.com\/index.php\/wp-json\/wp\/v2\/pages"}],"about":[{"href":"https:\/\/www.dagilupi.com\/index.php\/wp-json\/wp\/v2\/types\/page"}],"author":[{"embeddable":true,"href":"https:\/\/www.dagilupi.com\/index.php\/wp-json\/wp\/v2\/users\/3"}],"replies":[{"embeddable":true,"href":"https:\/\/www.dagilupi.com\/index.php\/wp-json\/wp\/v2\/comments?post=5497"}],"version-history":[{"count":15,"href":"https:\/\/www.dagilupi.com\/index.php\/wp-json\/wp\/v2\/pages\/5497\/revisions"}],"predecessor-version":[{"id":8219,"href":"https:\/\/www.dagilupi.com\/index.php\/wp-json\/wp\/v2\/pages\/5497\/revisions\/8219"}],"up":[{"embeddable":true,"href":"https:\/\/www.dagilupi.com\/index.php\/wp-json\/wp\/v2\/pages\/5258"}],"wp:attachment":[{"href":"https:\/\/www.dagilupi.com\/index.php\/wp-json\/wp\/v2\/media?parent=5497"}],"curies":[{"name":"wp","href":"https:\/\/api.w.org\/{rel}","templated":true}]}}