{"id":5258,"date":"2021-03-29T16:58:54","date_gmt":"2021-03-29T14:58:54","guid":{"rendered":"https:\/\/www.dagilupi.com\/index.php\/experiences"},"modified":"2025-04-26T19:07:19","modified_gmt":"2025-04-26T17:07:19","slug":"experiences","status":"publish","type":"page","link":"https:\/\/www.dagilupi.com\/index.php\/experiences?lang=fr","title":{"rendered":"Experiences"},"content":{"rendered":"<p>[vc_row full_width=&#8221;stretch_row&#8221; gap=&#8221;&#8221; parallax_image=&#8221;2743&#8243; disable_element=&#8221;yes&#8221; overlay_color=&#8221;rgba(255,255,255,0.16)&#8221; text_color=&#8221;#ffffff&#8221; css=&#8221;.vc_custom_1745242253843{padding-top: 220px !important;padding-bottom: 140px !important;}&#8221;][vc_column]<div class=\"heading-with-separator text-center id_169e534a3eb7611583941011   \"><div class=\"header-content\">\n\t\t\t<p class=\"h-subheading\"><\/p>\n\t\t\t<h1 class=\"heading  \" style=\"; letter-spacing: 0px; \">Experiences<\/h1><\/div><\/div><div class=\"custom-styles\" data-styles=\".id_169e534a3eb7611583941011 .heading-decorator-1:before, .id_169e534a3eb7611583941011 .heading-decorator-1:after { border-color: }\"><\/div>[vc_column_text]<br \/>\nMasseria Dagilupi a s\u00e9lectionn\u00e9 une liste de services exclusifs pour rendre le s\u00e9jour de ses h\u00f4tes unique. Les r\u00e9server est facile et les vivre sera une exp\u00e9rience qui vous comblera de sensations uniques et sp\u00e9ciales : les plus beaux souvenir d\u2019une exp\u00e9rience 100% apulienne.<br \/>\n[\/vc_column_text][\/vc_column][\/vc_row][vc_row full_width=&#8221;stretch_row_content_no_spaces&#8221; gap=&#8221;&#8221; equal_height=&#8221;yes&#8221; content_placement=&#8221;middle&#8221; disable_element=&#8221;yes&#8221;][vc_column parallax_image=&#8221;6218&#8243; width=&#8221;2\/3&#8243; css=&#8221;.vc_custom_1629390999730{background-position: center !important;background-repeat: no-repeat !important;background-size: cover !important;}&#8221; el_class=&#8221;vc_hidden-xs vc_hidden-sm&#8221;][\/vc_column][vc_column width=&#8221;1\/3&#8243;][vc_empty_space height=&#8221;120px&#8221; height2=&#8221;0&#8243; css=&#8221;.vc_custom_1545314682944{padding-right: 40px !important;padding-left: 40px !important;}&#8221;][vc_single_image image=&#8221;6218&#8243; img_size=&#8221;full&#8221; alignment=&#8221;center&#8221; el_class=&#8221;vc_hidden-md vc_hidden-lg&#8221; css=&#8221;.vc_custom_1629876400066{margin-bottom: 0px !important;}&#8221;]<div class=\"heading-with-separator text-center id_169e534a3eb7931548635213  vc_custom_1685187997937  offset-left-lg\"><div class=\"header-content\">\n\t\t\t<p class=\"h-subheading\"><\/p>\n\t\t\t<h4 class=\"heading  \" style=\"; letter-spacing: 0px; \">Picnic sur le toit face au coucher de soleil ou diner \u00e0 la masseria<\/h4><\/div><\/div><div class=\"custom-styles\" data-styles=\".id_169e534a3eb7931548635213 .heading-decorator-1:before, .id_169e534a3eb7931548635213 .heading-decorator-1:after { border-color: }\"><\/div>[vc_column_text css=&#8221;.vc_custom_1685187913719{margin-bottom: 0px !important;padding-right: 60px !important;padding-bottom: 60px !important;padding-left: 60px !important;background-color: #ffffff !important;}&#8221; el_class=&#8221;offset-left-lg&#8221;]Cette ann\u00e9e, nous offrons un nouveau service \u00e0 nos h\u00f4tes, gr\u00e2ce \u00e0 notre collaboration avec Luisa Trica.<\/p>\n<p>R\u00e9servez votre panier de pique-nique et profitez-en o\u00f9 vous voulez, sur la plage ou \u00e0 la Masseria : sous un olivier mill\u00e9naire, sous la pergola, sur votre terrasse ou m\u00eame sur le toit juste devant les spectaculaires couchers de soleil sur Ostuni.<\/p>\n<p>Vous pouvez \u00e9galement profiter de votre d\u00eener \u00e0 la Masseria. Chaque jeudi, si le temps le permet, nous organisons un d\u00eener th\u00e9matique pour nos h\u00f4tes.<\/p>\n<p style=\"text-align: center;\"><a href=\"https:\/\/www.dagilupi.com\/index.php\/experiences\/eat-in-masseria?lang=fr\/\" class=\"btn btn-md btn-accent btn-solid\" target=\"_self\" data-btn-text=\"PLUS DE DETAILS\"><span class=\"btn-text\">PLUS DE DETAILS<\/span><\/a><\/p>\n<p>[\/vc_column_text][vc_empty_space height=&#8221;120px&#8221; height2=&#8221;0&#8243;][\/vc_column][\/vc_row][vc_row full_width=&#8221;stretch_row_content_no_spaces&#8221; gap=&#8221;&#8221; equal_height=&#8221;yes&#8221; content_placement=&#8221;middle&#8221; disable_element=&#8221;yes&#8221;][vc_column width=&#8221;1\/3&#8243; el_class=&#8221;z-index-up&#8221;][vc_empty_space height=&#8221;120px&#8221; height2=&#8221;0&#8243; css=&#8221;.vc_custom_1545314682944{padding-right: 40px !important;padding-left: 40px !important;}&#8221;][vc_single_image image=&#8221;4758&#8243; img_size=&#8221;full&#8221; alignment=&#8221;center&#8221; el_class=&#8221;vc_hidden-md vc_hidden-lg&#8221; css=&#8221;.vc_custom_1610205551353{margin-bottom: 0px !important;}&#8221;]<div class=\"heading-with-separator text-center id_169e534a3eb7c8736822928  vc_custom_1645636164812  offset-right-lg\"><div class=\"header-content\">\n\t\t\t<p class=\"h-subheading\"><\/p>\n\t\t\t<h4 class=\"heading  \" style=\"; letter-spacing: 0px; \">Yoga et parcours holistique en collaboration avec Stefania Mastruzzo<\/h4><\/div><\/div><div class=\"custom-styles\" data-styles=\".id_169e534a3eb7c8736822928 .heading-decorator-1:before, .id_169e534a3eb7c8736822928 .heading-decorator-1:after { border-color: }\"><\/div>[vc_column_text css=&#8221;.vc_custom_1582996599090{margin-bottom: 0px !important;padding-right: 60px !important;padding-bottom: 60px !important;padding-left: 60px !important;background-color: #ffffff !important;}&#8221; el_class=&#8221;offset-right-lg&#8221;]Stefania Mastruzzo est Professeur de Hatha Yoga, de Yin yoga et de Yoga Nidra. Mais \u00e9galement Coach nutritionnel selon la m\u00e9decine ayurv\u00e9dique and hygi\u00e9niste. Elle propose \u00e9galement des s\u00e9ances d\u2019hypnose r\u00e9gressive et est \u00e9galement une facilitatrice des \u00e9nergies de New Paradigm MDT offrant des sessions individuelles et des s\u00e9minaires.<\/p>\n<p style=\"text-align: center;\"><a href=\"https:\/\/www.dagilupi.com\/index.php\/experiences\/yoga?lang=fr\" class=\"btn btn-md btn-accent btn-solid\" target=\"_self\" data-btn-text=\"PLUS DE DETAILS\"><span class=\"btn-text\">PLUS DE DETAILS<\/span><\/a><\/p>\n<p>[\/vc_column_text][vc_empty_space height=&#8221;120px&#8221; height2=&#8221;0&#8243;][\/vc_column][vc_column parallax_image=&#8221;4758&#8243; width=&#8221;2\/3&#8243; css=&#8221;.vc_custom_1610214025379{background-position: center !important;background-repeat: no-repeat !important;background-size: cover !important;}&#8221; el_class=&#8221;vc_hidden-xs vc_hidden-sm&#8221;][\/vc_column][\/vc_row][vc_row full_width=&#8221;stretch_row_content_no_spaces&#8221; gap=&#8221;&#8221; equal_height=&#8221;yes&#8221; content_placement=&#8221;middle&#8221; disable_element=&#8221;yes&#8221;][vc_column parallax_image=&#8221;2509&#8243; width=&#8221;2\/3&#8243; css=&#8221;.vc_custom_1584269600022{background-position: center !important;background-repeat: no-repeat !important;background-size: cover !important;}&#8221; el_class=&#8221;vc_hidden-xs vc_hidden-sm&#8221;][\/vc_column][vc_column width=&#8221;1\/3&#8243;][vc_empty_space height=&#8221;120px&#8221; height2=&#8221;0&#8243; css=&#8221;.vc_custom_1545314682944{padding-right: 40px !important;padding-left: 40px !important;}&#8221;][vc_single_image image=&#8221;2509&#8243; img_size=&#8221;full&#8221; alignment=&#8221;center&#8221; el_class=&#8221;vc_hidden-md vc_hidden-lg&#8221; css=&#8221;.vc_custom_1582888826504{margin-bottom: 0px !important;}&#8221;]<div class=\"heading-with-separator text-center id_169e534a3eb7ed1474656016  vc_custom_1645632690143  offset-left-lg\"><div class=\"header-content\">\n\t\t\t<p class=\"h-subheading\"><\/p>\n\t\t\t<h4 class=\"heading  \" style=\"; letter-spacing: 0px; \">Massages et Shiatsu en collaboration avec Spa chez vous<\/h4><\/div><\/div><div class=\"custom-styles\" data-styles=\".id_169e534a3eb7ed1474656016 .heading-decorator-1:before, .id_169e534a3eb7ed1474656016 .heading-decorator-1:after { border-color: }\"><\/div>[vc_column_text css=&#8221;.vc_custom_1618584776301{margin-bottom: 0px !important;padding-right: 60px !important;padding-bottom: 60px !important;padding-left: 60px !important;background-color: #ffffff !important;}&#8221; el_class=&#8221;offset-left-lg&#8221;]Pour une d\u00e9tente suppl\u00e9mentaire, nous vous proposons en collaboration avec Spa chez vous, des services de beaut\u00e9 et de bien \u00eatre dans votre chambre ou sous les oliviers mill\u00e9naires.<\/p>\n<p style=\"text-align: center;\"><a href=\"https:\/\/www.dagilupi.com\/index.php\/experiences\/wellness?lang=fr\" class=\"btn btn-md btn-accent btn-solid\" target=\"_self\" data-btn-text=\"PLUS DE DETAILS\"><span class=\"btn-text\">PLUS DE DETAILS<\/span><\/a><\/p>\n<p>[\/vc_column_text][vc_empty_space height=&#8221;120px&#8221; height2=&#8221;0&#8243;][\/vc_column][\/vc_row][vc_row full_width=&#8221;stretch_row_content_no_spaces&#8221; gap=&#8221;&#8221; equal_height=&#8221;yes&#8221; content_placement=&#8221;middle&#8221; disable_element=&#8221;yes&#8221;][vc_column width=&#8221;1\/3&#8243; el_class=&#8221;z-index-up&#8221;][vc_empty_space height=&#8221;120px&#8221; height2=&#8221;0&#8243; css=&#8221;.vc_custom_1545314682944{padding-right: 40px !important;padding-left: 40px !important;}&#8221;][vc_single_image image=&#8221;4069&#8243; img_size=&#8221;full&#8221; alignment=&#8221;center&#8221; el_class=&#8221;vc_hidden-md vc_hidden-lg&#8221; css=&#8221;.vc_custom_1610205061245{margin-bottom: 0px !important;}&#8221;]<div class=\"heading-with-separator text-center id_169e534a3eb80e2008003217  vc_custom_1583000924465  offset-right-lg\"><div class=\"header-content\">\n\t\t\t<p class=\"h-subheading\"><\/p>\n\t\t\t<h4 class=\"heading  \" style=\"; letter-spacing: 0px; \">Location et excursions en v\u00e9hicules \u00e9lectriques en collaboration avec For Play<\/h4><\/div><\/div><div class=\"custom-styles\" data-styles=\".id_169e534a3eb80e2008003217 .heading-decorator-1:before, .id_169e534a3eb80e2008003217 .heading-decorator-1:after { border-color: }\"><\/div>[vc_column_text css=&#8221;.vc_custom_1617030571175{margin-bottom: 0px !important;padding-right: 60px !important;padding-bottom: 60px !important;padding-left: 60px !important;background-color: #ffffff !important;}&#8221; el_class=&#8221;offset-right-lg&#8221;]D\u00e9couvrez la magnifique vall\u00e9e d&#8217;Itria et le haut\u00a0 Salento en v\u00e9hicules 100% \u00e9lectriques.<\/p>\n<p>Nature, histoire et culture: en Twizy vous pouvez profiter des paysages, et d\u00e9couvrir\u00a0 you\u00a0can discover the landscape in a slow way,\u00a0finding all the hidden\u00a0corners.<br \/>\nEn totale autonomie ou en prenant part \u00e0 une excursion, vous pouvez choisir la solution qui vous convient le mieux et qui r\u00e9pondra \u00e0 toutes vos attentes.<\/p>\n<p style=\"text-align: center;\"><a href=\"https:\/\/www.dagilupi.com\/index.php\/experiences?lang=fr\" class=\"btn btn-md btn-accent btn-solid\" target=\"_self\" data-btn-text=\"plus de d\u00e9tails sur place\"><span class=\"btn-text\">plus de d\u00e9tails sur place<\/span><\/a><\/p>\n<p>[\/vc_column_text][vc_empty_space height=&#8221;120px&#8221; height2=&#8221;0&#8243;][\/vc_column][vc_column parallax_image=&#8221;4069&#8243; width=&#8221;2\/3&#8243; css=&#8221;.vc_custom_1610213904472{background-position: center !important;background-repeat: no-repeat !important;background-size: cover !important;}&#8221; el_class=&#8221;vc_hidden-xs vc_hidden-sm&#8221;][\/vc_column][\/vc_row][vc_row full_width=&#8221;stretch_row_content_no_spaces&#8221; gap=&#8221;&#8221; equal_height=&#8221;yes&#8221; content_placement=&#8221;middle&#8221; disable_element=&#8221;yes&#8221; css=&#8221;.vc_custom_1643370498672{margin-top: 0px !important;margin-bottom: 0px !important;padding-top: 0px !important;padding-bottom: 0px !important;}&#8221;][vc_column parallax_image=&#8221;3910&#8243; width=&#8221;2\/3&#8243; css=&#8221;.vc_custom_1584269620437{background-position: center !important;background-repeat: no-repeat !important;background-size: cover !important;}&#8221; el_class=&#8221;vc_hidden-xs vc_hidden-sm&#8221;][\/vc_column][vc_column width=&#8221;1\/3&#8243;][vc_empty_space height=&#8221;120px&#8221; height2=&#8221;0&#8243; css=&#8221;.vc_custom_1545314682944{padding-right: 40px !important;padding-left: 40px !important;}&#8221;][vc_single_image image=&#8221;3910&#8243; img_size=&#8221;full&#8221; alignment=&#8221;center&#8221; el_class=&#8221;vc_hidden-md vc_hidden-lg&#8221; css=&#8221;.vc_custom_1582809303298{margin-bottom: 0px !important;}&#8221;]<div class=\"heading-with-separator text-center id_169e534a3eb82f1393765226  vc_custom_1582821007146  offset-left-lg\"><div class=\"header-content\">\n\t\t\t<p class=\"h-subheading\"><\/p>\n\t\t\t<h4 class=\"heading  \" style=\"; letter-spacing: 0px; \">Location de bateau en collaboration avec Yacht Charter Puglia<\/h4><\/div><\/div><div class=\"custom-styles\" data-styles=\".id_169e534a3eb82f1393765226 .heading-decorator-1:before, .id_169e534a3eb82f1393765226 .heading-decorator-1:after { border-color: }\"><\/div>[vc_column_text css=&#8221;.vc_custom_1584271518667{margin-bottom: 0px !important;padding-right: 60px !important;padding-bottom: 60px !important;padding-left: 60px !important;background-color: #ffffff !important;}&#8221; el_class=&#8221;offset-left-lg&#8221;]Location de bateau ou excursions en bateau en\u00a0 collaboration avec Yacht Charter Monopoli.<\/p>\n<p style=\"text-align: center;\"><a href=\"http:s\/\/www.dagilupi.com\/index.php\/experiences?lang=fr\" class=\"btn btn-md btn-accent btn-solid\" target=\"_self\" data-btn-text=\"plus de d\u00e9tails sur place\"><span class=\"btn-text\">plus de d\u00e9tails sur place<\/span><\/a><\/p>\n<p>[\/vc_column_text][vc_empty_space height=&#8221;120px&#8221; height2=&#8221;0&#8243;][\/vc_column][\/vc_row][vc_row][vc_column]<div class=\" vc_custom_1650452409937\"><div class=\"rokka-buttons-container  space\" style=\"justify-content: flex-start; align-items: center\"><div class=\"btn-wrapper text-left id_169e534a3eb8af2055725915   icon-left \" ><a href=\"https:\/\/www.dagilupi.com\/?lang=fr\"  class=\"btn btn-md btn-accent btn-solid\" data-btn-text=\"Retour \u00e0 l'accueil\">Retour \u00e0 l'accueil<\/a><\/div><div class=\"btn-wrapper text-left id_169e534a3ebcfe1165374288   icon-left \" ><a href=\"https:\/\/www.dagilupi.com\/index.php\/our-rooms?lang=fr\"  class=\"btn btn-md btn-accent btn-solid\" data-btn-text=\"Retour aux chambres\">Retour aux chambres<\/a><\/div><\/div><\/div>[\/vc_column][\/vc_row][vc_row gap=&#8221;&#8221; disable_element=&#8221;yes&#8221;][vc_column]<div class=\"heading-with-separator text-center id_169e534a3ebd2b340270983   \"><div class=\"header-content\">\n\t\t\t<p class=\"h-subheading\"><\/p>\n\t\t\t<h3 class=\"heading  \" style=\"; letter-spacing: 0px; \">Experiences<\/h3><\/div><\/div><div class=\"custom-styles\" data-styles=\".id_169e534a3ebd2b340270983 .heading-decorator-1:before, .id_169e534a3ebd2b340270983 .heading-decorator-1:after { border-color: }\"><\/div>[\/vc_column][\/vc_row]<\/p>","protected":false},"excerpt":{"rendered":"<p>[vc_row full_width=&#8221;stretch_row&#8221; gap=&#8221;&#8221; parallax_image=&#8221;2743&#8243; disable_element=&#8221;yes&#8221; overlay_color=&#8221;rgba(255,255,255,0.16)&#8221; text_color=&#8221;#ffffff&#8221; css=&#8221;.vc_custom_1745242253843{padding-top: 220px !important;padding-bottom: 140px !important;}&#8221;][vc_column][vc_column_text] Masseria Dagilupi a s\u00e9lectionn\u00e9 une liste de services exclusifs pour rendre le s\u00e9jour de ses h\u00f4tes unique. Les r\u00e9server est facile et les vivre sera une exp\u00e9rience qui vous comblera de sensations uniques et sp\u00e9ciales : les plus beaux souvenir d\u2019une exp\u00e9rience 100%[&#8230;] <a href=\"https:\/\/www.dagilupi.com\/index.php\/experiences?lang=fr\" class=\"more-link\">Continue reading<\/a><\/p>\n","protected":false},"author":3,"featured_media":0,"parent":0,"menu_order":0,"comment_status":"closed","ping_status":"closed","template":"","meta":[],"_links":{"self":[{"href":"https:\/\/www.dagilupi.com\/index.php\/wp-json\/wp\/v2\/pages\/5258"}],"collection":[{"href":"https:\/\/www.dagilupi.com\/index.php\/wp-json\/wp\/v2\/pages"}],"about":[{"href":"https:\/\/www.dagilupi.com\/index.php\/wp-json\/wp\/v2\/types\/page"}],"author":[{"embeddable":true,"href":"https:\/\/www.dagilupi.com\/index.php\/wp-json\/wp\/v2\/users\/3"}],"replies":[{"embeddable":true,"href":"https:\/\/www.dagilupi.com\/index.php\/wp-json\/wp\/v2\/comments?post=5258"}],"version-history":[{"count":16,"href":"https:\/\/www.dagilupi.com\/index.php\/wp-json\/wp\/v2\/pages\/5258\/revisions"}],"predecessor-version":[{"id":8259,"href":"https:\/\/www.dagilupi.com\/index.php\/wp-json\/wp\/v2\/pages\/5258\/revisions\/8259"}],"wp:attachment":[{"href":"https:\/\/www.dagilupi.com\/index.php\/wp-json\/wp\/v2\/media?parent=5258"}],"curies":[{"name":"wp","href":"https:\/\/api.w.org\/{rel}","templated":true}]}}