{"id":5068,"date":"2021-01-21T12:05:35","date_gmt":"2021-01-21T11:05:35","guid":{"rendered":"https:\/\/www.dagilupi.com\/index.php\/contacts"},"modified":"2021-01-21T12:05:41","modified_gmt":"2021-01-21T11:05:41","slug":"contacts","status":"publish","type":"page","link":"https:\/\/www.dagilupi.com\/index.php\/contacts?lang=fr","title":{"rendered":"Contacts"},"content":{"rendered":"<p>[vc_row full_width=&#8221;stretch_row&#8221; gap=&#8221;&#8221; parallax=&#8221;content-moving&#8221; parallax_image=&#8221;2578&#8243; css=&#8221;.vc_custom_1561052591374{padding-top: 260px !important;padding-bottom: 180px !important;}&#8221;][vc_column]<\/p>\n<div class=\"heading-with-separator text-center id_169f3168673476468859973  vc_custom_1561051699434  mb-0\"><div class=\"header-content\">\n\t\t\t<p class=\"h-subheading\"><\/p>\n\t\t\t<h1 class=\"heading  \" style=\"color: #ffffff; letter-spacing: 0px; \">Contact<\/h1><\/div><\/div><div class=\"custom-styles\" data-styles=\".id_169f3168673476468859973 .heading-decorator-1:before, .id_169f3168673476468859973 .heading-decorator-1:after { border-color: }\"><\/div>\n<p>[\/vc_column][\/vc_row][vc_row gap=&#8221;&#8221; css=&#8221;.vc_custom_1561052949358{padding-top: 40px !important;}&#8221;][vc_column width=&#8221;5\/12&#8243;]<div class=\"heading-with-separator text-left id_169f31686734b82132973602  vc_custom_1561051870122  \"><div class=\"header-content\">\n\t\t\t<p class=\"h-subheading\"><\/p>\n\t\t\t<h3 class=\"heading  \" style=\"; letter-spacing: 0px; \">Contact info<\/h3><\/div><\/div><div class=\"custom-styles\" data-styles=\".id_169f31686734b82132973602 .heading-decorator-1:before, .id_169f31686734b82132973602 .heading-decorator-1:after { border-color: }\"><\/div>[vc_row_inner css=&#8221;.vc_custom_1545119646455{margin-bottom: 40px !important;}&#8221;][vc_column_inner][vc_column_text]<\/p>\n<p>Masseria Dagilupi<\/p>\n<p>Contrada Lettiga Srl<br \/>72017 \u2013 Ostuni (Br) Italia<\/p>\n<p>40\u00b044\u201939\u2019\u2019N 17\u00b035\u201958\u2019\u2019E<br \/>40.744102, 17.599521<\/p>\n<p>+39 345 930 7998<br \/>welcome@dagilupi.com<\/p>\n<p>P.Iva : 02404180743<\/p>\n<p>[\/vc_column_text][\/vc_column_inner][\/vc_row_inner][\/vc_column][vc_column width=&#8221;7\/12&#8243;]<div class=\"heading-with-separator text-left id_169f31686734d11314004839  vc_custom_1561051875825  \"><div class=\"header-content\">\n\t\t\t<p class=\"h-subheading\"><\/p>\n\t\t\t<h3 class=\"heading  \" style=\"; letter-spacing: 0px; \">Contact us<\/h3><\/div><\/div><div class=\"custom-styles\" data-styles=\".id_169f31686734d11314004839 .heading-decorator-1:before, .id_169f31686734d11314004839 .heading-decorator-1:after { border-color: }\"><\/div>[vc_row_inner css=&#8221;.vc_custom_1545119646455{margin-bottom: 40px !important;}&#8221;][vc_column_inner]<div role=\"form\" class=\"wpcf7\" id=\"wpcf7-f932-o1\" lang=\"en-US\" dir=\"ltr\">\n<div class=\"screen-reader-response\"><p role=\"status\" aria-live=\"polite\" aria-atomic=\"true\"><\/p> <ul><\/ul><\/div>\n<form action=\"\/index.php\/wp-json\/wp\/v2\/pages\/5068#wpcf7-f932-o1\" method=\"post\" class=\"wpcf7-form init\" novalidate=\"novalidate\" data-status=\"init\">\n<div style=\"display: none;\">\n<input type=\"hidden\" name=\"_wpcf7\" value=\"932\" \/>\n<input type=\"hidden\" name=\"_wpcf7_version\" value=\"5.5.6\" \/>\n<input type=\"hidden\" name=\"_wpcf7_locale\" value=\"en_US\" \/>\n<input type=\"hidden\" name=\"_wpcf7_unit_tag\" value=\"wpcf7-f932-o1\" \/>\n<input type=\"hidden\" name=\"_wpcf7_container_post\" value=\"0\" \/>\n<input type=\"hidden\" name=\"_wpcf7_posted_data_hash\" value=\"\" \/>\n<\/div>\n<div class=\"fieldset\">\n<p class=\"field-name form-control\"><label>Your Name <span class=\"required\">*<\/span><\/label><span class=\"wpcf7-form-control-wrap your-name\"><input type=\"text\" name=\"your-name\" value=\"\" size=\"40\" class=\"wpcf7-form-control wpcf7-text wpcf7-validates-as-required\" aria-required=\"true\" aria-invalid=\"false\" \/><\/span>\n<p class=\"field-mail  form-control\"><label>Your Email <span class=\"required\">*<\/span><\/label><span class=\"wpcf7-form-control-wrap your-email\"><input type=\"email\" name=\"your-email\" value=\"\" size=\"40\" class=\"wpcf7-form-control wpcf7-text wpcf7-email wpcf7-validates-as-required wpcf7-validates-as-email\" aria-required=\"true\" aria-invalid=\"false\" \/><\/span> <\/p>\n<\/div>\n<p class=\"field-subject  form-control\"><label>Subject<\/label><span class=\"wpcf7-form-control-wrap your-subject\"><input type=\"text\" name=\"your-subject\" value=\"\" size=\"40\" class=\"wpcf7-form-control wpcf7-text\" aria-invalid=\"false\" \/><\/span> <\/p>\n<p class=\"field-message  form-control\"><label>Your Message<\/label><span class=\"wpcf7-form-control-wrap your-message\"><textarea name=\"your-message\" cols=\"40\" rows=\"10\" class=\"wpcf7-form-control wpcf7-textarea\" aria-invalid=\"false\"><\/textarea><\/span> <\/p>\n<p class=\"text-right form-submit\"><input type=\"submit\" value=\"Send\" class=\"wpcf7-form-control has-spinner wpcf7-submit\" \/><\/p>\n<div class=\"wpcf7-response-output\" aria-hidden=\"true\"><\/div><\/form><\/div>[\/vc_column_inner][\/vc_row_inner][\/vc_column][\/vc_row][vc_row gap=&#8221;&#8221;][vc_column][vc_gmaps link=&#8221;#E-8_JTNDaWZyYW1lJTIwc3JjJTNEJTIyaHR0cHMlM0ElMkYlMkZ3d3cuZ29vZ2xlLmNvbSUyRm1hcHMlMkZlbWJlZCUzRnBiJTNEJTIxMW0xOCUyMTFtMTIlMjExbTMlMjExZDE1NjMwNzUuMzEwOTgzNTY3NyUyMTJkMTUuNzk3ODE0NjM0MzgyNjAyJTIxM2Q0MC4wNzgwNTYwMjc5Mzc0NiUyMTJtMyUyMTFmMCUyMTJmMCUyMTNmMCUyMTNtMiUyMTFpMTAyNCUyMTJpNzY4JTIxNGYxMy4xJTIxM20zJTIxMW0yJTIxMXMweDEzNDY0MzdiZDUyZGI1ZDMlMjUzQTB4ZTdmOWVkNTM3YmU4ODlhNiUyMTJzTWFzc2VyaWElMkJEYWdpbHVwaSUyMTVlMCUyMTNtMiUyMTFzaXQlMjEyc2l0JTIxNHYxNTYxMDUyODkzMTQzJTIxNW0yJTIxMXNpdCUyMTJzaXQlMjIlMjB3aWR0aCUzRCUyMjYwMCUyMiUyMGhlaWdodCUzRCUyMjQ1MCUyMiUyMGZyYW1lYm9yZGVyJTNEJTIyMCUyMiUyMHN0eWxlJTNEJTIyYm9yZGVyJTNBMCUyMiUyMGFsbG93ZnVsbHNjcmVlbiUzRSUzQyUyRmlmcmFtZSUzRQ==&#8221; el_class=&#8221;gray-map&#8221;][\/vc_column][\/vc_row][vc_row gap=&#8221;&#8221;][vc_column width=&#8221;5\/12&#8243;]<div class=\"heading-with-separator text-left id_169f316867381d916144552  vc_custom_1561052229776  \"><div class=\"header-content\">\n\t\t\t<p class=\"h-subheading\"><\/p>\n\t\t\t<h3 class=\"heading  \" style=\"; letter-spacing: 0px; \">how to arrive<\/h3><\/div><\/div><div class=\"custom-styles\" data-styles=\".id_169f316867381d916144552 .heading-decorator-1:before, .id_169f316867381d916144552 .heading-decorator-1:after { border-color: }\"><\/div>[vc_row_inner css=&#8221;.vc_custom_1545119646455{margin-bottom: 40px !important;}&#8221;][vc_column_inner]<div class=\"heading-with-separator text-left id_169f31686738361532569067  vc_custom_1561323329244  \"><div class=\"header-content\">\n\t\t\t<p class=\"h-subheading\"><\/p>\n\t\t\t<h6 class=\"heading  \" style=\"; letter-spacing: 0px; \">Airport<\/h6><\/div><\/div><div class=\"custom-styles\" data-styles=\".id_169f31686738361532569067 .heading-decorator-1:before, .id_169f31686738361532569067 .heading-decorator-1:after { border-color: }\"><\/div>[vc_column_text]<\/p>\n<p><strong><b>Brindisi \u2013 Aeroporto del Salento<br \/><\/b><\/strong>25 min (36 km)<\/p>\n<p><strong><b>Bari Palese \u2013 Carol Wojtyla<br \/><\/b><\/strong>1 h (102 km)<\/p>\n<p>[\/vc_column_text][\/vc_column_inner][\/vc_row_inner]<div class=\"heading-with-separator text-left id_169f3168673849210065113   \"><div class=\"header-content\">\n\t\t\t<p class=\"h-subheading\"><\/p>\n\t\t\t<h6 class=\"heading  \" style=\"; letter-spacing: 0px; \">By car<\/h6><\/div><\/div><div class=\"custom-styles\" data-styles=\".id_169f3168673849210065113 .heading-decorator-1:before, .id_169f3168673849210065113 .heading-decorator-1:after { border-color: }\"><\/div>[\/vc_column][vc_column width=&#8221;7\/12&#8243;][\/vc_column][\/vc_row][vc_row gap=&#8221;&#8221;][vc_column width=&#8221;1\/2&#8243;][vc_row_inner css=&#8221;.vc_custom_1545119646455{margin-bottom: 40px !important;}&#8221;][vc_column_inner][vc_column_text]<\/p>\n<p><strong>Depuis Brindisi&nbsp;:<\/strong><\/p>\n<p>Sortie a\u00e9roport : Prendre la voie rapide (SS379\/E55) direction de Bari<br \/>Km 28 : prendre sortie &#8220;Ostuni\/Torre Pozzella&#8221; (SP21)<br \/>Km 35,1 : prendre \u00e0 droite (contrada Locapagliaro) direction Masseria Dagilupi<br \/>Km 35,5 : tourner \u00e0 gauche (chemin de terre, Contrada Lettiga) direction Masseria Dagilupi.<br \/>Km 35,7 : Vous \u00eates arriv\u00e9s.<\/p>\n<p>[\/vc_column_text][\/vc_column_inner][\/vc_row_inner][\/vc_column][vc_column width=&#8221;1\/2&#8243;][vc_row_inner css=&#8221;.vc_custom_1545119646455{margin-bottom: 40px !important;}&#8221;][vc_column_inner][vc_column_text]<\/p>\n<p><strong>Depuis Bari&nbsp;:<\/strong><\/p>\n<p>Sortie a\u00e9roport : prendre direction Tangenziale \/ Brindisi \/ Bari Centre, puis Bari \/ Taranto \/ Brindisi<br \/>Km 2,8 : sortir \u00e0 droite sortie Bari Centre \/ Brindisi \/ Taranto (SS16), rester sur SS16 pendant 97 kms.<br \/>Km 100 : prendre sortie &#8220;Ostuni\/Torre Pozzella&#8221; (SP21)<br \/>Km 107,1 : prendre \u00e0 droite (contrada Locapagliaro) direction Masseria Dagilupi<br \/>Km 107,5 : tourner \u00e0 gauche (chemin de terre, Contrada Lettiga) direction Masseria Dagilupi.<br \/>Km 107,7 : Vous \u00eates arriv\u00e9s.<\/p>\n<p>[\/vc_column_text][\/vc_column_inner][\/vc_row_inner][\/vc_column][\/vc_row][vc_row gap=&#8221;&#8221;][vc_column width=&#8221;2\/3&#8243;][vc_single_image image=&#8221;3043&#8243; img_size=&#8221;full&#8221; alignment=&#8221;center&#8221;][\/vc_column][vc_column width=&#8221;1\/3&#8243;][vc_column_text]<\/p>\n<p>A la fronti\u00e8re de la Vall\u00e9e d\u2019Itria et du Haut-Salento, Ostuni est le point de d\u00e9part id\u00e9al pour rayonner et visiter les villes blanches des Pouilles et les ports antiques des c\u00f4tes adriatiques ou ioniennes.<\/p>\n<p><strong>Distances depuis le Masseria Daglupi&nbsp;: <\/strong><\/p>\n<ul>\n<li>Alberobello 49 km \/ 45 Min<\/li>\n<li>Locorotondo 30 km \/ 40 Min<\/li>\n<li>Martina Franca 28 km \/ 35 Min<\/li>\n<li>Ceglie Messapica 16 km \/ 20 Min<\/li>\n<li>Cisternino 18 km \/ 20 Min<\/li>\n<li>Fasano 30 km \/ 25 Min<\/li>\n<li>Monopoli 47 km \/ 35 Min<\/li>\n<li>Polignano a mare 54 km\/ 40 Min<\/li>\n<li>Castellana Grotte 56 km \/ 45 Min<\/li>\n<li>Brindisi 36 km \/ 30 Min<\/li>\n<li>Lecce 75 km \/ 50 Min<\/li>\n<li>Taranto 60 km \/ 55 Min<\/li>\n<li>Bari 87 km \/ 60 Min<\/li>\n<\/ul>\n<p>[\/vc_column_text][\/vc_column][\/vc_row]<\/p>","protected":false},"excerpt":{"rendered":"<p>[vc_row full_width=&#8221;stretch_row&#8221; gap=&#8221;&#8221; parallax=&#8221;content-moving&#8221; parallax_image=&#8221;2578&#8243; css=&#8221;.vc_custom_1561052591374{padding-top: 260px !important;padding-bottom: 180px !important;}&#8221;][vc_column] [\/vc_column][\/vc_row][vc_row gap=&#8221;&#8221; css=&#8221;.vc_custom_1561052949358{padding-top: 40px !important;}&#8221;][vc_column width=&#8221;5\/12&#8243;][vc_row_inner css=&#8221;.vc_custom_1545119646455{margin-bottom: 40px !important;}&#8221;][vc_column_inner][vc_column_text] Masseria Dagilupi Contrada Lettiga Srl72017 \u2013 Ostuni (Br) Italia 40\u00b044\u201939\u2019\u2019N 17\u00b035\u201958\u2019\u2019E40.744102, 17.599521 +39 345 930 7998welcome@dagilupi.com P.Iva : 02404180743 [\/vc_column_text][\/vc_column_inner][\/vc_row_inner][\/vc_column][vc_column width=&#8221;7\/12&#8243;][vc_row_inner css=&#8221;.vc_custom_1545119646455{margin-bottom: 40px !important;}&#8221;][vc_column_inner][\/vc_column_inner][\/vc_row_inner][\/vc_column][\/vc_row][vc_row gap=&#8221;&#8221;][vc_column][vc_gmaps link=&#8221;#E-8_JTNDaWZyYW1lJTIwc3JjJTNEJTIyaHR0cHMlM0ElMkYlMkZ3d3cuZ29vZ2xlLmNvbSUyRm1hcHMlMkZlbWJlZCUzRnBiJTNEJTIxMW0xOCUyMTFtMTIlMjExbTMlMjExZDE1NjMwNzUuMzEwOTgzNTY3NyUyMTJkMTUuNzk3ODE0NjM0MzgyNjAyJTIxM2Q0MC4wNzgwNTYwMjc5Mzc0NiUyMTJtMyUyMTFmMCUyMTJmMCUyMTNmMCUyMTNtMiUyMTFpMTAyNCUyMTJpNzY4JTIxNGYxMy4xJTIxM20zJTIxMW0yJTIxMXMweDEzNDY0MzdiZDUyZGI1ZDMlMjUzQTB4ZTdmOWVkNTM3YmU4ODlhNiUyMTJzTWFzc2VyaWElMkJEYWdpbHVwaSUyMTVlMCUyMTNtMiUyMTFzaXQlMjEyc2l0JTIxNHYxNTYxMDUyODkzMTQzJTIxNW0yJTIxMXNpdCUyMTJzaXQlMjIlMjB3aWR0aCUzRCUyMjYwMCUyMiUyMGhlaWdodCUzRCUyMjQ1MCUyMiUyMGZyYW1lYm9yZGVyJTNEJTIyMCUyMiUyMHN0eWxlJTNEJTIyYm9yZGVyJTNBMCUyMiUyMGFsbG93ZnVsbHNjcmVlbiUzRSUzQyUyRmlmcmFtZSUzRQ==&#8221; el_class=&#8221;gray-map&#8221;][\/vc_column][\/vc_row][vc_row gap=&#8221;&#8221;][vc_column width=&#8221;5\/12&#8243;][vc_row_inner css=&#8221;.vc_custom_1545119646455{margin-bottom: 40px !important;}&#8221;][vc_column_inner][vc_column_text] Brindisi \u2013 Aeroporto del[&#8230;] <a href=\"https:\/\/www.dagilupi.com\/index.php\/contacts?lang=fr\" class=\"more-link\">Continue reading<\/a><\/p>\n","protected":false},"author":3,"featured_media":0,"parent":0,"menu_order":0,"comment_status":"closed","ping_status":"closed","template":"","meta":[],"_links":{"self":[{"href":"https:\/\/www.dagilupi.com\/index.php\/wp-json\/wp\/v2\/pages\/5068"}],"collection":[{"href":"https:\/\/www.dagilupi.com\/index.php\/wp-json\/wp\/v2\/pages"}],"about":[{"href":"https:\/\/www.dagilupi.com\/index.php\/wp-json\/wp\/v2\/types\/page"}],"author":[{"embeddable":true,"href":"https:\/\/www.dagilupi.com\/index.php\/wp-json\/wp\/v2\/users\/3"}],"replies":[{"embeddable":true,"href":"https:\/\/www.dagilupi.com\/index.php\/wp-json\/wp\/v2\/comments?post=5068"}],"version-history":[{"count":3,"href":"https:\/\/www.dagilupi.com\/index.php\/wp-json\/wp\/v2\/pages\/5068\/revisions"}],"predecessor-version":[{"id":5071,"href":"https:\/\/www.dagilupi.com\/index.php\/wp-json\/wp\/v2\/pages\/5068\/revisions\/5071"}],"wp:attachment":[{"href":"https:\/\/www.dagilupi.com\/index.php\/wp-json\/wp\/v2\/media?parent=5068"}],"curies":[{"name":"wp","href":"https:\/\/api.w.org\/{rel}","templated":true}]}}