{"id":4104,"date":"2020-02-29T12:25:03","date_gmt":"2020-02-29T12:25:03","guid":{"rendered":"https:\/\/www.dagilupi.com\/index.php\/experiences-3\/massages"},"modified":"2025-04-21T18:04:26","modified_gmt":"2025-04-21T16:04:26","slug":"e-bike","status":"publish","type":"page","link":"https:\/\/www.dagilupi.com\/index.php\/experiences\/e-bike?lang=fr","title":{"rendered":"E-bike"},"content":{"rendered":"<p>[vc_row full_width=&#8221;stretch_row&#8221; gap=&#8221;&#8221; parallax_image=&#8221;8186&#8243; overlay_color=&#8221;rgba(255,255,255,0.29)&#8221; css=&#8221;.vc_custom_1745251075328{padding-top: 220px !important;padding-bottom: 140px !important;}&#8221;][vc_column text_color=&#8221;#ffffff&#8221;]<div class=\"heading-with-separator text-center id_169f3152ba9dee1235787473   \"><div class=\"header-content\">\n\t\t\t<p class=\"h-subheading\"><\/p>\n\t\t\t<h3 class=\"heading  \" style=\"; letter-spacing: 0px; \">E-bike et E-tour<br \/>\nen collaboration avec<br \/>\nOstuni Bike<\/h3><\/div><\/div><div class=\"custom-styles\" data-styles=\".id_169f3152ba9dee1235787473 .heading-decorator-1:before, .id_169f3152ba9dee1235787473 .heading-decorator-1:after { border-color: }\"><\/div>[\/vc_column][\/vc_row][vc_row full_width=&#8221;stretch_row_content_no_spaces&#8221; gap=&#8221;&#8221; equal_height=&#8221;yes&#8221; content_placement=&#8221;middle&#8221;][vc_column parallax_image=&#8221;8182&#8243; width=&#8221;2\/3&#8243; css=&#8221;.vc_custom_1745251455254{background-position: center !important;background-repeat: no-repeat !important;background-size: cover !important;}&#8221; el_class=&#8221;vc_hidden-xs vc_hidden-sm&#8221;][\/vc_column][vc_column width=&#8221;1\/3&#8243;][vc_empty_space height=&#8221;80px&#8221; height2=&#8221;0&#8243; css=&#8221;.vc_custom_1582990723730{padding-right: 40px !important;padding-left: 40px !important;}&#8221;][vc_single_image image=&#8221;8182&#8243; img_size=&#8221;full&#8221; el_class=&#8221;vc_hidden-md vc_hidden-lg&#8221; css=&#8221;.vc_custom_1745251211153{margin-bottom: 0px !important;}&#8221;]<div class=\"heading-with-separator text-center id_169f3152ba9e19810275362  vc_custom_1650472739410  offset-left-lg\"><div class=\"header-content\">\n\t\t\t<p class=\"h-subheading\"><\/p>\n\t\t\t<h4 class=\"heading  \" style=\"; letter-spacing: 0px; \">Beaut\u00e9<\/h4><\/div><\/div><div class=\"custom-styles\" data-styles=\".id_169f3152ba9e19810275362 .heading-decorator-1:before, .id_169f3152ba9e19810275362 .heading-decorator-1:after { border-color: }\"><\/div>[vc_column_text css=&#8221;.vc_custom_1745250431045{margin-bottom: 0px !important;padding-right: 60px !important;padding-bottom: 60px !important;padding-left: 60px !important;background-color: #ffffff !important;}&#8221; el_class=&#8221;offset-left-lg&#8221;]<\/p>\n<p style=\"text-align: left;\">Explorez Ostuni et ses environs en v\u00e9lo \u00e9lectrique avec Ostuni Bike.<\/p>\n<p>D\u00e9couvrez la magie d\u2019Ostuni d\u2019une mani\u00e8re \u00e9cologique et passionnante en collaboration avec Ostuni Bike<\/p>\n<p>Enfourchez un v\u00e9lo \u00e9lectrique et parcourez les charmantes ruelles de la ville blanche, sa riche architecture et sa vie locale anim\u00e9e.<\/p>\n<p>Aventurez-vous dans la campagne pittoresque le long d\u2019anciens sentiers \u00e0 travers la plaine d\u2019oliviers monumentaux, gardiens s\u00e9culaires de notre terre. Envie de mer ? Suivez la piste cyclable c\u00f4ti\u00e8re pour atteindre des criques cach\u00e9es, des eaux cristallines et des vues \u00e0 couper le souffle le long de la c\u00f4te adriatique.<\/p>\n<p>Une exp\u00e9rience inoubliable alliant nature, histoire et charme local, \u00e0 votre rythme.<\/p>\n<p>[\/vc_column_text][vc_empty_space height=&#8221;80px&#8221; height2=&#8221;0&#8243;][\/vc_column][\/vc_row][vc_row full_width=&#8221;stretch_row_content_no_spaces&#8221; gap=&#8221;&#8221; equal_height=&#8221;yes&#8221; content_placement=&#8221;middle&#8221; disable_element=&#8221;yes&#8221;][vc_column width=&#8221;1\/3&#8243; el_class=&#8221;z-index-up&#8221;][vc_empty_space height=&#8221;80px&#8221; height2=&#8221;0&#8243; css=&#8221;.vc_custom_1582990759638{padding-right: 40px !important;padding-left: 40px !important;}&#8221;][vc_single_image image=&#8221;2480&#8243; img_size=&#8221;full&#8221; alignment=&#8221;center&#8221; el_class=&#8221;vc_hidden-md vc_hidden-lg&#8221; css=&#8221;.vc_custom_1582821378247{margin-bottom: 0px !important;}&#8221;]<div class=\"heading-with-separator text-center id_169f3152ba9e341100495578  vc_custom_1582821479540  offset-right-lg\"><div class=\"header-content\">\n\t\t\t<p class=\"h-subheading\"><\/p>\n\t\t\t<h4 class=\"heading  \" style=\"; letter-spacing: 0px; \">Massages d'ici et d'ailleurs<\/h4><\/div><\/div><div class=\"custom-styles\" data-styles=\".id_169f3152ba9e341100495578 .heading-decorator-1:before, .id_169f3152ba9e341100495578 .heading-decorator-1:after { border-color: }\"><\/div>[vc_column_text css=&#8221;.vc_custom_1618581270294{margin-bottom: 0px !important;padding-right: 60px !important;padding-bottom: 60px !important;padding-left: 60px !important;background-color: #ffffff !important;}&#8221; el_class=&#8221;offset-right-lg&#8221;]<\/p>\n<p style=\"text-align: center;\"><strong>Massage lymphatique\u00a0 drainant<br \/>\n<a href=\"https:\/\/spachezvous.it\/servizi\/massaggio-linfodrenante-vodder\/\" class=\"btn btn-md btn-accent btn-solid\" target=\"_self\" data-btn-text=\"Book here\"><span class=\"btn-text\">Book here<\/span><\/a><\/strong><\/p>\n<p style=\"text-align: center;\"><strong>Massage su\u00e9dois classique<\/strong><br \/>\n<strong><a href=\"https:\/\/spachezvous.it\/servizi\/massaggio-classico-svedese\/\" class=\"btn btn-md btn-accent btn-solid\" target=\"_self\" data-btn-text=\"Book here\"><span class=\"btn-text\">Book here<\/span><\/a><\/strong><\/p>\n<p style=\"text-align: center;\"><strong>Massage californien<br \/>\n<\/strong><strong><a href=\"https:\/\/spachezvous.it\/servizi\/massaggio-californiano\/\" class=\"btn btn-md btn-accent btn-solid\" target=\"_self\" data-btn-text=\"Book here\"><span class=\"btn-text\">Book here<\/span><\/a><\/strong><\/p>\n<p style=\"text-align: center;\"><strong>Massage cognitif<br \/>\n<a href=\"https:\/\/spachezvous.it\/servizi\/massaggio-connettivale\/\" class=\"btn btn-md btn-accent btn-solid\" target=\"_self\" data-btn-text=\"Book here\"><span class=\"btn-text\">Book here<\/span><\/a><\/strong><\/p>\n<p style=\"text-align: center;\"><strong>Gommage corporel &amp; bain de vapeur swedana<\/strong><strong><br \/>\n<strong><a href=\"https:\/\/spachezvous.it\/servizi\/scrub-corpo-e-bagno-di-vapore-swedana\/\" class=\"btn btn-md btn-accent btn-solid\" target=\"_self\" data-btn-text=\"Book here\"><span class=\"btn-text\">Book here<\/span><\/a><\/strong><\/strong><\/p>\n<p><em>Dans votre chambre ou sous nos arbres<\/em>[\/vc_column_text][vc_empty_space height=&#8221;80px&#8221; height2=&#8221;0&#8243;][\/vc_column][vc_column parallax_image=&#8221;2480&#8243; width=&#8221;2\/3&#8243; css=&#8221;.vc_custom_1582980276597{background-position: center !important;background-repeat: no-repeat !important;background-size: cover !important;}&#8221; el_class=&#8221;vc_hidden-xs vc_hidden-sm&#8221;][\/vc_column][\/vc_row][vc_row][vc_column]<div class=\" vc_custom_1650462795245\"><div class=\"rokka-buttons-container  space\" style=\"justify-content: flex-start; align-items: center\"><div class=\"btn-wrapper text-center id_169f3152ba9ef31930883185   icon-left \" ><a href=\"https:\/\/www.dagilupi.com\/index.php\/experiences?lang=fr\"  class=\"btn btn-md btn-accent btn-solid\" data-btn-text=\"Retour aux Experiences\">Retour aux Experiences<\/a><\/div><div class=\"btn-wrapper text-center id_169f3152baa1f41066138617   icon-left \" ><a href=\"https:\/\/www.dagilupi.com\/index.php\/our-rooms?lang=fr\"  class=\"btn btn-md btn-accent btn-solid\" data-btn-text=\"Retour aux Chambres\">Retour aux Chambres<\/a><\/div><\/div><\/div>[\/vc_column][\/vc_row]<\/p>","protected":false},"excerpt":{"rendered":"<p>[vc_row full_width=&#8221;stretch_row&#8221; gap=&#8221;&#8221; parallax_image=&#8221;8186&#8243; overlay_color=&#8221;rgba(255,255,255,0.29)&#8221; css=&#8221;.vc_custom_1745251075328{padding-top: 220px !important;padding-bottom: 140px !important;}&#8221;][vc_column text_color=&#8221;#ffffff&#8221;][\/vc_column][\/vc_row][vc_row full_width=&#8221;stretch_row_content_no_spaces&#8221; gap=&#8221;&#8221; equal_height=&#8221;yes&#8221; content_placement=&#8221;middle&#8221;][vc_column parallax_image=&#8221;8182&#8243; width=&#8221;2\/3&#8243; css=&#8221;.vc_custom_1745251455254{background-position: center !important;background-repeat: no-repeat !important;background-size: cover !important;}&#8221; el_class=&#8221;vc_hidden-xs vc_hidden-sm&#8221;][\/vc_column][vc_column width=&#8221;1\/3&#8243;][vc_empty_space height=&#8221;80px&#8221; height2=&#8221;0&#8243; css=&#8221;.vc_custom_1582990723730{padding-right: 40px !important;padding-left: 40px !important;}&#8221;][vc_single_image image=&#8221;8182&#8243; img_size=&#8221;full&#8221; el_class=&#8221;vc_hidden-md vc_hidden-lg&#8221; css=&#8221;.vc_custom_1745251211153{margin-bottom: 0px !important;}&#8221;][vc_column_text css=&#8221;.vc_custom_1745250431045{margin-bottom: 0px !important;padding-right: 60px !important;padding-bottom: 60px !important;padding-left: 60px !important;background-color: #ffffff !important;}&#8221; el_class=&#8221;offset-left-lg&#8221;] Explorez Ostuni[&#8230;] <a href=\"https:\/\/www.dagilupi.com\/index.php\/experiences\/e-bike?lang=fr\" class=\"more-link\">Continue reading<\/a><\/p>\n","protected":false},"author":3,"featured_media":0,"parent":5258,"menu_order":0,"comment_status":"closed","ping_status":"closed","template":"","meta":[],"_links":{"self":[{"href":"https:\/\/www.dagilupi.com\/index.php\/wp-json\/wp\/v2\/pages\/4104"}],"collection":[{"href":"https:\/\/www.dagilupi.com\/index.php\/wp-json\/wp\/v2\/pages"}],"about":[{"href":"https:\/\/www.dagilupi.com\/index.php\/wp-json\/wp\/v2\/types\/page"}],"author":[{"embeddable":true,"href":"https:\/\/www.dagilupi.com\/index.php\/wp-json\/wp\/v2\/users\/3"}],"replies":[{"embeddable":true,"href":"https:\/\/www.dagilupi.com\/index.php\/wp-json\/wp\/v2\/comments?post=4104"}],"version-history":[{"count":15,"href":"https:\/\/www.dagilupi.com\/index.php\/wp-json\/wp\/v2\/pages\/4104\/revisions"}],"predecessor-version":[{"id":8229,"href":"https:\/\/www.dagilupi.com\/index.php\/wp-json\/wp\/v2\/pages\/4104\/revisions\/8229"}],"up":[{"embeddable":true,"href":"https:\/\/www.dagilupi.com\/index.php\/wp-json\/wp\/v2\/pages\/5258"}],"wp:attachment":[{"href":"https:\/\/www.dagilupi.com\/index.php\/wp-json\/wp\/v2\/media?parent=4104"}],"curies":[{"name":"wp","href":"https:\/\/api.w.org\/{rel}","templated":true}]}}