{"id":3432,"date":"2019-07-05T15:22:08","date_gmt":"2019-07-05T15:22:08","guid":{"rendered":"https:\/\/www.dagilupi.com\/index.php\/terms-and-conditions\/"},"modified":"2024-04-27T14:37:03","modified_gmt":"2024-04-27T12:37:03","slug":"terms-and-conditions","status":"publish","type":"page","link":"https:\/\/www.dagilupi.com\/index.php\/our-rooms\/terms-and-conditions?lang=de","title":{"rendered":"Terms and Conditions"},"content":{"rendered":"<p>[vc_row full_width=&#8221;stretch_row&#8221; gap=&#8221;remove-gap&#8221; content_placement=&#8221;top&#8221; parallax_image=&#8221;2980&#8243; overlay_color=&#8221;rgba(0,0,0,0.22)&#8221; text_color=&#8221;#ffffff&#8221; css=&#8221;.vc_custom_1646915591399{padding-top: 280px !important;padding-bottom: 200px !important;}&#8221;][vc_column]<div class=\"heading-with-separator text-center id_169f330e41684b1920609915  vc_custom_1646915385683  \"><div class=\"header-content\">\n\t\t\t<p class=\"h-subheading\"><\/p>\n\t\t\t<h1 class=\"heading  \" style=\"color: #ffffff; letter-spacing: 0px; \">Stornierungsregeln  und Verkaufbedingungen<\/h1><\/div><\/div><div class=\"custom-styles\" data-styles=\".id_169f330e41684b1920609915 .heading-decorator-1:before, .id_169f330e41684b1920609915 .heading-decorator-1:after { border-color: }\"><\/div>[\/vc_column][\/vc_row][vc_row gap=&#8221;&#8221; equal_height=&#8221;yes&#8221; content_placement=&#8221;middle&#8221; css=&#8221;.vc_custom_1545291048687{padding-top: 120px !important;padding-bottom: 120px !important;}&#8221;][vc_column][vc_row_inner][vc_column_inner][vc_column_text]<\/p>\n<h3>Bedingungen und Konditionen<\/h3>\n<p>Mit der Buchung eines Aufenthaltes bei uns erkl\u00e4ren Sie und die Sie begleitende(n) Person(en) sich mit den folgenden Bedingungen einverstanden.<br \/>\nW\u00e4hrend Ihres Aufenthaltes verpflichten Sie sich, die unten aufgef\u00fchrten Bedingungen einzuhalten. Wenn Sie Fragen zu Ihrer Buchung haben, kontaktieren Sie uns bitte im Voraus.<br \/>\nEs darf nur ein Erwachsener einen Aufenthalt buchen. Die maximal zul\u00e4ssige Anzahl von Personen pro Zimmer betr\u00e4gt 2 (zwei), sofern auf unserer Website (www.masseriadagilupi.com) nicht anders angegeben. Wenn die Person, die die Reservierung vornimmt, das Zimmer nicht belegt, kann Sie f\u00fcr Stornierung, Nichtanreise und Sch\u00e4den verantwortlich gemacht werden. Der Zugang zur Masseria ist nur denjenigen gestattet, die eine Reservierung vorgenommen haben. Besuchern ist der Zugang zu den Einrichtungen nur mit unserer ausdr\u00fccklichen Genehmigung gestattet.<\/p>\n<h4>Reservierung<\/h4>\n<p>Um Ihre Reservierung zu garantieren, ben\u00f6tigen wir eine Anzahlung von 30% des Gesamtbetrages der Reservierung. Die Zahlung kann online \u00fcber PayPal oder per \u00dcberweisung erfolgen.<br \/>\nAnzahlungen werden nur unter den unten genannten Bedingungen zur\u00fcckerstattet.<\/p>\n<h4>Bedingungen f\u00fcr Stornierung, Nichtanreise und R\u00fcckerstattung der bezahlten Betr\u00e4ge.<\/h4>\n<p>Die Regeln f\u00fcr die Erstattung bei Stornierungen und Nichterscheinen k\u00f6nnen sich je nach dem Zeitraum, in dem Sie buchen, und\/oder dem Tarif, den Sie zum Zeitpunkt Ihrer Buchung w\u00e4hlen, \u00e4ndern.<br \/>\nIm Allgemeinen und sofern bei Ihrer Buchung nicht anders angegeben, gelten die folgenden Regeln:<\/p>\n<ul>\n<li>Stornierung, die mehr als 42 Tage vor dem Ankunftsdatum erfolgt: volle R\u00fcckerstattung des bezahlten Betrags abz\u00fcglich eines Verwaltungsabzugs von 40\u20ac.<\/li>\n<li>Stornierung, die zwischen 42 und 20 Tage vor dem Ankunftdatum erfolgt: R\u00fcckerstattung von 50% des bezahlten Betrags abz\u00fcglich eines Verwaltungsabzugs von 40\u20ac.<\/li>\n<li>Stornierung die zwichen 20 und 1 Tag vor dem Ankunftsdatum erfolgt: keine R\u00fcckerstattung.<\/li>\n<li>G\u00e4ste, die 24 Stunden vor dem Ankunftsdatum stornieren oder die aus irgendeinem Grund nicht erscheinen, verlieren die geleistete Anzahlung und der gesamte Buchungsbetrag ist f\u00e4llig und wird in Rechnung gestellt.<\/li>\n<\/ul>\n<p>Die R\u00fcckerstattung erfolgt ab dem Tag des vorgeplantes Check-in.<\/p>\n<h4>Recht auf Ruhe und Privatsph\u00e4re<\/h4>\n<p>Alle G\u00e4ste verpflichten sich, die Privatsph\u00e4re und die Ruhe der anderen G\u00e4ste und der Eigent\u00fcmer zu jeder Zeit zu respektieren. Wir behalten uns das Recht vor, eine Buchung mit sofortiger Wirkung zu stornieren, wenn G\u00e4ste diese Vereinbarung nicht einhalten oder andere G\u00e4ste st\u00f6ren\/bel\u00e4stigen.<\/p>\n<h4>Maximale Anzahl von G\u00e4sten, Gruppen und unangemeldeten G\u00e4sten erlaubt.<\/h4>\n<p>Alle Zimmer\/Suiten sind nur f\u00fcr zwei Personen geeignet, es k\u00f6nnen keine Zusatzbetten aufgestellt werden. Die maximale Gruppengr\u00f6\u00dfe betr\u00e4gt 6 Personen (d.h. 3 Zimmer). Es ist verboten, nicht registrierte G\u00e4ste ohne unsere ausdr\u00fcckliche Erlaubnis in die Zimmer und auf das Grundst\u00fcck der Masseria Dagilupi zu bringen.<\/p>\n<h4>Kinderpolitik<\/h4>\n<p>Masseria Dagilupi ist ein Ort nur f\u00fcr Erwachsene.<br \/>\nKindern ab 16 Jahren ist der Aufenthalt in der Masseria erlaubt, wenn sie von einem Erwachsenen begleitet werden und unter der Verantwortung dieses Erwachsenen stehen. Kinderbetten und Zustellbetten sind nicht verf\u00fcgbar. Die maximale Anzahl von Personen in einem Zimmer ist 2.<\/p>\n<h4>Ankunft und Abreise<\/h4>\n<p>Die G\u00e4ste m\u00fcssen zu den unten aufgef\u00fchrten Zeiten ein- und auschecken:<\/p>\n<ul>\n<li>Check-in, Anreise: von 15.00 bis 18.00 Uhr. ach 18:00 Uhr wird eine Servicegeb\u00fchr von 20\u20ac berechnet.<\/li>\n<li>Check-out: vor 11.00 Uhr am Tag der Abreise.nach 11:00 Uhr wird eine Servicegeb\u00fchr von 20\u20ac berechnet.<\/li>\n<\/ul>\n<h4>Haustier-Politik<\/h4>\n<p>Haustiere sind nicht erlaubt.<\/p>\n<h4>Stornierung unsererseits<\/h4>\n<p>F\u00fcr den seltenen Fall, dass wir Ihre Buchung stornieren m\u00fcssen, beachten Sie bitte, dass wir f\u00fcr Umst\u00e4nde, die au\u00dferhalb unserer Kontrolle liegen, nicht verantwortlich gemacht werden k\u00f6nnen und unsere Haftung Ihnen gegen\u00fcber auf die R\u00fcckerstattung bereits geleisteter Zahlungen beschr\u00e4nkt ist.<\/p>\n<h4>Faire und angemessene Nutzung der Wi-Fi-Richtlinie<\/h4>\n<p>In den Zimmern und au\u00dferhalb der Masseria steht ein kostenloser Wi-Fi-Internetzugang zur Verf\u00fcgung. Die G\u00e4ste verpflichten sich, diesen Internetzugang fair und angemessen zu nutzen.<br \/>\nDer zur Verf\u00fcgung gestellte Internetzugang dient der allgemeinen Nutzung wie dem Zugriff auf das Web, E-Mail, Messaging, soziale Medien, leichte Videos, Musik und Streaming. Es ist nicht f\u00fcr starkes Media-Streaming, Online-Spiele und starke Downloads gedacht und geeignet. Der Zugriff auf eine illegale Aktivit\u00e4t oder die Nutzung unseres Netzwerks f\u00fcr eine illegale Aktivit\u00e4t ist nicht erlaubt und wird den \u00f6rtlichen Beh\u00f6rden gemeldet.<\/p>\n<h4>Besch\u00e4digungen<\/h4>\n<p>Wir behalten uns das Recht vor, der buchenden Partei alle Sch\u00e4den in Rechnung zu stellen, die w\u00e4hrend des Buchungsvorgangs entstanden sind. Dazu geh\u00f6ren Bruch, Flecken, Sch\u00e4den an M\u00f6beln oder Einrichtungen und Ger\u00e4ten. Jeder Unfallschaden sollte so schnell wie m\u00f6glich gemeldet werden, um den Schaden und die damit verbundenen Kosten zu minimieren. F\u00fcr verlorene Schl\u00fcssel wird eine Ersatzgeb\u00fchr pro verlorene Schl\u00fcssel erhoben.<br \/>\nVon G\u00e4sten w\u00e4hrend des Aufenthalts verlorene oder vergessene Gegenst\u00e4nde werden, wenn sie gefunden werden, einen Monat lang aufbewahrt. Obwohl wir unser Bestes tun, um verlorene Gegenst\u00e4nde ihren Besitzern zur\u00fcckzugeben, \u00fcbernehmen wir keine Verantwortung f\u00fcr den Ersatz verlorener Gegenst\u00e4nde und empfehlen unseren G\u00e4sten, sich zu vergewissern, dass sie alle ihre Gegenst\u00e4nde haben, bevor sie das Hotel verlassen.<\/p>\n<h4>verlorene und Gestohlene Gegenst\u00e4nde<\/h4>\n<p>Alle unsere Zimmer sind mit einem Safe ausgestattet. Es liegt in der Verantwortung eines jeden Gastes, seine Wertsachen zu sch\u00fctzen. Wir k\u00f6nnen nicht f\u00fcr den Verlust oder Diebstahl w\u00e4hrend Ihres Aufenthalts verantwortlich gemacht werden.[\/vc_column_text]<div class=\"btn-wrapper text-center id_169f330e416898516166   icon-left \" ><a href=\"https:\/\/www.dagilupi.com\/index.php\/our-rooms?lang=de\"  class=\"btn btn-lg btn-accent btn-solid\" data-btn-text=\"Zur\u00fcck zu den Zimmern\">Zur\u00fcck zu den Zimmern<\/a><\/div>[\/vc_column_inner][\/vc_row_inner][\/vc_column][\/vc_row]<\/p>","protected":false},"excerpt":{"rendered":"<p>[vc_row full_width=&#8221;stretch_row&#8221; gap=&#8221;remove-gap&#8221; content_placement=&#8221;top&#8221; parallax_image=&#8221;2980&#8243; overlay_color=&#8221;rgba(0,0,0,0.22)&#8221; text_color=&#8221;#ffffff&#8221; css=&#8221;.vc_custom_1646915591399{padding-top: 280px !important;padding-bottom: 200px !important;}&#8221;][vc_column][\/vc_column][\/vc_row][vc_row gap=&#8221;&#8221; equal_height=&#8221;yes&#8221; content_placement=&#8221;middle&#8221; css=&#8221;.vc_custom_1545291048687{padding-top: 120px !important;padding-bottom: 120px !important;}&#8221;][vc_column][vc_row_inner][vc_column_inner][vc_column_text] Bedingungen und Konditionen Mit der Buchung eines Aufenthaltes bei uns erkl\u00e4ren Sie und die Sie begleitende(n) Person(en) sich mit den folgenden Bedingungen einverstanden. W\u00e4hrend Ihres Aufenthaltes verpflichten Sie sich, die unten aufgef\u00fchrten Bedingungen einzuhalten. Wenn[&#8230;] <a href=\"https:\/\/www.dagilupi.com\/index.php\/our-rooms\/terms-and-conditions?lang=de\" class=\"more-link\">Continue reading<\/a><\/p>\n","protected":false},"author":3,"featured_media":0,"parent":3204,"menu_order":0,"comment_status":"closed","ping_status":"closed","template":"","meta":[],"_links":{"self":[{"href":"https:\/\/www.dagilupi.com\/index.php\/wp-json\/wp\/v2\/pages\/3432"}],"collection":[{"href":"https:\/\/www.dagilupi.com\/index.php\/wp-json\/wp\/v2\/pages"}],"about":[{"href":"https:\/\/www.dagilupi.com\/index.php\/wp-json\/wp\/v2\/types\/page"}],"author":[{"embeddable":true,"href":"https:\/\/www.dagilupi.com\/index.php\/wp-json\/wp\/v2\/users\/3"}],"replies":[{"embeddable":true,"href":"https:\/\/www.dagilupi.com\/index.php\/wp-json\/wp\/v2\/comments?post=3432"}],"version-history":[{"count":17,"href":"https:\/\/www.dagilupi.com\/index.php\/wp-json\/wp\/v2\/pages\/3432\/revisions"}],"predecessor-version":[{"id":8142,"href":"https:\/\/www.dagilupi.com\/index.php\/wp-json\/wp\/v2\/pages\/3432\/revisions\/8142"}],"up":[{"embeddable":true,"href":"https:\/\/www.dagilupi.com\/index.php\/wp-json\/wp\/v2\/pages\/3204"}],"wp:attachment":[{"href":"https:\/\/www.dagilupi.com\/index.php\/wp-json\/wp\/v2\/media?parent=3432"}],"curies":[{"name":"wp","href":"https:\/\/api.w.org\/{rel}","templated":true}]}}