{"id":3356,"date":"2019-07-05T07:47:45","date_gmt":"2019-07-05T07:47:45","guid":{"rendered":"https:\/\/www.dagilupi.com\/index.php\/recommadation\/contemporary-art-in-puglia\/"},"modified":"2019-08-03T14:07:30","modified_gmt":"2019-08-03T14:07:30","slug":"contemporary-art-in-puglia","status":"publish","type":"page","link":"https:\/\/www.dagilupi.com\/index.php\/todo\/contemporary-art-in-puglia?lang=de","title":{"rendered":"Zeitgen\u00f6ssische Kunst in Apulien"},"content":{"rendered":"<p>[vc_row full_width=&#8221;stretch_row&#8221; gap=&#8221;&#8221; parallax_image=&#8221;2966&#8243; overlay_color=&#8221;rgba(0,0,0,0.6)&#8221; text_color=&#8221;#ffffff&#8221; css=&#8221;.vc_custom_1562312639484{padding-top: 220px !important;padding-bottom: 140px !important;}&#8221;][vc_column]<div class=\"heading-with-separator text-center id_169fb2ef19d6091078348035   \"><div class=\"header-content\">\n\t\t\t<p class=\"h-subheading\"><\/p>\n\t\t\t<h1 class=\"heading  \" style=\"; letter-spacing: 0px; \">Zeitgen\u00f6ssische Kunst in Apulien<\/h1><\/div><\/div><div class=\"custom-styles\" data-styles=\".id_169fb2ef19d6091078348035 .heading-decorator-1:before, .id_169fb2ef19d6091078348035 .heading-decorator-1:after { border-color: }\"><\/div>[\/vc_column][\/vc_row][vc_row full_width=&#8221;stretch_row_content_no_spaces&#8221; gap=&#8221;&#8221; equal_height=&#8221;yes&#8221; content_placement=&#8221;middle&#8221;][vc_column parallax=&#8221;content-moving&#8221; parallax_image=&#8221;2963&#8243; width=&#8221;2\/3&#8243; css=&#8221;.vc_custom_1562312663503{background-position: center !important;background-repeat: no-repeat !important;background-size: cover !important;}&#8221; el_class=&#8221;vc_hidden-xs vc_hidden-sm&#8221;][\/vc_column][vc_column width=&#8221;1\/3&#8243;][vc_empty_space height=&#8221;120px&#8221; height2=&#8221;0&#8243; css=&#8221;.vc_custom_1545314682944{padding-right: 40px !important;padding-left: 40px !important;}&#8221;][vc_single_image image=&#8221;3319&#8243; img_size=&#8221;full&#8221; alignment=&#8221;center&#8221; el_class=&#8221;vc_hidden-md vc_hidden-lg&#8221; css=&#8221;.vc_custom_1562312673961{margin-bottom: 0px !important;}&#8221;]<div class=\"heading-with-separator text-center id_169fb2ef19d63d359628529  vc_custom_1564841172460  offset-left-lg\"><div class=\"header-content\">\n\t\t\t<p class=\"h-subheading\"><\/p>\n\t\t\t<h4 class=\"heading  \" style=\"; letter-spacing: 0px; \">Die Basilica von Siponto (Siponto-FG) <\/h4><\/div><\/div><div class=\"custom-styles\" data-styles=\".id_169fb2ef19d63d359628529 .heading-decorator-1:before, .id_169fb2ef19d63d359628529 .heading-decorator-1:after { border-color: }\"><\/div>[vc_column_text css=&#8221;.vc_custom_1564841186440{margin-bottom: 0px !important;padding-right: 60px !important;padding-bottom: 60px !important;padding-left: 60px !important;background-color: #ffffff !important;}&#8221; el_class=&#8221;offset-left-lg&#8221;]<\/p>\n<p style=\"text-align: center;\">Im arch\u00e4ologischen Park von Siponto, in der N\u00e4he von Manfredonia in Foggia, wurde 2016 der italienische K\u00fcnstler Edoardo Tresoldi beauftragt, ein grandioses Werk zu schaffen: Die Basilika Santa Maria Maggiore. Im Auftrag des Ministeriums f\u00fcr Kultur ist eine permanente Installation entstanden, die das Erscheinungsbild der urspr\u00fcnglichen fr\u00fchchristlichen Basilikaan dieser Stelle, nachstellt. Edoardo Tresoldi, Jahrgang 1987, wurde 2017 von Forbes auf deren Liste, der einflu\u00dfreichsten &#8220;30 unter 30-j\u00e4hrigen&#8221; gesetztSein Werk zeichnet sich durch die Arbeit mit Drahtgeflecht und den gigantischen Installationen aus, die er auf diese Weise schafft. Mit der Leichtigkeit des Materials gelingt es ihm eine \u00a0eine entfremdende Wirkung zu erzeugen. Das Siponto Werk, das den eindrucksvollen Titel tr\u00e4gt: &#8220;Wo Kunst die Zeit rekonstruiert&#8221;, ist 14 Meter hoch, wiegt etwa 7 Tonnen und bedurfte 4.500 Meter Drahtgeflecht zu seiner Erstellung.<\/p>\n<p>[\/vc_column_text][vc_empty_space height=&#8221;120px&#8221; height2=&#8221;0&#8243;][\/vc_column][\/vc_row][vc_row full_width=&#8221;stretch_row_content_no_spaces&#8221; gap=&#8221;&#8221; equal_height=&#8221;yes&#8221; content_placement=&#8221;middle&#8221;][vc_column width=&#8221;1\/3&#8243; el_class=&#8221;z-index-up&#8221;][vc_empty_space height=&#8221;120px&#8221; height2=&#8221;0&#8243; css=&#8221;.vc_custom_1545314682944{padding-right: 40px !important;padding-left: 40px !important;}&#8221;][vc_single_image image=&#8221;3333&#8243; img_size=&#8221;full&#8221; alignment=&#8221;center&#8221; el_class=&#8221;vc_hidden-md vc_hidden-lg&#8221; css=&#8221;.vc_custom_1562312695109{margin-bottom: 0px !important;}&#8221;]<div class=\"heading-with-separator text-center id_169fb2ef19d6671466579257  vc_custom_1564841198755  offset-right-lg\"><div class=\"header-content\">\n\t\t\t<p class=\"h-subheading\"><\/p>\n\t\t\t<h4 class=\"heading  \" style=\"; letter-spacing: 0px; \">Museo Pino Pascali (Polignano a Mare - BA)<\/h4><\/div><\/div><div class=\"custom-styles\" data-styles=\".id_169fb2ef19d6671466579257 .heading-decorator-1:before, .id_169fb2ef19d6671466579257 .heading-decorator-1:after { border-color: }\"><\/div>[vc_column_text css=&#8221;.vc_custom_1564841217826{margin-bottom: 0px !important;padding-right: 60px !important;padding-bottom: 60px !important;padding-left: 60px !important;background-color: #ffffff !important;}&#8221; el_class=&#8221;offset-right-lg&#8221;]<\/p>\n<p style=\"text-align: center;\">Das Pino Pascali Museum wurde 1998 nach einer wichtigen Spende der Familie Pascali gegr\u00fcndet. Pino Pascali, der 1968 im Alter von 33 Jahren auf tragische Weise verstarb, gilt als f\u00fchrendes Mitglied der Bewegung &#8220;arte povera&#8221;. Trotz seines jungen Alters hatte Pascali bereits 1965 die erste Einzelausstellung in einer renommierten r\u00f6mischen Galerie. Sie brachte ihm umgehendes Renommee ein. Einflussreiche und begeisterte Kunstkritiker bezeichneten ihn als &#8220;aufstrebenden Star der italienischen Kunst&#8221;. Es folgte eine prompte Einladung zur Teilnahme an der 34. Biennale in Venedig. Noch im gleichen Jahr erh\u00e4lt er den Internationalen Skulpturenpreis, mit dem er definitiv in den Rang der Gr\u00f6\u00dften in seinem Genre aufsteigt. Seit 2010 wird das Museum Pino Pascali zur Stiftung Pino Pascali und bietet neben der st\u00e4ndigen Pascali-Sammlung viele bedeutende Werke von zeitgen\u00f6ssischen apulischen K\u00fcnstlern sowie von anderen K\u00fcnstlern, die die Stiftung mit dem gleichnamigen Preis ausgezeichnet hat.<\/p>\n<p>[\/vc_column_text][vc_empty_space height=&#8221;120px&#8221; height2=&#8221;0&#8243;][\/vc_column][vc_column parallax=&#8221;content-moving&#8221; parallax_image=&#8221;2964&#8243; width=&#8221;2\/3&#8243; css=&#8221;.vc_custom_1562312685821{background-position: center !important;background-repeat: no-repeat !important;background-size: cover !important;}&#8221; el_class=&#8221;vc_hidden-xs vc_hidden-sm&#8221;][\/vc_column][\/vc_row][vc_row full_width=&#8221;stretch_row_content_no_spaces&#8221; gap=&#8221;&#8221; equal_height=&#8221;yes&#8221; content_placement=&#8221;middle&#8221; css=&#8221;.vc_custom_1545317448561{margin-top: 0px !important;margin-bottom: 0px !important;padding-top: 0px !important;padding-bottom: 0px !important;}&#8221;][vc_column parallax=&#8221;content-moving&#8221; parallax_image=&#8221;2965&#8243; width=&#8221;2\/3&#8243; css=&#8221;.vc_custom_1562312814891{background-position: center !important;background-repeat: no-repeat !important;background-size: cover !important;}&#8221; el_class=&#8221;vc_hidden-xs vc_hidden-sm&#8221;][\/vc_column][vc_column width=&#8221;1\/3&#8243;][vc_empty_space height=&#8221;120px&#8221; height2=&#8221;0&#8243; css=&#8221;.vc_custom_1545314682944{padding-right: 40px !important;padding-left: 40px !important;}&#8221;][vc_single_image image=&#8221;3334&#8243; img_size=&#8221;full&#8221; alignment=&#8221;center&#8221; el_class=&#8221;vc_hidden-md vc_hidden-lg&#8221; css=&#8221;.vc_custom_1562312716717{margin-bottom: 0px !important;}&#8221;]<div class=\"heading-with-separator text-center id_169fb2ef19d6931899685348  vc_custom_1564841233347  offset-left-lg\"><div class=\"header-content\">\n\t\t\t<p class=\"h-subheading\"><\/p>\n\t\t\t<h4 class=\"heading  \" style=\"; letter-spacing: 0px; \">Santuario della Pazienza (Sanctuary of Patience):<br \/>\nDas Museumshaus von Ezechiele Leandro (San Cesario \u2013 LE)<\/h4><\/div><\/div><div class=\"custom-styles\" data-styles=\".id_169fb2ef19d6931899685348 .heading-decorator-1:before, .id_169fb2ef19d6931899685348 .heading-decorator-1:after { border-color: }\"><\/div>[vc_column_text css=&#8221;.vc_custom_1564841243492{margin-bottom: 0px !important;padding-right: 60px !important;padding-bottom: 60px !important;padding-left: 60px !important;background-color: #ffffff !important;}&#8221; el_class=&#8221;offset-left-lg&#8221;]<\/p>\n<p style=\"text-align: center;\">Unbedingt besuchenswert im s\u00fcdlichsten Teil der sog. Stiefelferse von Italien, ist das Haus von Ezechiele Leandro, apulischer K\u00fcnstler &#8211; eine kontroverse und leidende Figur der zeitgen\u00f6ssischen Kunst. Das &#8220;santuario della pazienza&#8221;, so der Name, das Leandroseinem Hausmuseum in San Cesario gab, wurde 1975 nach 15 Jahren Arbeit von ihm selbst eingeweiht. Es ist ein Erlebnis, diesen Winkel der Welt zu betreten, der heutzutage von hohen Mauern umgeben ist, um Pl\u00fcnderungen und Vandalismus zu vermeiden. Das gesamte Gel\u00e4nde ist mit Schnitzereien und Mosaiken \u00fcbers\u00e4t, die die Apokalypse, die Passion Christi, das letzte Gericht, die Monster, mit denen Leandro k\u00e4mpfte, sowie verschiedene mythische Figuren nachzeichnen. Sie wurden von einem brillanten und komplexen Geist produziert. Diesen Ort zu besuchen, hei\u00dft von einer pr\u00e4chtigen &#8220;Poesie&#8221; aus Materialien \u00fcberrascht zu werden. Und dabei sind diese wunderbaren Kunstwerke in vielen F\u00e4llen aus Abfallstoffen entstanden.<\/p>\n<p>[\/vc_column_text][vc_empty_space height=&#8221;120px&#8221; height2=&#8221;0&#8243;][\/vc_column][\/vc_row]<\/p>","protected":false},"excerpt":{"rendered":"<p>[vc_row full_width=&#8221;stretch_row&#8221; gap=&#8221;&#8221; parallax_image=&#8221;2966&#8243; overlay_color=&#8221;rgba(0,0,0,0.6)&#8221; text_color=&#8221;#ffffff&#8221; css=&#8221;.vc_custom_1562312639484{padding-top: 220px !important;padding-bottom: 140px !important;}&#8221;][vc_column][\/vc_column][\/vc_row][vc_row full_width=&#8221;stretch_row_content_no_spaces&#8221; gap=&#8221;&#8221; equal_height=&#8221;yes&#8221; content_placement=&#8221;middle&#8221;][vc_column parallax=&#8221;content-moving&#8221; parallax_image=&#8221;2963&#8243; width=&#8221;2\/3&#8243; css=&#8221;.vc_custom_1562312663503{background-position: center !important;background-repeat: no-repeat !important;background-size: cover !important;}&#8221; el_class=&#8221;vc_hidden-xs vc_hidden-sm&#8221;][\/vc_column][vc_column width=&#8221;1\/3&#8243;][vc_empty_space height=&#8221;120px&#8221; height2=&#8221;0&#8243; css=&#8221;.vc_custom_1545314682944{padding-right: 40px !important;padding-left: 40px !important;}&#8221;][vc_single_image image=&#8221;3319&#8243; img_size=&#8221;full&#8221; alignment=&#8221;center&#8221; el_class=&#8221;vc_hidden-md vc_hidden-lg&#8221; css=&#8221;.vc_custom_1562312673961{margin-bottom: 0px !important;}&#8221;][vc_column_text css=&#8221;.vc_custom_1564841186440{margin-bottom: 0px !important;padding-right: 60px !important;padding-bottom: 60px !important;padding-left: 60px !important;background-color: #ffffff !important;}&#8221; el_class=&#8221;offset-left-lg&#8221;][&#8230;] <a href=\"https:\/\/www.dagilupi.com\/index.php\/todo\/contemporary-art-in-puglia?lang=de\" class=\"more-link\">Continue reading<\/a><\/p>\n","protected":false},"author":3,"featured_media":0,"parent":6059,"menu_order":5,"comment_status":"closed","ping_status":"closed","template":"","meta":[],"_links":{"self":[{"href":"https:\/\/www.dagilupi.com\/index.php\/wp-json\/wp\/v2\/pages\/3356"}],"collection":[{"href":"https:\/\/www.dagilupi.com\/index.php\/wp-json\/wp\/v2\/pages"}],"about":[{"href":"https:\/\/www.dagilupi.com\/index.php\/wp-json\/wp\/v2\/types\/page"}],"author":[{"embeddable":true,"href":"https:\/\/www.dagilupi.com\/index.php\/wp-json\/wp\/v2\/users\/3"}],"replies":[{"embeddable":true,"href":"https:\/\/www.dagilupi.com\/index.php\/wp-json\/wp\/v2\/comments?post=3356"}],"version-history":[{"count":5,"href":"https:\/\/www.dagilupi.com\/index.php\/wp-json\/wp\/v2\/pages\/3356\/revisions"}],"predecessor-version":[{"id":3654,"href":"https:\/\/www.dagilupi.com\/index.php\/wp-json\/wp\/v2\/pages\/3356\/revisions\/3654"}],"up":[{"embeddable":true,"href":"https:\/\/www.dagilupi.com\/index.php\/wp-json\/wp\/v2\/pages\/6059"}],"wp:attachment":[{"href":"https:\/\/www.dagilupi.com\/index.php\/wp-json\/wp\/v2\/media?parent=3356"}],"curies":[{"name":"wp","href":"https:\/\/api.w.org\/{rel}","templated":true}]}}