{"id":3318,"date":"2019-07-05T07:42:25","date_gmt":"2019-07-05T07:42:25","guid":{"rendered":"https:\/\/www.dagilupi.com\/index.php\/recommadation\/the-5-most-beautiful-cathedrals-in-puglia\/"},"modified":"2019-08-03T14:12:55","modified_gmt":"2019-08-03T14:12:55","slug":"the-5-most-beautiful-cathedrals-in-puglia","status":"publish","type":"page","link":"https:\/\/www.dagilupi.com\/index.php\/todo\/the-5-most-beautiful-cathedrals-in-puglia?lang=de","title":{"rendered":"Die f\u00fcnf sch\u00f6nsten Kathedralen in Apulien"},"content":{"rendered":"<p>[vc_row full_width=&#8221;stretch_row&#8221; gap=&#8221;&#8221; parallax_image=&#8221;2972&#8243; overlay_color=&#8221;rgba(0,0,0,0.6)&#8221; text_color=&#8221;#ffffff&#8221; css=&#8221;.vc_custom_1562312251854{padding-top: 220px !important;padding-bottom: 140px !important;}&#8221;][vc_column]<div class=\"heading-with-separator text-center id_169d928f44e285368407406   \"><div class=\"header-content\">\n\t\t\t<p class=\"h-subheading\"><\/p>\n\t\t\t<h1 class=\"heading  \" style=\"; letter-spacing: 0px; \">Die f\u00fcnf sch\u00f6nsten<br \/>\nKathedralen in Apulien<\/h1><\/div><\/div><div class=\"custom-styles\" data-styles=\".id_169d928f44e285368407406 .heading-decorator-1:before, .id_169d928f44e285368407406 .heading-decorator-1:after { border-color: }\"><\/div>[\/vc_column][\/vc_row][vc_row full_width=&#8221;stretch_row_content_no_spaces&#8221; gap=&#8221;&#8221; equal_height=&#8221;yes&#8221; content_placement=&#8221;middle&#8221;][vc_column parallax=&#8221;content-moving&#8221; parallax_image=&#8221;2967&#8243; width=&#8221;2\/3&#8243; css=&#8221;.vc_custom_1562312272355{background-position: center !important;background-repeat: no-repeat !important;background-size: cover !important;}&#8221; el_class=&#8221;vc_hidden-xs vc_hidden-sm&#8221;][\/vc_column][vc_column width=&#8221;1\/3&#8243;][vc_empty_space height=&#8221;120px&#8221; height2=&#8221;0&#8243; css=&#8221;.vc_custom_1545314682944{padding-right: 40px !important;padding-left: 40px !important;}&#8221;][vc_single_image image=&#8221;3336&#8243; img_size=&#8221;full&#8221; alignment=&#8221;center&#8221; el_class=&#8221;vc_hidden-md vc_hidden-lg&#8221; css=&#8221;.vc_custom_1562312280466{margin-bottom: 0px !important;}&#8221;]<div class=\"heading-with-separator text-center id_169d928f44e2d11830341836  vc_custom_1564841443317  offset-left-lg\"><div class=\"header-content\">\n\t\t\t<p class=\"h-subheading\"><\/p>\n\t\t\t<h4 class=\"heading  \" style=\"; letter-spacing: 0px; \">Kathedralen des Meeres<\/h4><\/div><\/div><div class=\"custom-styles\" data-styles=\".id_169d928f44e2d11830341836 .heading-decorator-1:before, .id_169d928f44e2d11830341836 .heading-decorator-1:after { border-color: }\"><\/div>[vc_column_text css=&#8221;.vc_custom_1564841461837{margin-bottom: 0px !important;padding-right: 60px !important;padding-bottom: 60px !important;padding-left: 60px !important;background-color: #ffffff !important;}&#8221; el_class=&#8221;offset-left-lg&#8221;]<\/p>\n<p style=\"text-align: center;\">In einer Region, die etwa 800 Kilometer K\u00fcste hat, darf man die Kathedralen des Meeres nicht verpassen, die direkt am Ufer stehen oder auf einer Klippe thronen. Unter ihnen ist die sog. Trani-Kathedrale sicherlich eine der ber\u00fchmtesten in Apulien. Die UNESCO bezeichnete die Kirche San Nicola Pellegrino als &#8220;ein Denkmal, das eine Kultur des Friedens vermittelt&#8221;. Der Bau dauerte 44 Jahre, von 1099 bis 1043. Die Kathedrale wird als K\u00f6nigin der Kathedralen in Apulien bezeichnet, ein majest\u00e4tisches Beispiel f\u00fcr den apulisch- romanischen Stil. Neben dem wei\u00dfen Stein der Fassade ist diese Kirche bekannt f\u00fcr ihren spitzen Bogen, der sich unter ihrem Glockenturm befindet und den Zugang zum Marktplatz hinter dem Dom erm\u00f6glicht.<\/p>\n<p>[\/vc_column_text][vc_empty_space height=&#8221;120px&#8221; height2=&#8221;0&#8243;][\/vc_column][\/vc_row][vc_row full_width=&#8221;stretch_row_content_no_spaces&#8221; gap=&#8221;&#8221; equal_height=&#8221;yes&#8221; content_placement=&#8221;middle&#8221;][vc_column width=&#8221;1\/3&#8243; el_class=&#8221;z-index-up&#8221;][vc_empty_space height=&#8221;120px&#8221; height2=&#8221;0&#8243; css=&#8221;.vc_custom_1545314682944{padding-right: 40px !important;padding-left: 40px !important;}&#8221;][vc_single_image image=&#8221;3337&#8243; img_size=&#8221;full&#8221; alignment=&#8221;center&#8221; el_class=&#8221;vc_hidden-md vc_hidden-lg&#8221; css=&#8221;.vc_custom_1562312298285{margin-bottom: 0px !important;}&#8221;]<div class=\"heading-with-separator text-center id_169d928f44e2f21942442370  vc_custom_1564841482509  offset-right-lg\"><div class=\"header-content\">\n\t\t\t<p class=\"h-subheading\"><\/p>\n\t\t\t<h4 class=\"heading  \" style=\"; letter-spacing: 0px; \">Abtei von San Vito<\/h4><\/div><\/div><div class=\"custom-styles\" data-styles=\".id_169d928f44e2f21942442370 .heading-decorator-1:before, .id_169d928f44e2f21942442370 .heading-decorator-1:after { border-color: }\"><\/div>[vc_column_text css=&#8221;.vc_custom_1564841493618{margin-bottom: 0px !important;padding-right: 60px !important;padding-bottom: 60px !important;padding-left: 60px !important;background-color: #ffffff !important;}&#8221; el_class=&#8221;offset-right-lg&#8221;]<\/p>\n<p style=\"text-align: center;\">Eine weitere sch\u00f6ne Kathedrale des Meeres ist die Abtei von San Vito in Polignano, eine der ber\u00fchmtesten in Apulien. Die Legende besagt, dass San Vito eine Adelige aus Salerno, die vor dem Ertrinken im Fluss Sele gerettet wurde, bat, seinen K\u00f6rper nach Polignano zu verlegen, an den Ort, an dem heute die Abtei aus dem 10. Jahrhundert steht. Der Sitz der Benediktinerm\u00f6nche ist ein dank der Loggia sehr beliebter Ort, da sie direkt \u00fcber das Meer blickt und \u00fcber eine majest\u00e4tische Treppe erreichbar ist. Die Abtei ist von Wehrmauern umgeben und verf\u00fcgt \u00fcber zwei Aussichtst\u00fcrme, um sie vor Angriffen aus dem Meer zu sch\u00fctzen.<\/p>\n<p>[\/vc_column_text][vc_empty_space height=&#8221;120px&#8221; height2=&#8221;0&#8243;][\/vc_column][vc_column parallax=&#8221;content-moving&#8221; parallax_image=&#8221;2968&#8243; width=&#8221;2\/3&#8243; css=&#8221;.vc_custom_1562312290070{background-position: center !important;background-repeat: no-repeat !important;background-size: cover !important;}&#8221; el_class=&#8221;vc_hidden-xs vc_hidden-sm&#8221;][\/vc_column][\/vc_row][vc_row full_width=&#8221;stretch_row_content_no_spaces&#8221; gap=&#8221;&#8221; equal_height=&#8221;yes&#8221; content_placement=&#8221;middle&#8221; css=&#8221;.vc_custom_1545317448561{margin-top: 0px !important;margin-bottom: 0px !important;padding-top: 0px !important;padding-bottom: 0px !important;}&#8221;][vc_column parallax=&#8221;content-moving&#8221; parallax_image=&#8221;2969&#8243; width=&#8221;2\/3&#8243; css=&#8221;.vc_custom_1562312308541{background-position: center !important;background-repeat: no-repeat !important;background-size: cover !important;}&#8221; el_class=&#8221;vc_hidden-xs vc_hidden-sm&#8221;][\/vc_column][vc_column width=&#8221;1\/3&#8243;][vc_empty_space height=&#8221;120px&#8221; height2=&#8221;0&#8243; css=&#8221;.vc_custom_1545314682944{padding-right: 40px !important;padding-left: 40px !important;}&#8221;][vc_single_image image=&#8221;3338&#8243; img_size=&#8221;full&#8221; alignment=&#8221;center&#8221; el_class=&#8221;vc_hidden-md vc_hidden-lg&#8221; css=&#8221;.vc_custom_1562312315877{margin-bottom: 0px !important;}&#8221;]<div class=\"heading-with-separator text-center id_169d928f44e30b1459780524  vc_custom_1564841506974  offset-left-lg\"><div class=\"header-content\">\n\t\t\t<p class=\"h-subheading\"><\/p>\n\t\t\t<h4 class=\"heading  \" style=\"; letter-spacing: 0px; \">Taranto und die Mitherrsch-Kathedrale von Gi\u00f2 Ponti<\/h4><\/div><\/div><div class=\"custom-styles\" data-styles=\".id_169d928f44e30b1459780524 .heading-decorator-1:before, .id_169d928f44e30b1459780524 .heading-decorator-1:after { border-color: }\"><\/div>[vc_column_text css=&#8221;.vc_custom_1564841524837{margin-bottom: 0px !important;padding-right: 60px !important;padding-bottom: 60px !important;padding-left: 60px !important;background-color: #ffffff !important;}&#8221; el_class=&#8221;offset-left-lg&#8221;]<\/p>\n<p style=\"text-align: center;\">Die <strong>Kathedrale Madre di Dio<\/strong> wurde in Taranto von dem ber\u00fchmten lombardischen Architekten Gi\u00f2 Ponti erbaut. Das Werk wurde 1970 vom damaligen Erzbischof Guglielmo Motolese in Auftrag gegeben. Das Werk ist ein Meilenstein im Leben des Architekten, Sch\u00f6pfers des Pirelli-Turms in Mailand und Designer des Cassina-&#8220;Superlight&#8221;-Stuhls von1957. Statt einer Kuppel pr\u00e4sentiert die Kathedrale das, was die Einheimischen sofort als &#8220;das Segel&#8221; bezeichnet haben. Das Geb\u00e4ude spiegelt sich in Wasserbecken auf dem Vorplatz wider. Charakteristisch f\u00fcr die Arbeit sind die Fresken, die der Kathedrale eine Leichtigkeit verleihen, die fast der von feinem Papier \u00e4hnelt. Ponti definierte sie als eine &#8220;T\u00fcr zum Himmel, offen f\u00fcr die Unendlichkeit und das Geheimnis von Raum und Zeit.&#8221;<\/p>\n<p>[\/vc_column_text][vc_empty_space height=&#8221;120px&#8221; height2=&#8221;0&#8243;][\/vc_column][\/vc_row][vc_row full_width=&#8221;stretch_row_content_no_spaces&#8221; gap=&#8221;&#8221; equal_height=&#8221;yes&#8221; content_placement=&#8221;middle&#8221;][vc_column width=&#8221;1\/3&#8243; el_class=&#8221;z-index-up&#8221;][vc_empty_space height=&#8221;120px&#8221; height2=&#8221;0&#8243; css=&#8221;.vc_custom_1545314682944{padding-right: 40px !important;padding-left: 40px !important;}&#8221;][vc_single_image image=&#8221;3339&#8243; img_size=&#8221;full&#8221; alignment=&#8221;center&#8221; el_class=&#8221;vc_hidden-md vc_hidden-lg&#8221; css=&#8221;.vc_custom_1562312333029{margin-bottom: 0px !important;}&#8221;]<div class=\"heading-with-separator text-center id_169d928f44e31f1454278970  vc_custom_1564841534227  offset-right-lg\"><div class=\"header-content\">\n\t\t\t<p class=\"h-subheading\"><\/p>\n\t\t\t<h4 class=\"heading  \" style=\"; letter-spacing: 0px; \">Die Basilika Santa Caterina di Alessandria in Galatina (Le)<\/h4><\/div><\/div><div class=\"custom-styles\" data-styles=\".id_169d928f44e31f1454278970 .heading-decorator-1:before, .id_169d928f44e31f1454278970 .heading-decorator-1:after { border-color: }\"><\/div>[vc_column_text css=&#8221;.vc_custom_1564841545356{margin-bottom: 0px !important;padding-right: 60px !important;padding-bottom: 60px !important;padding-left: 60px !important;background-color: #ffffff !important;}&#8221; el_class=&#8221;offset-right-lg&#8221;]<\/p>\n<p style=\"text-align: center;\">Die Basilika Santa Caterina di Alessandria in Galatina geh\u00f6rt zu den sch\u00f6nsten Kathedralen in Apulien und ist eines der wichtigsten Beispiele des apulisch-romanischen Stils. Die Au\u00dfenfassade besteht aus einer Art Steinstickerei. Es ist jedoch das Innere der Basilika, das die Reise nach Galatina besonders lohnenswert macht. Im rein gotischen Stil sind die G\u00e4nge komplett mit Fresken geschm\u00fcckt, das Werk der Franziskaner, die durch diese Gem\u00e4lde den Armen und Analphabeten des vierten Jahrhunderts die markanten Elemente der katholischen Religion n\u00e4her brachten. Tats\u00e4chlich stellen die Fresken eine Art &#8220;Bibel f\u00fcr die Armen&#8221; dar. Die G\u00e4nge erz\u00e4hlen die verschiedenen Perioden des Alten und Neuen Testaments mit au\u00dfergew\u00f6hnlicher Detailgenauigkeit.<\/p>\n<p>[\/vc_column_text][vc_empty_space height=&#8221;120px&#8221; height2=&#8221;0&#8243;][\/vc_column][vc_column parallax=&#8221;content-moving&#8221; parallax_image=&#8221;2970&#8243; width=&#8221;2\/3&#8243; css=&#8221;.vc_custom_1562312326158{background-position: center !important;background-repeat: no-repeat !important;background-size: cover !important;}&#8221; el_class=&#8221;vc_hidden-xs vc_hidden-sm&#8221;][\/vc_column][\/vc_row][vc_row full_width=&#8221;stretch_row_content_no_spaces&#8221; gap=&#8221;&#8221; equal_height=&#8221;yes&#8221; content_placement=&#8221;middle&#8221; css=&#8221;.vc_custom_1545317448561{margin-top: 0px !important;margin-bottom: 0px !important;padding-top: 0px !important;padding-bottom: 0px !important;}&#8221;][vc_column parallax=&#8221;content-moving&#8221; parallax_image=&#8221;2971&#8243; width=&#8221;2\/3&#8243; css=&#8221;.vc_custom_1562312342112{background-position: center !important;background-repeat: no-repeat !important;background-size: cover !important;}&#8221; el_class=&#8221;vc_hidden-xs vc_hidden-sm&#8221;][\/vc_column][vc_column width=&#8221;1\/3&#8243;][vc_empty_space height=&#8221;120px&#8221; height2=&#8221;0&#8243; css=&#8221;.vc_custom_1545314682944{padding-right: 40px !important;padding-left: 40px !important;}&#8221;][vc_single_image image=&#8221;3340&#8243; img_size=&#8221;full&#8221; alignment=&#8221;center&#8221; el_class=&#8221;vc_hidden-md vc_hidden-lg&#8221; css=&#8221;.vc_custom_1562312350430{margin-bottom: 0px !important;}&#8221;]<div class=\"heading-with-separator text-center id_169d928f44e331317794618  vc_custom_1564841554570  offset-left-lg\"><div class=\"header-content\">\n\t\t\t<p class=\"h-subheading\"><\/p>\n\t\t\t<h4 class=\"heading  \" style=\"; letter-spacing: 0px; \">Von der Apulischen Romantik bis zum Lecce Baroque<\/h4><\/div><\/div><div class=\"custom-styles\" data-styles=\".id_169d928f44e331317794618 .heading-decorator-1:before, .id_169d928f44e331317794618 .heading-decorator-1:after { border-color: }\"><\/div>[vc_column_text css=&#8221;.vc_custom_1564841567597{margin-bottom: 0px !important;padding-right: 60px !important;padding-bottom: 60px !important;padding-left: 60px !important;background-color: #ffffff !important;}&#8221; el_class=&#8221;offset-left-lg&#8221;]<\/p>\n<p style=\"text-align: center;\">Die Arbeiten an der ersten Kathedrale von Lecce gehen auf das Jahr 1144 zur\u00fcck. Diese Kathedrale in der Hauptstadt Salento wurde jedoch zwischen 1659 und 1670 im damals angesagten Stil komplett umgebaut. Die Fassade zeigt eine pr\u00e4chtige Dekoration aus dem 17. Jahrhundert. Im Inneren dominiert der barocke Stil die zw\u00f6lf Alt\u00e4re in den beiden Seitenschiffen. Das Mittelschiff hat eine Holzdecke aus dem Jahr 1685, die Gem\u00e4lde von Giuseppe da Brindisi zeigt. Die Kathedrale hat auch eine Krypta aus dem 12. Jahrhundert, die im 16. Jahrhundert mit barocken Erg\u00e4nzungen renoviert wurde.<\/p>\n<p>[\/vc_column_text][vc_empty_space height=&#8221;120px&#8221; height2=&#8221;0&#8243;][\/vc_column][\/vc_row]<\/p>","protected":false},"excerpt":{"rendered":"<p>[vc_row full_width=&#8221;stretch_row&#8221; gap=&#8221;&#8221; parallax_image=&#8221;2972&#8243; overlay_color=&#8221;rgba(0,0,0,0.6)&#8221; text_color=&#8221;#ffffff&#8221; css=&#8221;.vc_custom_1562312251854{padding-top: 220px !important;padding-bottom: 140px !important;}&#8221;][vc_column][\/vc_column][\/vc_row][vc_row full_width=&#8221;stretch_row_content_no_spaces&#8221; gap=&#8221;&#8221; equal_height=&#8221;yes&#8221; content_placement=&#8221;middle&#8221;][vc_column parallax=&#8221;content-moving&#8221; parallax_image=&#8221;2967&#8243; width=&#8221;2\/3&#8243; css=&#8221;.vc_custom_1562312272355{background-position: center !important;background-repeat: no-repeat !important;background-size: cover !important;}&#8221; el_class=&#8221;vc_hidden-xs vc_hidden-sm&#8221;][\/vc_column][vc_column width=&#8221;1\/3&#8243;][vc_empty_space height=&#8221;120px&#8221; height2=&#8221;0&#8243; css=&#8221;.vc_custom_1545314682944{padding-right: 40px !important;padding-left: 40px !important;}&#8221;][vc_single_image image=&#8221;3336&#8243; img_size=&#8221;full&#8221; alignment=&#8221;center&#8221; el_class=&#8221;vc_hidden-md vc_hidden-lg&#8221; css=&#8221;.vc_custom_1562312280466{margin-bottom: 0px !important;}&#8221;][vc_column_text css=&#8221;.vc_custom_1564841461837{margin-bottom: 0px !important;padding-right: 60px !important;padding-bottom: 60px !important;padding-left: 60px !important;background-color: #ffffff !important;}&#8221; el_class=&#8221;offset-left-lg&#8221;][&#8230;] <a href=\"https:\/\/www.dagilupi.com\/index.php\/todo\/the-5-most-beautiful-cathedrals-in-puglia?lang=de\" class=\"more-link\">Continue reading<\/a><\/p>\n","protected":false},"author":3,"featured_media":0,"parent":6059,"menu_order":3,"comment_status":"closed","ping_status":"closed","template":"","meta":[],"_links":{"self":[{"href":"https:\/\/www.dagilupi.com\/index.php\/wp-json\/wp\/v2\/pages\/3318"}],"collection":[{"href":"https:\/\/www.dagilupi.com\/index.php\/wp-json\/wp\/v2\/pages"}],"about":[{"href":"https:\/\/www.dagilupi.com\/index.php\/wp-json\/wp\/v2\/types\/page"}],"author":[{"embeddable":true,"href":"https:\/\/www.dagilupi.com\/index.php\/wp-json\/wp\/v2\/users\/3"}],"replies":[{"embeddable":true,"href":"https:\/\/www.dagilupi.com\/index.php\/wp-json\/wp\/v2\/comments?post=3318"}],"version-history":[{"count":6,"href":"https:\/\/www.dagilupi.com\/index.php\/wp-json\/wp\/v2\/pages\/3318\/revisions"}],"predecessor-version":[{"id":3658,"href":"https:\/\/www.dagilupi.com\/index.php\/wp-json\/wp\/v2\/pages\/3318\/revisions\/3658"}],"up":[{"embeddable":true,"href":"https:\/\/www.dagilupi.com\/index.php\/wp-json\/wp\/v2\/pages\/6059"}],"wp:attachment":[{"href":"https:\/\/www.dagilupi.com\/index.php\/wp-json\/wp\/v2\/media?parent=3318"}],"curies":[{"name":"wp","href":"https:\/\/api.w.org\/{rel}","templated":true}]}}