{"id":3316,"date":"2019-07-05T07:42:25","date_gmt":"2019-07-05T07:42:25","guid":{"rendered":"https:\/\/www.dagilupi.com\/index.php\/recommadation\/the-5-most-beautiful-cathedrals-in-puglia\/"},"modified":"2019-08-01T06:47:32","modified_gmt":"2019-08-01T06:47:32","slug":"the-5-most-beautiful-cathedrals-in-puglia","status":"publish","type":"page","link":"https:\/\/www.dagilupi.com\/index.php\/todo\/the-5-most-beautiful-cathedrals-in-puglia?lang=fr","title":{"rendered":"Les 5 plus belles cath\u00e9drales des Pouilles."},"content":{"rendered":"<p>[vc_row full_width=&#8221;stretch_row&#8221; gap=&#8221;&#8221; parallax_image=&#8221;2972&#8243; overlay_color=&#8221;rgba(0,0,0,0.6)&#8221; text_color=&#8221;#ffffff&#8221; css=&#8221;.vc_custom_1562312251854{padding-top: 220px !important;padding-bottom: 140px !important;}&#8221;][vc_column]<div class=\"heading-with-separator text-center id_169fb2f57ec4651068449948   \"><div class=\"header-content\">\n\t\t\t<p class=\"h-subheading\"><\/p>\n\t\t\t<h1 class=\"heading  \" style=\"; letter-spacing: 0px; \">Les 5 plus belles<br \/>\ncath\u00e9drales des Pouilles.<\/h1><\/div><\/div><div class=\"custom-styles\" data-styles=\".id_169fb2f57ec4651068449948 .heading-decorator-1:before, .id_169fb2f57ec4651068449948 .heading-decorator-1:after { border-color: }\"><\/div>[\/vc_column][\/vc_row][vc_row full_width=&#8221;stretch_row_content_no_spaces&#8221; gap=&#8221;&#8221; equal_height=&#8221;yes&#8221; content_placement=&#8221;middle&#8221;][vc_column parallax=&#8221;content-moving&#8221; parallax_image=&#8221;2967&#8243; width=&#8221;2\/3&#8243; css=&#8221;.vc_custom_1562312272355{background-position: center !important;background-repeat: no-repeat !important;background-size: cover !important;}&#8221; el_class=&#8221;vc_hidden-xs vc_hidden-sm&#8221;][\/vc_column][vc_column width=&#8221;1\/3&#8243;][vc_empty_space height=&#8221;120px&#8221; height2=&#8221;0&#8243; css=&#8221;.vc_custom_1545314682944{padding-right: 40px !important;padding-left: 40px !important;}&#8221;][vc_single_image image=&#8221;3326&#8243; img_size=&#8221;full&#8221; alignment=&#8221;center&#8221; el_class=&#8221;vc_hidden-md vc_hidden-lg&#8221; css=&#8221;.vc_custom_1562312280466{margin-bottom: 0px !important;}&#8221;]<div class=\"heading-with-separator text-center id_169fb2f57ec4b11447865994  vc_custom_1564641878031  offset-left-lg\"><div class=\"header-content\">\n\t\t\t<p class=\"h-subheading\"><\/p>\n\t\t\t<h4 class=\"heading  \" style=\"; letter-spacing: 0px; \">Cath\u00e9drales de la mer<\/h4><\/div><\/div><div class=\"custom-styles\" data-styles=\".id_169fb2f57ec4b11447865994 .heading-decorator-1:before, .id_169fb2f57ec4b11447865994 .heading-decorator-1:after { border-color: }\"><\/div>[vc_column_text css=&#8221;.vc_custom_1564641949371{margin-bottom: 0px !important;padding-right: 60px !important;padding-bottom: 60px !important;padding-left: 60px !important;background-color: #ffffff !important;}&#8221; el_class=&#8221;offset-left-lg&#8221;]<\/p>\n<p style=\"text-align: center;\">Dans une r\u00e9gion qui poss\u00e8de environ 800 kilom\u00e8tres de c\u00f4tes, vous ne pouvez pas manquer les cath\u00e9drales de la mer, qui surplombent le rivage ou qui sont perch\u00e9es sur une falaise. Parmi celles-ci, la cath\u00e9drale de Trani est certainement l&#8217;un des plus c\u00e9l\u00e8bres des Pouilles. L&#8217;UNESCO a inscrit l&#8217;\u00e9glise de San Nicola Pellegrino comme \u00ab un Monument Messager d&#8217;une culture de paix \u00bb. Sa construction a dur\u00e9 44 ans de 1099 \u00e0 1143. Elle est \u00e9galement connue comme la Reine des cath\u00e9drales dans les Pouilles, un exemple majestueux de l\u2019art Roman des Pouilles. En plus de la blancheur de sa fa\u00e7ade, cette \u00e9glise est c\u00e9l\u00e8bre pour son clocher \u00e9rig\u00e9 sur une arcade qui donne acc\u00e8s \u00e0 la place du march\u00e9 derri\u00e8re la cath\u00e9drale.<\/p>\n<p>[\/vc_column_text][vc_empty_space height=&#8221;120px&#8221; height2=&#8221;0&#8243;][\/vc_column][\/vc_row][vc_row full_width=&#8221;stretch_row_content_no_spaces&#8221; gap=&#8221;&#8221; equal_height=&#8221;yes&#8221; content_placement=&#8221;middle&#8221;][vc_column width=&#8221;1\/3&#8243; el_class=&#8221;z-index-up&#8221;][vc_empty_space height=&#8221;120px&#8221; height2=&#8221;0&#8243; css=&#8221;.vc_custom_1545314682944{padding-right: 40px !important;padding-left: 40px !important;}&#8221;][vc_single_image image=&#8221;3327&#8243; img_size=&#8221;full&#8221; alignment=&#8221;center&#8221; el_class=&#8221;vc_hidden-md vc_hidden-lg&#8221; css=&#8221;.vc_custom_1562312298285{margin-bottom: 0px !important;}&#8221;]<div class=\"heading-with-separator text-center id_169fb2f57ec4d1138759704  vc_custom_1564641935652  offset-right-lg\"><div class=\"header-content\">\n\t\t\t<p class=\"h-subheading\"><\/p>\n\t\t\t<h4 class=\"heading  \" style=\"; letter-spacing: 0px; \">L\u2019abbaye de San Vito \u00e0 Polignano<\/h4><\/div><\/div><div class=\"custom-styles\" data-styles=\".id_169fb2f57ec4d1138759704 .heading-decorator-1:before, .id_169fb2f57ec4d1138759704 .heading-decorator-1:after { border-color: }\"><\/div>[vc_column_text css=&#8221;.vc_custom_1564641930349{margin-bottom: 0px !important;padding-right: 60px !important;padding-bottom: 60px !important;padding-left: 60px !important;background-color: #ffffff !important;}&#8221; el_class=&#8221;offset-right-lg&#8221;]<\/p>\n<p style=\"text-align: center;\">L\u2019abbaye de San Vito \u00e0 Polignano, l&#8217;une des plus c\u00e9l\u00e8bres dans les Pouilles, est une autre de ces belles Cath\u00e9drales de la mer. La l\u00e9gende raconte que San Vito a demand\u00e9 \u00e0 une noble dame de Salerne, sauv\u00e9e de la noyade dans la rivi\u00e8re Sele, de d\u00e9placer son corps \u00e0 Polignano, \u00e0 l&#8217;endroit o\u00f9 l&#8217;abbaye du dixi\u00e8me si\u00e8cle se dresse maintenant. Si\u00e8ge des moines b\u00e9n\u00e9dictins, c&#8217;est un endroit tr\u00e8s populaire gr\u00e2ce \u00e0 la Loggia qui surplombe directement la mer et qui est accessible par un escalier majestueux. L&#8217;abbaye est prot\u00e9g\u00e9e de murs d\u00e9fensifs et de deux tours de contre les attaques venant de la mer.<\/p>\n<p>[\/vc_column_text][vc_empty_space height=&#8221;120px&#8221; height2=&#8221;0&#8243;][\/vc_column][vc_column parallax=&#8221;content-moving&#8221; parallax_image=&#8221;2968&#8243; width=&#8221;2\/3&#8243; css=&#8221;.vc_custom_1562312290070{background-position: center !important;background-repeat: no-repeat !important;background-size: cover !important;}&#8221; el_class=&#8221;vc_hidden-xs vc_hidden-sm&#8221;][\/vc_column][\/vc_row][vc_row full_width=&#8221;stretch_row_content_no_spaces&#8221; gap=&#8221;&#8221; equal_height=&#8221;yes&#8221; content_placement=&#8221;middle&#8221; css=&#8221;.vc_custom_1545317448561{margin-top: 0px !important;margin-bottom: 0px !important;padding-top: 0px !important;padding-bottom: 0px !important;}&#8221;][vc_column parallax=&#8221;content-moving&#8221; parallax_image=&#8221;2969&#8243; width=&#8221;2\/3&#8243; css=&#8221;.vc_custom_1562312308541{background-position: center !important;background-repeat: no-repeat !important;background-size: cover !important;}&#8221; el_class=&#8221;vc_hidden-xs vc_hidden-sm&#8221;][\/vc_column][vc_column width=&#8221;1\/3&#8243;][vc_empty_space height=&#8221;120px&#8221; height2=&#8221;0&#8243; css=&#8221;.vc_custom_1545314682944{padding-right: 40px !important;padding-left: 40px !important;}&#8221;][vc_single_image image=&#8221;3328&#8243; img_size=&#8221;full&#8221; alignment=&#8221;center&#8221; el_class=&#8221;vc_hidden-md vc_hidden-lg&#8221; css=&#8221;.vc_custom_1562312315877{margin-bottom: 0px !important;}&#8221;]<div class=\"heading-with-separator text-center id_169fb2f57ec4eb1677612954  vc_custom_1564641966742  offset-left-lg\"><div class=\"header-content\">\n\t\t\t<p class=\"h-subheading\"><\/p>\n\t\t\t<h4 class=\"heading  \" style=\"; letter-spacing: 0px; \">TarantE et la co-cath\u00e9drale de Gi\u00f2 Ponti<\/h4><\/div><\/div><div class=\"custom-styles\" data-styles=\".id_169fb2f57ec4eb1677612954 .heading-decorator-1:before, .id_169fb2f57ec4eb1677612954 .heading-decorator-1:after { border-color: }\"><\/div>[vc_column_text css=&#8221;.vc_custom_1564641984695{margin-bottom: 0px !important;padding-right: 60px !important;padding-bottom: 60px !important;padding-left: 60px !important;background-color: #ffffff !important;}&#8221; el_class=&#8221;offset-left-lg&#8221;]<\/p>\n<p style=\"text-align: center;\">La co-cath\u00e9drale Madre di Dio a \u00e9t\u00e9 construite \u00e0 Tarente par le c\u00e9l\u00e8bre architecte Lombard Gi\u00f2 Ponti. L&#8217;\u0153uvre fut command\u00e9e par l&#8217;archev\u00eaque Guglielmo Motolese en 1970. Elle repr\u00e9sente un jalon dans la vie de cet architecte, cr\u00e9ateur de la tour Pirelli \u00e0 Milan et concepteur de la chaise &#8220;Superlight&#8221; Cassina en 1957. Au lieu d&#8217;un d\u00f4me, la co-cath\u00e9drale pr\u00e9sente ce que les habitants de Tarente ont imm\u00e9diatement appel\u00e9 &#8220;la voile&#8221;, une structure qui se refl\u00e8te dans les bassins d&#8217;eau situ\u00e9s sur le devant de la place. Caract\u00e9ris\u00e9e par des \u00e9l\u00e9ments architecturaux qui lui conf\u00e8rent une l\u00e9g\u00e8ret\u00e9 de papier, Ponti la d\u00e9finit comme &#8220;une porte vers le ciel, ouverte \u00e0 l&#8217;immensit\u00e9 et au myst\u00e8re de l&#8217;espace et du temps&#8221;.<\/p>\n<p>[\/vc_column_text][vc_empty_space height=&#8221;120px&#8221; height2=&#8221;0&#8243;][\/vc_column][\/vc_row][vc_row full_width=&#8221;stretch_row_content_no_spaces&#8221; gap=&#8221;&#8221; equal_height=&#8221;yes&#8221; content_placement=&#8221;middle&#8221;][vc_column width=&#8221;1\/3&#8243; el_class=&#8221;z-index-up&#8221;][vc_empty_space height=&#8221;120px&#8221; height2=&#8221;0&#8243; css=&#8221;.vc_custom_1545314682944{padding-right: 40px !important;padding-left: 40px !important;}&#8221;][vc_single_image image=&#8221;3329&#8243; img_size=&#8221;full&#8221; alignment=&#8221;center&#8221; el_class=&#8221;vc_hidden-md vc_hidden-lg&#8221; css=&#8221;.vc_custom_1562312333029{margin-bottom: 0px !important;}&#8221;]<div class=\"heading-with-separator text-center id_169fb2f57ec5001146630933  vc_custom_1564641996889  offset-right-lg\"><div class=\"header-content\">\n\t\t\t<p class=\"h-subheading\"><\/p>\n\t\t\t<h4 class=\"heading  \" style=\"; letter-spacing: 0px; \">La Basilique de Santa Caterina di Alessandria \u00e0 Galatina (le)<\/h4><\/div><\/div><div class=\"custom-styles\" data-styles=\".id_169fb2f57ec5001146630933 .heading-decorator-1:before, .id_169fb2f57ec5001146630933 .heading-decorator-1:after { border-color: }\"><\/div>[vc_column_text css=&#8221;.vc_custom_1564642010745{margin-bottom: 0px !important;padding-right: 60px !important;padding-bottom: 60px !important;padding-left: 60px !important;background-color: #ffffff !important;}&#8221; el_class=&#8221;offset-right-lg&#8221;]<\/p>\n<p style=\"text-align: center;\">Parmi les plus belles cath\u00e9drales des Pouilles, la Basilique de Santa Caterina di Alessandria \u00e0 Galatina est l&#8217;un des exemples les plus importants du style roman apulien. La fa\u00e7ade ext\u00e9rieure est faite d\u2019une sorte de broderie de pierre, mais c&#8217;est l&#8217;int\u00e9rieur de cette Basilique qui justifie le voyage \u00e0 Galatina. Dans un style gothique pur, les all\u00e9es sont enti\u00e8rement d\u00e9cor\u00e9es de fresques, \u0153uvre des franciscains qui, par ces tableaux, ont r\u00e9ussi \u00e0 enseigner aux pauvres et analphab\u00e8tes du IVe si\u00e8cle les \u00e9l\u00e9ments saillants de la religion catholique. De fait, ces fresques repr\u00e9sentent une sorte de &#8220;Bible des pauvres&#8221; o\u00f9 les all\u00e9es racontent les diff\u00e9rents chapitres de l&#8217;Ancien et du Nouveau Testament avec une pr\u00e9cision exceptionnelle dans les d\u00e9tails.<\/p>\n<p>[\/vc_column_text][vc_empty_space height=&#8221;120px&#8221; height2=&#8221;0&#8243;][\/vc_column][vc_column parallax=&#8221;content-moving&#8221; parallax_image=&#8221;2970&#8243; width=&#8221;2\/3&#8243; css=&#8221;.vc_custom_1562312326158{background-position: center !important;background-repeat: no-repeat !important;background-size: cover !important;}&#8221; el_class=&#8221;vc_hidden-xs vc_hidden-sm&#8221;][\/vc_column][\/vc_row][vc_row full_width=&#8221;stretch_row_content_no_spaces&#8221; gap=&#8221;&#8221; equal_height=&#8221;yes&#8221; content_placement=&#8221;middle&#8221; css=&#8221;.vc_custom_1545317448561{margin-top: 0px !important;margin-bottom: 0px !important;padding-top: 0px !important;padding-bottom: 0px !important;}&#8221;][vc_column parallax=&#8221;content-moving&#8221; parallax_image=&#8221;2971&#8243; width=&#8221;2\/3&#8243; css=&#8221;.vc_custom_1562312342112{background-position: center !important;background-repeat: no-repeat !important;background-size: cover !important;}&#8221; el_class=&#8221;vc_hidden-xs vc_hidden-sm&#8221;][\/vc_column][vc_column width=&#8221;1\/3&#8243;][vc_empty_space height=&#8221;120px&#8221; height2=&#8221;0&#8243; css=&#8221;.vc_custom_1545314682944{padding-right: 40px !important;padding-left: 40px !important;}&#8221;][vc_single_image image=&#8221;3330&#8243; img_size=&#8221;full&#8221; alignment=&#8221;center&#8221; el_class=&#8221;vc_hidden-md vc_hidden-lg&#8221; css=&#8221;.vc_custom_1562312350430{margin-bottom: 0px !important;}&#8221;]<div class=\"heading-with-separator text-center id_169fb2f57ec5151520542512  vc_custom_1564642023033  offset-left-lg\"><div class=\"header-content\">\n\t\t\t<p class=\"h-subheading\"><\/p>\n\t\t\t<h4 class=\"heading  \" style=\"; letter-spacing: 0px; \">Du roman apulien au baroque de Lecce<\/h4><\/div><\/div><div class=\"custom-styles\" data-styles=\".id_169fb2f57ec5151520542512 .heading-decorator-1:before, .id_169fb2f57ec5151520542512 .heading-decorator-1:after { border-color: }\"><\/div>[vc_column_text css=&#8221;.vc_custom_1564642045805{margin-bottom: 0px !important;padding-right: 60px !important;padding-bottom: 60px !important;padding-left: 60px !important;background-color: #ffffff !important;}&#8221; el_class=&#8221;offset-left-lg&#8221;]<\/p>\n<p style=\"text-align: center;\">Les premi\u00e8res traces de construction de la cath\u00e9drale de Lecce remontent \u00e0 1144 mais l&#8217;essentiel de la construction actuelle a eu lieu entre 1659 et 1670 dans le style en vogue \u00e0 cette \u00e9poque. La fa\u00e7ade pr\u00e9sente une somptueuse d\u00e9coration, \u00e0 l&#8217;int\u00e9rieur le style baroque r\u00e8gne sur les 12 autels qui flanquent les deux all\u00e9es lat\u00e9rales. La nef centrale a un plafond en bois datant de 1685 peint par Giuseppe da Brindisi. La cath\u00e9drale a \u00e9galement une crypte du XIIe si\u00e8cle qui a \u00e9t\u00e9 r\u00e9nov\u00e9 au XVIe si\u00e8cle avec des ajouts baroques.<\/p>\n<p>[\/vc_column_text][vc_empty_space height=&#8221;120px&#8221; height2=&#8221;0&#8243;][\/vc_column][\/vc_row]<\/p>","protected":false},"excerpt":{"rendered":"<p>[vc_row full_width=&#8221;stretch_row&#8221; gap=&#8221;&#8221; parallax_image=&#8221;2972&#8243; overlay_color=&#8221;rgba(0,0,0,0.6)&#8221; text_color=&#8221;#ffffff&#8221; css=&#8221;.vc_custom_1562312251854{padding-top: 220px !important;padding-bottom: 140px !important;}&#8221;][vc_column][\/vc_column][\/vc_row][vc_row full_width=&#8221;stretch_row_content_no_spaces&#8221; gap=&#8221;&#8221; equal_height=&#8221;yes&#8221; content_placement=&#8221;middle&#8221;][vc_column parallax=&#8221;content-moving&#8221; parallax_image=&#8221;2967&#8243; width=&#8221;2\/3&#8243; css=&#8221;.vc_custom_1562312272355{background-position: center !important;background-repeat: no-repeat !important;background-size: cover !important;}&#8221; el_class=&#8221;vc_hidden-xs vc_hidden-sm&#8221;][\/vc_column][vc_column width=&#8221;1\/3&#8243;][vc_empty_space height=&#8221;120px&#8221; height2=&#8221;0&#8243; css=&#8221;.vc_custom_1545314682944{padding-right: 40px !important;padding-left: 40px !important;}&#8221;][vc_single_image image=&#8221;3326&#8243; img_size=&#8221;full&#8221; alignment=&#8221;center&#8221; el_class=&#8221;vc_hidden-md vc_hidden-lg&#8221; css=&#8221;.vc_custom_1562312280466{margin-bottom: 0px !important;}&#8221;][vc_column_text css=&#8221;.vc_custom_1564641949371{margin-bottom: 0px !important;padding-right: 60px !important;padding-bottom: 60px !important;padding-left: 60px !important;background-color: #ffffff !important;}&#8221; el_class=&#8221;offset-left-lg&#8221;][&#8230;] <a href=\"https:\/\/www.dagilupi.com\/index.php\/todo\/the-5-most-beautiful-cathedrals-in-puglia?lang=fr\" class=\"more-link\">Continue reading<\/a><\/p>\n","protected":false},"author":3,"featured_media":0,"parent":6053,"menu_order":3,"comment_status":"closed","ping_status":"closed","template":"","meta":[],"_links":{"self":[{"href":"https:\/\/www.dagilupi.com\/index.php\/wp-json\/wp\/v2\/pages\/3316"}],"collection":[{"href":"https:\/\/www.dagilupi.com\/index.php\/wp-json\/wp\/v2\/pages"}],"about":[{"href":"https:\/\/www.dagilupi.com\/index.php\/wp-json\/wp\/v2\/types\/page"}],"author":[{"embeddable":true,"href":"https:\/\/www.dagilupi.com\/index.php\/wp-json\/wp\/v2\/users\/3"}],"replies":[{"embeddable":true,"href":"https:\/\/www.dagilupi.com\/index.php\/wp-json\/wp\/v2\/comments?post=3316"}],"version-history":[{"count":4,"href":"https:\/\/www.dagilupi.com\/index.php\/wp-json\/wp\/v2\/pages\/3316\/revisions"}],"predecessor-version":[{"id":3590,"href":"https:\/\/www.dagilupi.com\/index.php\/wp-json\/wp\/v2\/pages\/3316\/revisions\/3590"}],"up":[{"embeddable":true,"href":"https:\/\/www.dagilupi.com\/index.php\/wp-json\/wp\/v2\/pages\/6053"}],"wp:attachment":[{"href":"https:\/\/www.dagilupi.com\/index.php\/wp-json\/wp\/v2\/media?parent=3316"}],"curies":[{"name":"wp","href":"https:\/\/api.w.org\/{rel}","templated":true}]}}