{"id":3285,"date":"2019-06-30T14:03:51","date_gmt":"2019-06-30T14:03:51","guid":{"rendered":"https:\/\/www.dagilupi.com\/index.php\/recommadation\/food\/"},"modified":"2019-08-03T14:10:04","modified_gmt":"2019-08-03T14:10:04","slug":"food","status":"publish","type":"page","link":"https:\/\/www.dagilupi.com\/index.php\/todo\/food?lang=de","title":{"rendered":"Die leckersten Rezepte Apuliens"},"content":{"rendered":"<p>[vc_row full_width=&#8221;stretch_row&#8221; gap=&#8221;&#8221; parallax_image=&#8221;2927&#8243; overlay_color=&#8221;rgba(0,0,0,0.6)&#8221; text_color=&#8221;#ffffff&#8221; css=&#8221;.vc_custom_1561903546995{padding-top: 220px !important;padding-bottom: 140px !important;}&#8221;][vc_column]<div class=\"heading-with-separator text-center id_169fca853a99c4137154635   \"><div class=\"header-content\">\n\t\t\t<p class=\"h-subheading\"><\/p>\n\t\t\t<h1 class=\"heading  \" style=\"; letter-spacing: 0px; \">Die leckersten<br \/>\nRezepte Apuliens<\/h1><\/div><\/div><div class=\"custom-styles\" data-styles=\".id_169fca853a99c4137154635 .heading-decorator-1:before, .id_169fca853a99c4137154635 .heading-decorator-1:after { border-color: }\"><\/div>[\/vc_column][\/vc_row][vc_row full_width=&#8221;stretch_row_content_no_spaces&#8221; gap=&#8221;&#8221; equal_height=&#8221;yes&#8221; content_placement=&#8221;middle&#8221;][vc_column parallax=&#8221;content-moving&#8221; parallax_image=&#8221;2929&#8243; width=&#8221;2\/3&#8243; css=&#8221;.vc_custom_1561903613780{background-position: center !important;background-repeat: no-repeat !important;background-size: cover !important;}&#8221; el_class=&#8221;vc_hidden-xs vc_hidden-sm&#8221;][\/vc_column][vc_column width=&#8221;1\/3&#8243;][vc_empty_space height=&#8221;120px&#8221; height2=&#8221;0&#8243; css=&#8221;.vc_custom_1545314682944{padding-right: 40px !important;padding-left: 40px !important;}&#8221;][vc_single_image image=&#8221;3296&#8243; img_size=&#8221;full&#8221; alignment=&#8221;center&#8221; el_class=&#8221;vc_hidden-md vc_hidden-lg&#8221; css=&#8221;.vc_custom_1561903604433{margin-bottom: 0px !important;}&#8221;]<div class=\"heading-with-separator text-center id_169fca853a9a0f1448692867  vc_custom_1564841280886  offset-left-lg\"><div class=\"header-content\">\n\t\t\t<p class=\"h-subheading\"><\/p>\n\t\t\t<h4 class=\"heading  \" style=\"; letter-spacing: 0px; \">Zuallerserst: die Frisa.<\/h4><\/div><\/div><div class=\"custom-styles\" data-styles=\".id_169fca853a9a0f1448692867 .heading-decorator-1:before, .id_169fca853a9a0f1448692867 .heading-decorator-1:after { border-color: }\"><\/div>[vc_column_text css=&#8221;.vc_custom_1564841297845{margin-bottom: 0px !important;padding-right: 60px !important;padding-bottom: 60px !important;padding-left: 60px !important;background-color: #ffffff !important;}&#8221; el_class=&#8221;offset-left-lg&#8221;]<\/p>\n<p style=\"text-align: center;\">Natives Oliven\u00f6l ist die eine entscheidende Grundlage der regionalen K\u00fcche Apuliens, einen hohen Stellenwert in der traditionellen K\u00fcche aber auch Weizenprodukte. Daraus werden Friselle (eine Art apulischer Zwieback), Tarelli (eine Art Cracker), Pasta und nat\u00fcrlich Brot hergestellt und die verschiedenen Formen und Varianten der Weizenprodukte in Apulien nahezu verg\u00f6ttert. Eine davon ist die die Frisa \u2013 ein ein in zwei H\u00e4lften geschnittenes Br\u00f6tchen, das dann ger\u00f6stet wird. Das Talent der Menchen in Salento besteht darin, aus einem Arme-Leute-Essen eine wunderbar leichte K\u00f6stlichkeit zu machen, die traditionell zum Aperitif gereicht wird. Dazu werden die beiden Broth\u00e4lften mit einer aufgeschnittenen Tomate nach dem R\u00f6sten berieben. Dann tr\u00e4ufelt man \u00d6l und Salz darauf \u2013 und schon hei\u00dft es Guten Appetit.<\/p>\n<p style=\"text-align: center;\"><em>\u00a0<\/em><\/p>\n<p>[\/vc_column_text][vc_empty_space height=&#8221;120px&#8221; height2=&#8221;0&#8243;][\/vc_column][\/vc_row][vc_row full_width=&#8221;stretch_row_content_no_spaces&#8221; gap=&#8221;&#8221; equal_height=&#8221;yes&#8221; content_placement=&#8221;middle&#8221;][vc_column width=&#8221;1\/3&#8243; el_class=&#8221;z-index-up&#8221;][vc_empty_space height=&#8221;120px&#8221; height2=&#8221;0&#8243; css=&#8221;.vc_custom_1545314682944{padding-right: 40px !important;padding-left: 40px !important;}&#8221;][vc_single_image image=&#8221;3297&#8243; img_size=&#8221;full&#8221; alignment=&#8221;center&#8221; el_class=&#8221;vc_hidden-md vc_hidden-lg&#8221; css=&#8221;.vc_custom_1561903671880{margin-bottom: 0px !important;}&#8221;]<div class=\"heading-with-separator text-center id_169fca853a9a2f316932252  vc_custom_1564841308033  offset-right-lg\"><div class=\"header-content\">\n\t\t\t<p class=\"h-subheading\"><\/p>\n\t\t\t<h4 class=\"heading  \" style=\"; letter-spacing: 0px; \">Seine Majest\u00e4t, das Panzerotto.<\/h4><\/div><\/div><div class=\"custom-styles\" data-styles=\".id_169fca853a9a2f316932252 .heading-decorator-1:before, .id_169fca853a9a2f316932252 .heading-decorator-1:after { border-color: }\"><\/div>[vc_column_text css=&#8221;.vc_custom_1564841318316{margin-bottom: 0px !important;padding-right: 60px !important;padding-bottom: 60px !important;padding-left: 60px !important;background-color: #ffffff !important;}&#8221; el_class=&#8221;offset-right-lg&#8221;]<\/p>\n<p style=\"text-align: center;\">Ein Klassiker der apulischen K\u00fcche. Er besteht aus ges\u00e4uertem Teig, der mit Tomaten und Mozzarella gef\u00fcllt und in hei\u00dfem \u00d6l gebraten wird. Er ist damit sozusagen das Fast-Food S\u00fcditaliens, ideal zu allen Tages- und Nachtzeiten. Und so erkl\u00e4rt sich sicher auch, dass sich in Apulien internationales Junkfood nie richtig durchgesetzt hat.<\/p>\n<p>[\/vc_column_text][vc_empty_space height=&#8221;120px&#8221; height2=&#8221;0&#8243;][\/vc_column][vc_column parallax=&#8221;content-moving&#8221; parallax_image=&#8221;2930&#8243; width=&#8221;2\/3&#8243; css=&#8221;.vc_custom_1561903660183{background-position: center !important;background-repeat: no-repeat !important;background-size: cover !important;}&#8221; el_class=&#8221;vc_hidden-xs vc_hidden-sm&#8221;][\/vc_column][\/vc_row][vc_row full_width=&#8221;stretch_row_content_no_spaces&#8221; gap=&#8221;&#8221; equal_height=&#8221;yes&#8221; content_placement=&#8221;middle&#8221; css=&#8221;.vc_custom_1545317448561{margin-top: 0px !important;margin-bottom: 0px !important;padding-top: 0px !important;padding-bottom: 0px !important;}&#8221;][vc_column parallax=&#8221;content-moving&#8221; parallax_image=&#8221;2931&#8243; width=&#8221;2\/3&#8243; css=&#8221;.vc_custom_1561903733045{background-position: center !important;background-repeat: no-repeat !important;background-size: cover !important;}&#8221; el_class=&#8221;vc_hidden-xs vc_hidden-sm&#8221;][\/vc_column][vc_column width=&#8221;1\/3&#8243;][vc_empty_space height=&#8221;120px&#8221; height2=&#8221;0&#8243; css=&#8221;.vc_custom_1545314682944{padding-right: 40px !important;padding-left: 40px !important;}&#8221;][vc_single_image image=&#8221;3298&#8243; img_size=&#8221;full&#8221; alignment=&#8221;center&#8221; el_class=&#8221;vc_hidden-md vc_hidden-lg&#8221; css=&#8221;.vc_custom_1561903753937{margin-bottom: 0px !important;}&#8221;]<div class=\"heading-with-separator text-center id_169fca853a9a4a479023873  vc_custom_1564841326545  offset-left-lg\"><div class=\"header-content\">\n\t\t\t<p class=\"h-subheading\"><\/p>\n\t\t\t<h4 class=\"heading  \" style=\"; letter-spacing: 0px; \">Apulische Rezepte mit Meeresfr\u00fcchten<\/h4><\/div><\/div><div class=\"custom-styles\" data-styles=\".id_169fca853a9a4a479023873 .heading-decorator-1:before, .id_169fca853a9a4a479023873 .heading-decorator-1:after { border-color: }\"><\/div>[vc_column_text css=&#8221;.vc_custom_1564841344351{margin-bottom: 0px !important;padding-right: 60px !important;padding-bottom: 60px !important;padding-left: 60px !important;background-color: #ffffff !important;}&#8221; el_class=&#8221;offset-left-lg&#8221;]<\/p>\n<p style=\"text-align: center;\">Mit rund 800 Kilometern K\u00fcste ist Apulien eine &#8220;Halbinsel auf der Halbinsel&#8221;. Obwohl die klassischen Rezepte der apulischen K\u00fcche meist die Verwendung von Produkten vom Land bzw. dem Hinterland beinhalten, sind Fisch und Meeresfr\u00fcchte fester Bestandteilin den Rezepten der gro\u00dfen K\u00fcstenst\u00e4dte. Die ionische Stadt Taranto zum Beispiel ist die K\u00f6nigin der Muschelzucht -vor allem schwarzer Muscheln. Das &#8220;mar piccolo&#8221; ist ganz die Aufzucht dieser Muscheln gewidmet. Sie dienenals Basis f\u00fcr der ber\u00fchmten pepatta di cozze, einer Muschelsuppe: \u00d6l, Knoblauch, Piment, Petersilien, das ist alles was dar\u00fcberhinaus hinzugef\u00fcgt. Mit dem Wasser aus der Muschel entsteht so eine k\u00f6stliche Br\u00fche, in die Brot getunkt wird.<\/p>\n<p>[\/vc_column_text][vc_empty_space height=&#8221;120px&#8221; height2=&#8221;0&#8243;][\/vc_column][\/vc_row][vc_row full_width=&#8221;stretch_row_content_no_spaces&#8221; gap=&#8221;&#8221; equal_height=&#8221;yes&#8221; content_placement=&#8221;middle&#8221;][vc_column width=&#8221;1\/3&#8243; el_class=&#8221;z-index-up&#8221;][vc_empty_space height=&#8221;120px&#8221; height2=&#8221;0&#8243; css=&#8221;.vc_custom_1545314682944{padding-right: 40px !important;padding-left: 40px !important;}&#8221;][vc_single_image image=&#8221;3299&#8243; img_size=&#8221;full&#8221; alignment=&#8221;center&#8221; el_class=&#8221;vc_hidden-md vc_hidden-lg&#8221; css=&#8221;.vc_custom_1561903869936{margin-bottom: 0px !important;}&#8221;]<div class=\"heading-with-separator text-center id_169fca853a9a5f1838394843  vc_custom_1564841355234  offset-right-lg\"><div class=\"header-content\">\n\t\t\t<p class=\"h-subheading\"><\/p>\n\t\t\t<h4 class=\"heading  \" style=\"; letter-spacing: 0px; \">Die Tiella \u2013 ein Gericht aus Reis, Kartoffeln und Muscheln<\/h4><\/div><\/div><div class=\"custom-styles\" data-styles=\".id_169fca853a9a5f1838394843 .heading-decorator-1:before, .id_169fca853a9a5f1838394843 .heading-decorator-1:after { border-color: }\"><\/div>[vc_column_text css=&#8221;.vc_custom_1564841366261{margin-bottom: 0px !important;padding-right: 60px !important;padding-bottom: 60px !important;padding-left: 60px !important;background-color: #ffffff !important;}&#8221; el_class=&#8221;offset-right-lg&#8221;]<\/p>\n<p style=\"text-align: center;\">Es gibt mehrere Varianten des Rezepts, je nachdem in welcher Stadt man sich gerade aufh\u00e4lt, die Grundlage sind aber immer Reis, Kartoffeln und gekochte Muscheln. Die Muscheln werden dabei vorsichtig ge\u00f6ffnet, die Kunst dabei ist, die Muschel intakt zu halten und nur noch in einer der beiden Schale zu haben. Danach schichtet man abwechselnd Kartoffeln mit Muscheln und ungekochtem Reis \u00fcbereinander. Mit einer Messerspitze Pecorino, Petersilie und einer Zwiebel wird gew\u00fcrzt und dann mit dem Muschelwasser und frischem Wasser \u00fcbergossen. Die Dosierung ist dabei entscheidend. Eine gute Tielle ist weder zu trocken noch zu fl\u00fcssig.<\/p>\n<p>[\/vc_column_text][vc_empty_space height=&#8221;120px&#8221; height2=&#8221;0&#8243;][\/vc_column][vc_column parallax=&#8221;content-moving&#8221; parallax_image=&#8221;2932&#8243; width=&#8221;2\/3&#8243; css=&#8221;.vc_custom_1561903854315{background-position: center !important;background-repeat: no-repeat !important;background-size: cover !important;}&#8221; el_class=&#8221;vc_hidden-xs vc_hidden-sm&#8221;][\/vc_column][\/vc_row][vc_row full_width=&#8221;stretch_row_content_no_spaces&#8221; gap=&#8221;&#8221; equal_height=&#8221;yes&#8221; content_placement=&#8221;middle&#8221; css=&#8221;.vc_custom_1545317448561{margin-top: 0px !important;margin-bottom: 0px !important;padding-top: 0px !important;padding-bottom: 0px !important;}&#8221;][vc_column parallax=&#8221;content-moving&#8221; parallax_image=&#8221;2933&#8243; width=&#8221;2\/3&#8243; css=&#8221;.vc_custom_1561903902894{background-position: center !important;background-repeat: no-repeat !important;background-size: cover !important;}&#8221; el_class=&#8221;vc_hidden-xs vc_hidden-sm&#8221;][\/vc_column][vc_column width=&#8221;1\/3&#8243;][vc_empty_space height=&#8221;120px&#8221; height2=&#8221;0&#8243; css=&#8221;.vc_custom_1545314682944{padding-right: 40px !important;padding-left: 40px !important;}&#8221;][vc_single_image image=&#8221;3300&#8243; img_size=&#8221;full&#8221; alignment=&#8221;center&#8221; el_class=&#8221;vc_hidden-md vc_hidden-lg&#8221; css=&#8221;.vc_custom_1561903911844{margin-bottom: 0px !important;}&#8221;]<div class=\"heading-with-separator text-center id_169fca853a9a741873603121  vc_custom_1564841377943  offset-left-lg\"><div class=\"header-content\">\n\t\t\t<p class=\"h-subheading\"><\/p>\n\t\t\t<h4 class=\"heading  \" style=\"; letter-spacing: 0px; \">Orecchiette,<br \/>\ndie typischen apulischen Pasta<\/h4><\/div><\/div><div class=\"custom-styles\" data-styles=\".id_169fca853a9a741873603121 .heading-decorator-1:before, .id_169fca853a9a741873603121 .heading-decorator-1:after { border-color: }\"><\/div>[vc_column_text css=&#8221;.vc_custom_1564841393476{margin-bottom: 0px !important;padding-right: 60px !important;padding-bottom: 60px !important;padding-left: 60px !important;background-color: #ffffff !important;}&#8221; el_class=&#8221;offset-left-lg&#8221;]<\/p>\n<p style=\"text-align: center;\">Die Ikone und K\u00f6nigin der apulischen Pasta ist die <strong><em>Orechietta<\/em><\/strong>, die Erfahrung, Geschicklichkeit und \u00dcbung erfordert, um sie zuzubereiten. Es gibt mittlerweile viele Kochkurse f\u00fcr Touristen, in denen man lernen kann, wie man die perfekte Nudel herstellt. Sie wird nur aus Wasser, Mehl und Hartweizengrie\u00df hergestellt. Dieser Teig wird dann zu kleinen Zylindern geformt, aus denen diese kleinen &#8220;Conchigliette&#8221; oder Orecchiette dann mit einem Messer und einem geschickten Handgriff ihre typische Form bekommen. Sie k\u00f6nnen gro\u00df sein wie die &#8220;stacchioddi&#8221; von Ostuni, oder klein, wie die von Bari. Eine andere Variante sind die \u201estrascinato\u201c, dabei werden die Teigzylinder in die L\u00e4nge gezogen und dann ineinander gedreht. Diese Form stammt aus Fasano und Brindisi. Es gibt viele M\u00f6glichkeiten, sie zuzubereiten, der Klassiker ist mit dem sog. Cime di rapa, einem Gem\u00fcse, das aus der Familie des Brokkoli stammt, das nur in Apulien und in den kalten Monaten angebaut wird.<\/p>\n<p>[\/vc_column_text][vc_empty_space height=&#8221;120px&#8221; height2=&#8221;0&#8243;][\/vc_column][\/vc_row]<\/p>","protected":false},"excerpt":{"rendered":"<p>[vc_row full_width=&#8221;stretch_row&#8221; gap=&#8221;&#8221; parallax_image=&#8221;2927&#8243; overlay_color=&#8221;rgba(0,0,0,0.6)&#8221; text_color=&#8221;#ffffff&#8221; css=&#8221;.vc_custom_1561903546995{padding-top: 220px !important;padding-bottom: 140px !important;}&#8221;][vc_column][\/vc_column][\/vc_row][vc_row full_width=&#8221;stretch_row_content_no_spaces&#8221; gap=&#8221;&#8221; equal_height=&#8221;yes&#8221; content_placement=&#8221;middle&#8221;][vc_column parallax=&#8221;content-moving&#8221; parallax_image=&#8221;2929&#8243; width=&#8221;2\/3&#8243; css=&#8221;.vc_custom_1561903613780{background-position: center !important;background-repeat: no-repeat !important;background-size: cover !important;}&#8221; el_class=&#8221;vc_hidden-xs vc_hidden-sm&#8221;][\/vc_column][vc_column width=&#8221;1\/3&#8243;][vc_empty_space height=&#8221;120px&#8221; height2=&#8221;0&#8243; css=&#8221;.vc_custom_1545314682944{padding-right: 40px !important;padding-left: 40px !important;}&#8221;][vc_single_image image=&#8221;3296&#8243; img_size=&#8221;full&#8221; alignment=&#8221;center&#8221; el_class=&#8221;vc_hidden-md vc_hidden-lg&#8221; css=&#8221;.vc_custom_1561903604433{margin-bottom: 0px !important;}&#8221;][vc_column_text css=&#8221;.vc_custom_1564841297845{margin-bottom: 0px !important;padding-right: 60px !important;padding-bottom: 60px !important;padding-left: 60px !important;background-color: #ffffff !important;}&#8221; el_class=&#8221;offset-left-lg&#8221;][&#8230;] <a href=\"https:\/\/www.dagilupi.com\/index.php\/todo\/food?lang=de\" class=\"more-link\">Continue reading<\/a><\/p>\n","protected":false},"author":3,"featured_media":0,"parent":6059,"menu_order":2,"comment_status":"closed","ping_status":"closed","template":"","meta":[],"_links":{"self":[{"href":"https:\/\/www.dagilupi.com\/index.php\/wp-json\/wp\/v2\/pages\/3285"}],"collection":[{"href":"https:\/\/www.dagilupi.com\/index.php\/wp-json\/wp\/v2\/pages"}],"about":[{"href":"https:\/\/www.dagilupi.com\/index.php\/wp-json\/wp\/v2\/types\/page"}],"author":[{"embeddable":true,"href":"https:\/\/www.dagilupi.com\/index.php\/wp-json\/wp\/v2\/users\/3"}],"replies":[{"embeddable":true,"href":"https:\/\/www.dagilupi.com\/index.php\/wp-json\/wp\/v2\/comments?post=3285"}],"version-history":[{"count":4,"href":"https:\/\/www.dagilupi.com\/index.php\/wp-json\/wp\/v2\/pages\/3285\/revisions"}],"predecessor-version":[{"id":3656,"href":"https:\/\/www.dagilupi.com\/index.php\/wp-json\/wp\/v2\/pages\/3285\/revisions\/3656"}],"up":[{"embeddable":true,"href":"https:\/\/www.dagilupi.com\/index.php\/wp-json\/wp\/v2\/pages\/6059"}],"wp:attachment":[{"href":"https:\/\/www.dagilupi.com\/index.php\/wp-json\/wp\/v2\/media?parent=3285"}],"curies":[{"name":"wp","href":"https:\/\/api.w.org\/{rel}","templated":true}]}}