{"id":3283,"date":"2019-06-30T14:03:51","date_gmt":"2019-06-30T14:03:51","guid":{"rendered":"https:\/\/www.dagilupi.com\/index.php\/recommadation\/food\/"},"modified":"2020-04-17T15:12:52","modified_gmt":"2020-04-17T13:12:52","slug":"food","status":"publish","type":"page","link":"https:\/\/www.dagilupi.com\/index.php\/todo\/food?lang=fr","title":{"rendered":"Les 5 meilleures recettes des Pouilles"},"content":{"rendered":"<p>[vc_row full_width=&#8221;stretch_row&#8221; gap=&#8221;&#8221; parallax_image=&#8221;2927&#8243; overlay_color=&#8221;rgba(0,0,0,0.6)&#8221; text_color=&#8221;#ffffff&#8221; css=&#8221;.vc_custom_1561903546995{padding-top: 220px !important;padding-bottom: 140px !important;}&#8221;][vc_column]<div class=\"heading-with-separator text-center id_169da2abd6c0b82023781773   \"><div class=\"header-content\">\n\t\t\t<p class=\"h-subheading\"><\/p>\n\t\t\t<h1 class=\"heading  \" style=\"; letter-spacing: 0px; \">Les meilleures recettes<br \/>\ndes Pouilles<\/h1><\/div><\/div><div class=\"custom-styles\" data-styles=\".id_169da2abd6c0b82023781773 .heading-decorator-1:before, .id_169da2abd6c0b82023781773 .heading-decorator-1:after { border-color: }\"><\/div>[\/vc_column][\/vc_row][vc_row full_width=&#8221;stretch_row_content_no_spaces&#8221; gap=&#8221;&#8221; equal_height=&#8221;yes&#8221; content_placement=&#8221;middle&#8221;][vc_column parallax=&#8221;content-moving&#8221; parallax_image=&#8221;2929&#8243; width=&#8221;2\/3&#8243; css=&#8221;.vc_custom_1561903613780{background-position: center !important;background-repeat: no-repeat !important;background-size: cover !important;}&#8221; el_class=&#8221;vc_hidden-xs vc_hidden-sm&#8221;][\/vc_column][vc_column width=&#8221;1\/3&#8243;][vc_empty_space height=&#8221;120px&#8221; height2=&#8221;0&#8243; css=&#8221;.vc_custom_1545314682944{padding-right: 40px !important;padding-left: 40px !important;}&#8221;][vc_single_image image=&#8221;3290&#8243; img_size=&#8221;full&#8221; alignment=&#8221;center&#8221; el_class=&#8221;vc_hidden-md vc_hidden-lg&#8221; css=&#8221;.vc_custom_1561903604433{margin-bottom: 0px !important;}&#8221;]<div class=\"heading-with-separator text-center id_169da2abd6c0fe1590661643  vc_custom_1564641638177  offset-left-lg\"><div class=\"header-content\">\n\t\t\t<p class=\"h-subheading\"><\/p>\n\t\t\t<h4 class=\"heading  \" style=\"; letter-spacing: 0px; \">Tout d'abord, la Frise.<\/h4><\/div><\/div><div class=\"custom-styles\" data-styles=\".id_169da2abd6c0fe1590661643 .heading-decorator-1:before, .id_169da2abd6c0fe1590661643 .heading-decorator-1:after { border-color: }\"><\/div>[vc_column_text css=&#8221;.vc_custom_1564641658136{margin-bottom: 0px !important;padding-right: 60px !important;padding-bottom: 60px !important;padding-left: 60px !important;background-color: #ffffff !important;}&#8221; el_class=&#8221;offset-left-lg&#8221;]<\/p>\n<p style=\"text-align: center;\">Si l&#8217;huile d&#8217;olive extra vierge est omnipr\u00e9sente dans la gastronomie locale, les c\u00e9r\u00e9ales ont une place importante dans l&#8217;alimentation traditionnelle. Qu&#8217;il s&#8217;agisse des taralli, des friselles, des pains et bien sur des p\u00e2tes, les c\u00e9r\u00e9ales utilis\u00e9es sont nombreuses, parfois issues d&#8217;une tradition locale comme par exemple le &#8220;grano arso&#8221; bl\u00e9 torr\u00e9fi\u00e9 au go\u00fbt de noisette et de caf\u00e9 ou plus &#8216;hype&#8217; la farine de bl\u00e9 &#8220;Senator Capelli&#8221;, vari\u00e9t\u00e9 de bl\u00e9 rustique remise au go\u00fbt du jour. Une des formes traditionnelles du pain est la Frise, un petit sandwich coup\u00e9 en deux avant d&#8217;\u00eatre grill\u00e9. Le talent du peuple du Salento a transform\u00e9 une nourriture de pauvre en un plat frais et incontournable pour l\u2019ap\u00e9ritif. On frotte sur le pain pr\u00e9alablement humidifi\u00e9 une demi-tomate, puis on ajoute de l&#8217;huile et du sel, et \u2026 bon app\u00e9tit.<\/p>\n<p>[\/vc_column_text][vc_empty_space height=&#8221;120px&#8221; height2=&#8221;0&#8243;][\/vc_column][\/vc_row][vc_row full_width=&#8221;stretch_row_content_no_spaces&#8221; gap=&#8221;&#8221; equal_height=&#8221;yes&#8221; content_placement=&#8221;middle&#8221;][vc_column width=&#8221;1\/3&#8243; el_class=&#8221;z-index-up&#8221;][vc_empty_space height=&#8221;120px&#8221; height2=&#8221;0&#8243; css=&#8221;.vc_custom_1545314682944{padding-right: 40px !important;padding-left: 40px !important;}&#8221;][vc_single_image image=&#8221;3291&#8243; img_size=&#8221;full&#8221; alignment=&#8221;center&#8221; el_class=&#8221;vc_hidden-md vc_hidden-lg&#8221; css=&#8221;.vc_custom_1561903671880{margin-bottom: 0px !important;}&#8221;]<div class=\"heading-with-separator text-center id_169da2abd6c11b1465203994  vc_custom_1564641667970  offset-right-lg\"><div class=\"header-content\">\n\t\t\t<p class=\"h-subheading\"><\/p>\n\t\t\t<h4 class=\"heading  \" style=\"; letter-spacing: 0px; \">le Panzerotto<\/h4><\/div><\/div><div class=\"custom-styles\" data-styles=\".id_169da2abd6c11b1465203994 .heading-decorator-1:before, .id_169da2abd6c11b1465203994 .heading-decorator-1:after { border-color: }\"><\/div>[vc_column_text css=&#8221;.vc_custom_1564641680663{margin-bottom: 0px !important;padding-right: 60px !important;padding-bottom: 60px !important;padding-left: 60px !important;background-color: #ffffff !important;}&#8221; el_class=&#8221;offset-right-lg&#8221;]<\/p>\n<p style=\"text-align: center;\">Un classique de la gastronomie apulienne. C&#8217;est un chausson de p\u00e2te lev\u00e9e remplie de tomate et de mozzarella et frit dans l&#8217;huile. Il est r\u00e9ellement le fast-food du Sud de l&#8217;Italie et explique par l&#8217;attachement que les habitants des Pouilles lui prodiguent la faible implantation locale de la junkfood internationale.<\/p>\n<p>[\/vc_column_text][vc_empty_space height=&#8221;120px&#8221; height2=&#8221;0&#8243;][\/vc_column][vc_column parallax=&#8221;content-moving&#8221; parallax_image=&#8221;2930&#8243; width=&#8221;2\/3&#8243; css=&#8221;.vc_custom_1561903660183{background-position: center !important;background-repeat: no-repeat !important;background-size: cover !important;}&#8221; el_class=&#8221;vc_hidden-xs vc_hidden-sm&#8221;][\/vc_column][\/vc_row][vc_row full_width=&#8221;stretch_row_content_no_spaces&#8221; gap=&#8221;&#8221; equal_height=&#8221;yes&#8221; content_placement=&#8221;middle&#8221; css=&#8221;.vc_custom_1545317448561{margin-top: 0px !important;margin-bottom: 0px !important;padding-top: 0px !important;padding-bottom: 0px !important;}&#8221;][vc_column parallax=&#8221;content-moving&#8221; parallax_image=&#8221;2931&#8243; width=&#8221;2\/3&#8243; css=&#8221;.vc_custom_1561903733045{background-position: center !important;background-repeat: no-repeat !important;background-size: cover !important;}&#8221; el_class=&#8221;vc_hidden-xs vc_hidden-sm&#8221;][\/vc_column][vc_column width=&#8221;1\/3&#8243;][vc_empty_space height=&#8221;120px&#8221; height2=&#8221;0&#8243; css=&#8221;.vc_custom_1545314682944{padding-right: 40px !important;padding-left: 40px !important;}&#8221;][vc_single_image image=&#8221;3292&#8243; img_size=&#8221;full&#8221; alignment=&#8221;center&#8221; el_class=&#8221;vc_hidden-md vc_hidden-lg&#8221; css=&#8221;.vc_custom_1561903753937{margin-bottom: 0px !important;}&#8221;]<div class=\"heading-with-separator text-center id_169da2abd6c132444238565  vc_custom_1564641689763  offset-left-lg\"><div class=\"header-content\">\n\t\t\t<p class=\"h-subheading\"><\/p>\n\t\t\t<h4 class=\"heading  \" style=\"; letter-spacing: 0px; \">Recettes de fruits de mer des Pouilles<\/h4><\/div><\/div><div class=\"custom-styles\" data-styles=\".id_169da2abd6c132444238565 .heading-decorator-1:before, .id_169da2abd6c132444238565 .heading-decorator-1:after { border-color: }\"><\/div>[vc_column_text css=&#8221;.vc_custom_1564641709946{margin-bottom: 0px !important;padding-right: 60px !important;padding-bottom: 60px !important;padding-left: 60px !important;background-color: #ffffff !important;}&#8221; el_class=&#8221;offset-left-lg&#8221;]<\/p>\n<p style=\"text-align: center;\">Avec environ 800 kilom\u00e8tres de c\u00f4tes, la r\u00e9gion des Pouilles est une \u00ab p\u00e9ninsule dans la p\u00e9ninsule \u00bb. La cuisine des Pouilles privil\u00e9gie l&#8217;utilisation des produits de la terre mais les produits de la mer sont tr\u00e8s pr\u00e9sents dans les recettes des grandes villes baln\u00e9aires. Taranto est r\u00e9put\u00e9e pour la culture des moules, en particulier la moule noire. Le &#8220;Mar Piccolo&#8221; de Tarante est enti\u00e8rement d\u00e9di\u00e9 \u00e0 la culture et l&#8217;affinage de cette moule qui est la base de la pepatta di cozze : huile, ail, piment, persil et c&#8217;est tout. L&#8217;eau des moules forme un bouillon go\u00fbteux dans lequel le pain est tremp\u00e9.<\/p>\n<p>[\/vc_column_text][vc_empty_space height=&#8221;120px&#8221; height2=&#8221;0&#8243;][\/vc_column][\/vc_row][vc_row full_width=&#8221;stretch_row_content_no_spaces&#8221; gap=&#8221;&#8221; equal_height=&#8221;yes&#8221; content_placement=&#8221;middle&#8221;][vc_column width=&#8221;1\/3&#8243; el_class=&#8221;z-index-up&#8221;][vc_empty_space height=&#8221;120px&#8221; height2=&#8221;0&#8243; css=&#8221;.vc_custom_1545314682944{padding-right: 40px !important;padding-left: 40px !important;}&#8221;][vc_single_image image=&#8221;3293&#8243; img_size=&#8221;full&#8221; alignment=&#8221;center&#8221; el_class=&#8221;vc_hidden-md vc_hidden-lg&#8221; css=&#8221;.vc_custom_1561903869936{margin-bottom: 0px !important;}&#8221;]<div class=\"heading-with-separator text-center id_169da2abd6c146969253234  vc_custom_1564641721781  offset-right-lg\"><div class=\"header-content\">\n\t\t\t<p class=\"h-subheading\"><\/p>\n\t\t\t<h4 class=\"heading  \" style=\"; letter-spacing: 0px; \">La tiella : riz, pommes de terre et moules<\/h4><\/div><\/div><div class=\"custom-styles\" data-styles=\".id_169da2abd6c146969253234 .heading-decorator-1:before, .id_169da2abd6c146969253234 .heading-decorator-1:after { border-color: }\"><\/div>[vc_column_text css=&#8221;.vc_custom_1564641737495{margin-bottom: 0px !important;padding-right: 60px !important;padding-bottom: 60px !important;padding-left: 60px !important;background-color: #ffffff !important;}&#8221; el_class=&#8221;offset-right-lg&#8221;]<\/p>\n<p style=\"text-align: center;\">Il y a plusieurs variantes selon la ville d&#8217;origine de la recette, mais la base est toujours : du riz, des pommes de terre et des moules cuits ensemble. Les moules sont pr\u00e9par\u00e9es de fa\u00e7on \u00e0 laisser la moule ouverte intacte dans une demi-coquille. On proc\u00e8de ensuite par couches, en alternant les pommes de terre avec les moules et le riz non cuit. On assaisonne avec une pinc\u00e9e de pecorino, du persil et de l&#8217;oignon. Puis on mouille avec l&#8217;eau des moules et de l&#8217;eau. Le dosage est important, une bonne tiella ne doit \u00eatre ni trop s\u00e8che ni trop humide.<\/p>\n<p>[\/vc_column_text][vc_empty_space height=&#8221;120px&#8221; height2=&#8221;0&#8243;][\/vc_column][vc_column parallax=&#8221;content-moving&#8221; parallax_image=&#8221;2932&#8243; width=&#8221;2\/3&#8243; css=&#8221;.vc_custom_1561903854315{background-position: center !important;background-repeat: no-repeat !important;background-size: cover !important;}&#8221; el_class=&#8221;vc_hidden-xs vc_hidden-sm&#8221;][\/vc_column][\/vc_row][vc_row full_width=&#8221;stretch_row_content_no_spaces&#8221; gap=&#8221;&#8221; equal_height=&#8221;yes&#8221; content_placement=&#8221;middle&#8221; css=&#8221;.vc_custom_1545317448561{margin-top: 0px !important;margin-bottom: 0px !important;padding-top: 0px !important;padding-bottom: 0px !important;}&#8221;][vc_column parallax=&#8221;content-moving&#8221; parallax_image=&#8221;2933&#8243; width=&#8221;2\/3&#8243; css=&#8221;.vc_custom_1561903902894{background-position: center !important;background-repeat: no-repeat !important;background-size: cover !important;}&#8221; el_class=&#8221;vc_hidden-xs vc_hidden-sm&#8221;][\/vc_column][vc_column width=&#8221;1\/3&#8243;][vc_empty_space height=&#8221;120px&#8221; height2=&#8221;0&#8243; css=&#8221;.vc_custom_1545314682944{padding-right: 40px !important;padding-left: 40px !important;}&#8221;][vc_single_image image=&#8221;3294&#8243; img_size=&#8221;full&#8221; alignment=&#8221;center&#8221; el_class=&#8221;vc_hidden-md vc_hidden-lg&#8221; css=&#8221;.vc_custom_1561903911844{margin-bottom: 0px !important;}&#8221;]<div class=\"heading-with-separator text-center id_169da2abd6c15e1190637589  vc_custom_1564641748331  offset-left-lg\"><div class=\"header-content\">\n\t\t\t<p class=\"h-subheading\"><\/p>\n\t\t\t<h4 class=\"heading  \" style=\"; letter-spacing: 0px; \">Orecchiette,<br \/>\nla recette des p\u00e2tes typiques des Pouilles<\/h4><\/div><\/div><div class=\"custom-styles\" data-styles=\".id_169da2abd6c15e1190637589 .heading-decorator-1:before, .id_169da2abd6c15e1190637589 .heading-decorator-1:after { border-color: }\"><\/div>[vc_column_text css=&#8221;.vc_custom_1564641763013{margin-bottom: 0px !important;padding-right: 60px !important;padding-bottom: 60px !important;padding-left: 60px !important;background-color: #ffffff !important;}&#8221; el_class=&#8221;offset-left-lg&#8221;]<\/p>\n<p style=\"text-align: center;\">La reine des p\u00e2tes apuliennes est l&#8217;orecchiette, qui exige de l&#8217;exp\u00e9rience, des comp\u00e9tences et de la pratique dans sa r\u00e9alisation. De nombreux cours de cuisine sont propos\u00e9s aux touristes pour apprendre \u00e0 confectionner ce type de p\u00e2tes. Faites \u00e0 partir uniquement d&#8217;eau, de farine et de semoule de bl\u00e9 dur, la p\u00e2te est fa\u00e7onn\u00e9e en petits cylindres puis \u00e0 l\u2019aide d&#8217;un couteau et d&#8217;un habile coup de mains on r\u00e9alise les orecchiette. Ils peuvent \u00eatre grands comme les stacchioddi d&#8217;Ostuni, ou petits, comme ceux de Bari. Si le morceau de p\u00e2te est laiss\u00e9 ouvert, apr\u00e8s avoir \u00e9t\u00e9 &#8220;tra\u00een\u00e9&#8221; (&#8220;strascinato&#8221; en italien) avec le couteau sur la planche \u00e0 d\u00e9couper, vous obtenez le typique strascinato de Fasano et Brindisi. Il existe de nombreuses fa\u00e7ons d&#8217;accommoder les orecchiette, la recette la plus c\u00e9l\u00e8bre est celle avec les cime di rapa, un l\u00e9gume appartenant \u00e0 la famille de brocoli cultiv\u00e9 uniquement dans les Pouilles pendant les mois les plus froid.<\/p>\n<p>[\/vc_column_text][vc_empty_space height=&#8221;120px&#8221; height2=&#8221;0&#8243;][\/vc_column][\/vc_row]<\/p>","protected":false},"excerpt":{"rendered":"<p>[vc_row full_width=&#8221;stretch_row&#8221; gap=&#8221;&#8221; parallax_image=&#8221;2927&#8243; overlay_color=&#8221;rgba(0,0,0,0.6)&#8221; text_color=&#8221;#ffffff&#8221; css=&#8221;.vc_custom_1561903546995{padding-top: 220px !important;padding-bottom: 140px !important;}&#8221;][vc_column][\/vc_column][\/vc_row][vc_row full_width=&#8221;stretch_row_content_no_spaces&#8221; gap=&#8221;&#8221; equal_height=&#8221;yes&#8221; content_placement=&#8221;middle&#8221;][vc_column parallax=&#8221;content-moving&#8221; parallax_image=&#8221;2929&#8243; width=&#8221;2\/3&#8243; css=&#8221;.vc_custom_1561903613780{background-position: center !important;background-repeat: no-repeat !important;background-size: cover !important;}&#8221; el_class=&#8221;vc_hidden-xs vc_hidden-sm&#8221;][\/vc_column][vc_column width=&#8221;1\/3&#8243;][vc_empty_space height=&#8221;120px&#8221; height2=&#8221;0&#8243; css=&#8221;.vc_custom_1545314682944{padding-right: 40px !important;padding-left: 40px !important;}&#8221;][vc_single_image image=&#8221;3290&#8243; img_size=&#8221;full&#8221; alignment=&#8221;center&#8221; el_class=&#8221;vc_hidden-md vc_hidden-lg&#8221; css=&#8221;.vc_custom_1561903604433{margin-bottom: 0px !important;}&#8221;][vc_column_text css=&#8221;.vc_custom_1564641658136{margin-bottom: 0px !important;padding-right: 60px !important;padding-bottom: 60px !important;padding-left: 60px !important;background-color: #ffffff !important;}&#8221; el_class=&#8221;offset-left-lg&#8221;][&#8230;] <a href=\"https:\/\/www.dagilupi.com\/index.php\/todo\/food?lang=fr\" class=\"more-link\">Continue reading<\/a><\/p>\n","protected":false},"author":3,"featured_media":0,"parent":6053,"menu_order":2,"comment_status":"closed","ping_status":"closed","template":"","meta":[],"_links":{"self":[{"href":"https:\/\/www.dagilupi.com\/index.php\/wp-json\/wp\/v2\/pages\/3283"}],"collection":[{"href":"https:\/\/www.dagilupi.com\/index.php\/wp-json\/wp\/v2\/pages"}],"about":[{"href":"https:\/\/www.dagilupi.com\/index.php\/wp-json\/wp\/v2\/types\/page"}],"author":[{"embeddable":true,"href":"https:\/\/www.dagilupi.com\/index.php\/wp-json\/wp\/v2\/users\/3"}],"replies":[{"embeddable":true,"href":"https:\/\/www.dagilupi.com\/index.php\/wp-json\/wp\/v2\/comments?post=3283"}],"version-history":[{"count":5,"href":"https:\/\/www.dagilupi.com\/index.php\/wp-json\/wp\/v2\/pages\/3283\/revisions"}],"predecessor-version":[{"id":4274,"href":"https:\/\/www.dagilupi.com\/index.php\/wp-json\/wp\/v2\/pages\/3283\/revisions\/4274"}],"up":[{"embeddable":true,"href":"https:\/\/www.dagilupi.com\/index.php\/wp-json\/wp\/v2\/pages\/6053"}],"wp:attachment":[{"href":"https:\/\/www.dagilupi.com\/index.php\/wp-json\/wp\/v2\/media?parent=3283"}],"curies":[{"name":"wp","href":"https:\/\/api.w.org\/{rel}","templated":true}]}}