{"id":3253,"date":"2019-06-29T15:56:32","date_gmt":"2019-06-29T15:56:32","guid":{"rendered":"https:\/\/www.dagilupi.com\/index.php\/recommadation\/beaches\/"},"modified":"2019-08-01T06:37:27","modified_gmt":"2019-08-01T06:37:27","slug":"beaches","status":"publish","type":"page","link":"https:\/\/www.dagilupi.com\/index.php\/todo\/beaches?lang=fr","title":{"rendered":"Les 5 plus belles plages des Pouilles"},"content":{"rendered":"<p>[vc_row full_width=&#8221;stretch_row&#8221; gap=&#8221;&#8221; parallax_image=&#8221;2878&#8243; overlay_color=&#8221;rgba(0,0,0,0.6)&#8221; text_color=&#8221;#ffffff&#8221; css=&#8221;.vc_custom_1561823362979{padding-top: 220px !important;padding-bottom: 140px !important;}&#8221;][vc_column]<div class=\"heading-with-separator text-center id_169e73b54523be1874376454   \"><div class=\"header-content\">\n\t\t\t<p class=\"h-subheading\"><\/p>\n\t\t\t<h1 class=\"heading  \" style=\"; letter-spacing: 0px; \">Les 5 plus belles<br \/>\nplages des Pouilles<\/h1><\/div><\/div><div class=\"custom-styles\" data-styles=\".id_169e73b54523be1874376454 .heading-decorator-1:before, .id_169e73b54523be1874376454 .heading-decorator-1:after { border-color: }\"><\/div>[\/vc_column][\/vc_row][vc_row full_width=&#8221;stretch_row_content_no_spaces&#8221; gap=&#8221;&#8221; equal_height=&#8221;yes&#8221; content_placement=&#8221;middle&#8221;][vc_column parallax=&#8221;content-moving&#8221; parallax_image=&#8221;2879&#8243; width=&#8221;2\/3&#8243; css=&#8221;.vc_custom_1561823432124{background-position: center !important;background-repeat: no-repeat !important;background-size: cover !important;}&#8221; el_class=&#8221;vc_hidden-xs vc_hidden-sm&#8221;][\/vc_column][vc_column width=&#8221;1\/3&#8243;][vc_empty_space height=&#8221;120px&#8221; height2=&#8221;0&#8243; css=&#8221;.vc_custom_1545314682944{padding-right: 40px !important;padding-left: 40px !important;}&#8221;][vc_single_image image=&#8221;3254&#8243; img_size=&#8221;full&#8221; alignment=&#8221;center&#8221; el_class=&#8221;vc_hidden-md vc_hidden-lg&#8221; css=&#8221;.vc_custom_1561823470423{margin-bottom: 0px !important;}&#8221;]<div class=\"heading-with-separator text-center id_169e73b54523eb1493508345  vc_custom_1564641300154  offset-left-lg\"><div class=\"header-content\">\n\t\t\t<p class=\"h-subheading\"><\/p>\n\t\t\t<h4 class=\"heading  \" style=\"; letter-spacing: 0px; \">Torre Pozzella : le joyau<br \/>\nde la Marina d\u2019Ostuni<\/h4><\/div><\/div><div class=\"custom-styles\" data-styles=\".id_169e73b54523eb1493508345 .heading-decorator-1:before, .id_169e73b54523eb1493508345 .heading-decorator-1:after { border-color: }\"><\/div>[vc_column_text css=&#8221;.vc_custom_1564641312782{margin-bottom: 0px !important;padding-right: 60px !important;padding-bottom: 60px !important;padding-left: 60px !important;background-color: #ffffff !important;}&#8221; el_class=&#8221;offset-left-lg&#8221;]<\/p>\n<p style=\"text-align: center;\">Notre coup de c\u0153ur. Proche de notre Masseria, c\u2019est l\u2019endroit id\u00e9al pour ceux qui recherchent une eau claire au milieu des fonds rocheux : 5 criques et autant de petites plages semi-rocheuses cach\u00e9es dans le maquis m\u00e9diterran\u00e9en. Un vrai paradis qui reste accessible sans difficult\u00e9, la prairie qui sert de parking (en partie gratuit) est \u00e0 seulement 200 m\u00e8tres, au-del\u00e0 du maquis sauvage qui sent bon le myrte et le thym sauvage. L\u2019eau varie du vert \u00e9meraude au bleu profond et il n\u2019est pas rare de d\u00e9couvrir de petites grottes marines en explorant la c\u00f4te.<\/p>\n<p>[\/vc_column_text][vc_empty_space height=&#8221;120px&#8221; height2=&#8221;0&#8243;][\/vc_column][\/vc_row][vc_row full_width=&#8221;stretch_row_content_no_spaces&#8221; gap=&#8221;&#8221; equal_height=&#8221;yes&#8221; content_placement=&#8221;middle&#8221;][vc_column width=&#8221;1\/3&#8243; el_class=&#8221;z-index-up&#8221;][vc_empty_space height=&#8221;120px&#8221; height2=&#8221;0&#8243; css=&#8221;.vc_custom_1545314682944{padding-right: 40px !important;padding-left: 40px !important;}&#8221;][vc_single_image image=&#8221;3260&#8243; img_size=&#8221;full&#8221; alignment=&#8221;center&#8221; el_class=&#8221;vc_hidden-md vc_hidden-lg&#8221; css=&#8221;.vc_custom_1561823501929{margin-bottom: 0px !important;}&#8221;]<div class=\"heading-with-separator text-center id_169e73b54524081397580960  vc_custom_1564641325501  offset-right-lg\"><div class=\"header-content\">\n\t\t\t<p class=\"h-subheading\"><\/p>\n\t\t\t<h4 class=\"heading  \" style=\"; letter-spacing: 0px; \">Torre GuacCeto:<br \/>\nl\u2019Oasis prot\u00e9g\u00e9e du WWF<\/h4><\/div><\/div><div class=\"custom-styles\" data-styles=\".id_169e73b54524081397580960 .heading-decorator-1:before, .id_169e73b54524081397580960 .heading-decorator-1:after { border-color: }\"><\/div>[vc_column_text css=&#8221;.vc_custom_1564641342310{margin-bottom: 0px !important;padding-right: 60px !important;padding-bottom: 60px !important;padding-left: 60px !important;background-color: #ffffff !important;}&#8221; el_class=&#8221;offset-right-lg&#8221;]<\/p>\n<p style=\"text-align: center;\">Torre Guaceto est une r\u00e9serve naturelle de 2000Ha prot\u00e9g\u00e9e par le WWF, qui en a fait un sanctuaire de repeuplement pour les tortues Caretta. La plage est une large bande sable immacul\u00e9, bord\u00e9 par une mer cristalline. Cette zone prot\u00e9g\u00e9e reste facilement accessible en haute saison : une navette assure la liaison entre la plage et le parking. Dans la r\u00e9serve vous pourrez profiter d\u2019un environnement naturel pr\u00e9serv\u00e9 o\u00f9 les champs de Posidonia tapissent les fonds marins. Les grandes \u00e9tendues de roseaux qui bordent le c\u00f4t\u00e9 terrestre de la plage sont un site d\u2019accouplement tr\u00e8s fr\u00e9quent\u00e9 par diverses esp\u00e8ces d\u2019oiseaux migrateurs. A l\u2019extr\u00e9mit\u00e9 de l\u2019une des plus belles plages de la r\u00e9gion : Spiaggia delle Conchiglie (plage des coquillages) interdite \u00e0 la baignade se dresse une des multiples tours de guet qui prot\u00e9geaient la c\u00f4te des invasions. Torre Guaceto abrite \u00e9galement un club de voile o\u00f9 vous pourrez pratiquer diverses disciplines aquatiques dans le respect total de la nature.<\/p>\n<p>[\/vc_column_text][vc_empty_space height=&#8221;120px&#8221; height2=&#8221;0&#8243;][\/vc_column][vc_column parallax=&#8221;content-moving&#8221; parallax_image=&#8221;2880&#8243; width=&#8221;2\/3&#8243; css=&#8221;.vc_custom_1561823491620{background-position: center !important;background-repeat: no-repeat !important;background-size: cover !important;}&#8221; el_class=&#8221;vc_hidden-xs vc_hidden-sm&#8221;][\/vc_column][\/vc_row][vc_row full_width=&#8221;stretch_row_content_no_spaces&#8221; gap=&#8221;&#8221; equal_height=&#8221;yes&#8221; content_placement=&#8221;middle&#8221; css=&#8221;.vc_custom_1545317448561{margin-top: 0px !important;margin-bottom: 0px !important;padding-top: 0px !important;padding-bottom: 0px !important;}&#8221;][vc_column parallax=&#8221;content-moving&#8221; parallax_image=&#8221;2881&#8243; width=&#8221;2\/3&#8243; css=&#8221;.vc_custom_1561823577569{background-position: center !important;background-repeat: no-repeat !important;background-size: cover !important;}&#8221; el_class=&#8221;vc_hidden-xs vc_hidden-sm&#8221;][\/vc_column][vc_column width=&#8221;1\/3&#8243;][vc_empty_space height=&#8221;120px&#8221; height2=&#8221;0&#8243; css=&#8221;.vc_custom_1545314682944{padding-right: 40px !important;padding-left: 40px !important;}&#8221;][vc_single_image image=&#8221;3262&#8243; img_size=&#8221;full&#8221; alignment=&#8221;center&#8221; el_class=&#8221;vc_hidden-md vc_hidden-lg&#8221; css=&#8221;.vc_custom_1561823587875{margin-bottom: 0px !important;}&#8221;]<div class=\"heading-with-separator text-center id_169e73b545241e793077300  vc_custom_1564641356478  offset-left-lg\"><div class=\"header-content\">\n\t\t\t<p class=\"h-subheading\"><\/p>\n\t\t\t<h4 class=\"heading  \" style=\"; letter-spacing: 0px; \">Grotta della Poesia:<br \/>\nun petit paradis<br \/>\ndans le Salento<\/h4><\/div><\/div><div class=\"custom-styles\" data-styles=\".id_169e73b545241e793077300 .heading-decorator-1:before, .id_169e73b545241e793077300 .heading-decorator-1:after { border-color: }\"><\/div>[vc_column_text css=&#8221;.vc_custom_1564641370151{margin-bottom: 0px !important;padding-right: 60px !important;padding-bottom: 60px !important;padding-left: 60px !important;background-color: #ffffff !important;}&#8221; el_class=&#8221;offset-left-lg&#8221;]<\/p>\n<p style=\"text-align: center;\">Sur la c\u00f4te ionienne, c&#8217;est une des plages les plus photographi\u00e9es du Salento. La grotte de la po\u00e9sie, de Roca Vecchia pr\u00e8s de Melendugno est une cavit\u00e9 marine naturelle situ\u00e9e dans une zone o\u00f9 les fouilles arch\u00e9ologiques ont fait ressortir plusieurs artefacts historiques qui attestent d&#8217;une occupation ancienne. Il semble que le nom de cette grotte d\u00e9rive du terme \u00abPOSIA\u00bb qui, dans la langue grecque m\u00e9di\u00e9vale signifiait \u00absource d\u2019eau douce\u00bb. On peut encore voir les traces d&#8217;une source qui, au cours des si\u00e8cles pass\u00e9s, a coul\u00e9 \u00e0 l\u2019int\u00e9rieur de la cavit\u00e9. La l\u00e9gende cependant pr\u00e9f\u00e8re l\u2019histoire d\u2019une belle princesse qui avait l\u2019habitude de se baigner dans les eaux de la grotte ; attir\u00e9s par sa beaut\u00e9 les po\u00e8tes de la r\u00e9gion venaient admirer la jeune fille et composaient des po\u00e8mes d\u2019amour pour elle.<\/p>\n<p>[\/vc_column_text][vc_empty_space height=&#8221;120px&#8221; height2=&#8221;0&#8243;][\/vc_column][\/vc_row][vc_row full_width=&#8221;stretch_row_content_no_spaces&#8221; gap=&#8221;&#8221; equal_height=&#8221;yes&#8221; content_placement=&#8221;middle&#8221;][vc_column width=&#8221;1\/3&#8243; el_class=&#8221;z-index-up&#8221;][vc_empty_space height=&#8221;120px&#8221; height2=&#8221;0&#8243; css=&#8221;.vc_custom_1545314682944{padding-right: 40px !important;padding-left: 40px !important;}&#8221;][vc_single_image image=&#8221;3264&#8243; img_size=&#8221;full&#8221; alignment=&#8221;center&#8221; el_class=&#8221;vc_hidden-md vc_hidden-lg&#8221; css=&#8221;.vc_custom_1561823766243{margin-bottom: 0px !important;}&#8221;]<div class=\"heading-with-separator text-center id_169e73b54524351803001087  vc_custom_1564641385154  offset-right-lg\"><div class=\"header-content\">\n\t\t\t<p class=\"h-subheading\"><\/p>\n\t\t\t<h4 class=\"heading  \" style=\"; letter-spacing: 0px; \">Spiaggia di Sant\u2019Andrea:<br \/>\no\u00f9 le bleu de la mer rencontre<br \/>\nle blanc intense de la roche<\/h4><\/div><\/div><div class=\"custom-styles\" data-styles=\".id_169e73b54524351803001087 .heading-decorator-1:before, .id_169e73b54524351803001087 .heading-decorator-1:after { border-color: }\"><\/div>[vc_column_text css=&#8221;.vc_custom_1564641401341{margin-bottom: 0px !important;padding-right: 60px !important;padding-bottom: 60px !important;padding-left: 60px !important;background-color: #ffffff !important;}&#8221; el_class=&#8221;offset-right-lg&#8221;]<\/p>\n<p style=\"text-align: center;\">Cette partie de la cote salentine est vraiment magnifique. Pour atteindre la mer depuis le sommet des hautes falaises, les visiteurs doivent emprunter des marches d\u00e9coup\u00e9es dans la roche. Les chemin\u00e9es de roche blanche sculpt\u00e9es par les vagues \u00e9mergent de la mer, cr\u00e9ant une atmosph\u00e8re fascinante. Cette c\u00f4te rocheuse est riche d\u2019innombrables criques minuscules et de petites grottes \u00e0 d\u00e9couvrir. La petite plage principale est g\u00e9n\u00e9ralement tr\u00e8s fr\u00e9quent\u00e9e en partie parce que l\u2019argile des roches des falaises environnantes semble avoir des propri\u00e9t\u00e9s curatives et cosm\u00e9tiques avec laquelle de nombreux habitants de la r\u00e9gion aiment s\u2019en saupoudrer le corps.<\/p>\n<p>[\/vc_column_text][vc_empty_space height=&#8221;120px&#8221; height2=&#8221;0&#8243;][\/vc_column][vc_column parallax=&#8221;content-moving&#8221; parallax_image=&#8221;2883&#8243; width=&#8221;2\/3&#8243; css=&#8221;.vc_custom_1561823755937{background-position: center !important;background-repeat: no-repeat !important;background-size: cover !important;}&#8221; el_class=&#8221;vc_hidden-xs vc_hidden-sm&#8221;][\/vc_column][\/vc_row][vc_row full_width=&#8221;stretch_row_content_no_spaces&#8221; gap=&#8221;&#8221; equal_height=&#8221;yes&#8221; content_placement=&#8221;middle&#8221; css=&#8221;.vc_custom_1545317448561{margin-top: 0px !important;margin-bottom: 0px !important;padding-top: 0px !important;padding-bottom: 0px !important;}&#8221;][vc_column parallax=&#8221;content-moving&#8221; parallax_image=&#8221;2882&#8243; width=&#8221;2\/3&#8243; css=&#8221;.vc_custom_1561823791173{background-position: center !important;background-repeat: no-repeat !important;background-size: cover !important;}&#8221; el_class=&#8221;vc_hidden-xs vc_hidden-sm&#8221;][\/vc_column][vc_column width=&#8221;1\/3&#8243;][vc_empty_space height=&#8221;120px&#8221; height2=&#8221;0&#8243; css=&#8221;.vc_custom_1545314682944{padding-right: 40px !important;padding-left: 40px !important;}&#8221;][vc_single_image image=&#8221;3263&#8243; img_size=&#8221;full&#8221; alignment=&#8221;center&#8221; el_class=&#8221;vc_hidden-md vc_hidden-lg&#8221; css=&#8221;.vc_custom_1561823779126{margin-bottom: 0px !important;}&#8221;]<div class=\"heading-with-separator text-center id_169e73b5452447327375926  vc_custom_1564641416153  offset-left-lg\"><div class=\"header-content\">\n\t\t\t<p class=\"h-subheading\"><\/p>\n\t\t\t<h4 class=\"heading  \" style=\"; letter-spacing: 0px; \">Baia delle Zagare:<br \/>\nl\u2019embl\u00e8me du Gargano<\/h4><\/div><\/div><div class=\"custom-styles\" data-styles=\".id_169e73b5452447327375926 .heading-decorator-1:before, .id_169e73b5452447327375926 .heading-decorator-1:after { border-color: }\"><\/div>[vc_column_text css=&#8221;.vc_custom_1564641428239{margin-bottom: 0px !important;padding-right: 60px !important;padding-bottom: 60px !important;padding-left: 60px !important;background-color: #ffffff !important;}&#8221; el_class=&#8221;offset-left-lg&#8221;]<\/p>\n<p style=\"text-align: center;\">Si vous avez du temps disponible, le Gargano, la r\u00e9gion au nord des Pouilles, vaut le d\u00e9tour. L\u2019endroit id\u00e9al pour profiter de cette r\u00e9gion idyllique et isol\u00e9e est le paradis des rochers blancs : &#8220;baia delle Zagare&#8221;, une zone marine dans la ville baln\u00e9aire de Mattinata. Le nom d\u00e9rive des Zagare qui sont les fleurs de l\u2019oranger. Le littoral est \u00e9galement connu pour ses trabucco, constructions spectaculaires en bois utilis\u00e9es pour la p\u00eache entre Peschici et Vieste.<\/p>\n<p>[\/vc_column_text][vc_empty_space height=&#8221;120px&#8221; height2=&#8221;0&#8243;][\/vc_column][\/vc_row]<\/p>","protected":false},"excerpt":{"rendered":"<p>[vc_row full_width=&#8221;stretch_row&#8221; gap=&#8221;&#8221; parallax_image=&#8221;2878&#8243; overlay_color=&#8221;rgba(0,0,0,0.6)&#8221; text_color=&#8221;#ffffff&#8221; css=&#8221;.vc_custom_1561823362979{padding-top: 220px !important;padding-bottom: 140px !important;}&#8221;][vc_column][\/vc_column][\/vc_row][vc_row full_width=&#8221;stretch_row_content_no_spaces&#8221; gap=&#8221;&#8221; equal_height=&#8221;yes&#8221; content_placement=&#8221;middle&#8221;][vc_column parallax=&#8221;content-moving&#8221; parallax_image=&#8221;2879&#8243; width=&#8221;2\/3&#8243; css=&#8221;.vc_custom_1561823432124{background-position: center !important;background-repeat: no-repeat !important;background-size: cover !important;}&#8221; el_class=&#8221;vc_hidden-xs vc_hidden-sm&#8221;][\/vc_column][vc_column width=&#8221;1\/3&#8243;][vc_empty_space height=&#8221;120px&#8221; height2=&#8221;0&#8243; css=&#8221;.vc_custom_1545314682944{padding-right: 40px !important;padding-left: 40px !important;}&#8221;][vc_single_image image=&#8221;3254&#8243; img_size=&#8221;full&#8221; alignment=&#8221;center&#8221; el_class=&#8221;vc_hidden-md vc_hidden-lg&#8221; css=&#8221;.vc_custom_1561823470423{margin-bottom: 0px !important;}&#8221;][vc_column_text css=&#8221;.vc_custom_1564641312782{margin-bottom: 0px !important;padding-right: 60px !important;padding-bottom: 60px !important;padding-left: 60px !important;background-color: #ffffff !important;}&#8221; el_class=&#8221;offset-left-lg&#8221;][&#8230;] <a href=\"https:\/\/www.dagilupi.com\/index.php\/todo\/beaches?lang=fr\" class=\"more-link\">Continue reading<\/a><\/p>\n","protected":false},"author":3,"featured_media":0,"parent":6053,"menu_order":1,"comment_status":"closed","ping_status":"closed","template":"","meta":[],"_links":{"self":[{"href":"https:\/\/www.dagilupi.com\/index.php\/wp-json\/wp\/v2\/pages\/3253"}],"collection":[{"href":"https:\/\/www.dagilupi.com\/index.php\/wp-json\/wp\/v2\/pages"}],"about":[{"href":"https:\/\/www.dagilupi.com\/index.php\/wp-json\/wp\/v2\/types\/page"}],"author":[{"embeddable":true,"href":"https:\/\/www.dagilupi.com\/index.php\/wp-json\/wp\/v2\/users\/3"}],"replies":[{"embeddable":true,"href":"https:\/\/www.dagilupi.com\/index.php\/wp-json\/wp\/v2\/comments?post=3253"}],"version-history":[{"count":7,"href":"https:\/\/www.dagilupi.com\/index.php\/wp-json\/wp\/v2\/pages\/3253\/revisions"}],"predecessor-version":[{"id":3584,"href":"https:\/\/www.dagilupi.com\/index.php\/wp-json\/wp\/v2\/pages\/3253\/revisions\/3584"}],"up":[{"embeddable":true,"href":"https:\/\/www.dagilupi.com\/index.php\/wp-json\/wp\/v2\/pages\/6053"}],"wp:attachment":[{"href":"https:\/\/www.dagilupi.com\/index.php\/wp-json\/wp\/v2\/media?parent=3253"}],"curies":[{"name":"wp","href":"https:\/\/api.w.org\/{rel}","templated":true}]}}