{"id":3107,"date":"2018-12-17T08:49:07","date_gmt":"2018-12-17T08:49:07","guid":{"rendered":"https:\/\/www.dagilupi.com\/index.php\/about-us\/"},"modified":"2023-03-14T12:30:57","modified_gmt":"2023-03-14T11:30:57","slug":"about-us","status":"publish","type":"page","link":"https:\/\/www.dagilupi.com\/index.php\/about-us?lang=de","title":{"rendered":"Wer sind wir"},"content":{"rendered":"<p>[vc_row full_width=&#8221;stretch_row&#8221; gap=&#8221;&#8221; content_placement=&#8221;middle&#8221; parallax=&#8221;content-moving&#8221; parallax_image=&#8221;2442&#8243; overlay_color=&#8221;rgba(0,0,0,0.18)&#8221; text_color=&#8221;#ffffff&#8221; css=&#8221;.vc_custom_1625413525905{padding-top: 260px !important;padding-bottom: 180px !important;}&#8221;][vc_column]<div class=\"heading-with-separator text-center id_169f85f31df4421057900070   \"><div class=\"header-content\">\n\t\t\t<p class=\"h-subheading\"><\/p>\n\t\t\t<h1 class=\"heading  heading-decorator-1\" style=\"color: #ffffff; letter-spacing: 0px; \">Mehr \u00fcber uns<\/h1><\/div><\/div><div class=\"custom-styles\" data-styles=\".id_169f85f31df4421057900070 .heading-decorator-1:before, .id_169f85f31df4421057900070 .heading-decorator-1:after { border-color: }\"><\/div>[\/vc_column][\/vc_row][vc_row full_width=&#8221;stretch_row&#8221; gap=&#8221;&#8221; overlay_color=&#8221;#f4f4f4&#8243; css=&#8221;.vc_custom_1545053569970{padding-top: 120px !important;padding-bottom: 40px !important;}&#8221;][vc_column width=&#8221;1\/2&#8243;][vc_column_text]<\/p>\n<h2 style=\"text-align: left;\">Die Masseria<\/h2>\n<p style=\"text-align: left;\">Die Masserias sind Seele Apuliens. Jahrhundertelang sind diese imposanten, meist gut gesch\u00fctzten und befestigten Bauten, die \u201eMasserias\u201c, Zeugen der harten Arbeit der Menschen vom Tagesanbrauch bis zum Sonnenuntergang auf den Feldern und Olivenhainen geworden. Sie sind \u00fcber die apulische Landschaft verstreut, und leuchten einem mit ihrer sch\u00f6nen Architektur aus den Olivenhainen entgegen. Heute sind dies Orte der Entspannung.<\/p>\n<p>[\/vc_column_text][\/vc_column][vc_column width=&#8221;1\/2&#8243; css=&#8221;.vc_custom_1560700913612{padding-right: 15% !important;padding-left: 15% !important;}&#8221;]<div class=\"rokka-carousel-container id_169f85f31df491873776713  vc_custom_1583773845180   \" data-aos=\"\" data-aos-delay=\"0\">\n\t\t\t<div class=\"rokka-carousel swiper-container \" data-autoplay=\"3000\" data-arrows=\"false\" data-slide-loop=\"true\" data-slides=\"1\">\n\t\t\t\t<div class=\"swiper-wrapper\"><div class=\"rokka-carousel-item swiper-slide id_169f85f31df8541505654650\">\n\t\t\t\t\t<div class=\"slide\"><div class=\"rokka-carousel-img text-center\" style=\"\">\n\t\t\t\t\t\t\t<span class=\"img-wrapper\">\n\t\t\t\t\t\t\t\t<img src=\"https:\/\/www.dagilupi.com\/wp-content\/uploads\/2019\/06\/about-us2.jpg\" alt=\"team-member-img\" style=\" width: 90%\"\/>\n\t\t\t\t\t\t\t<\/span>\n\t\t\t\t\t\t<\/div><div class=\"rokka-carousel-desc\">\n\t\t\t\t\t\t\t\n\t\t\t\t\t\t<\/div>\n\t\t\t\t\t<\/div>\n\t\t\t\t<\/div> <div class=\"rokka-carousel-item swiper-slide id_169f85f31dfbcb1799520353\">\n\t\t\t\t\t<div class=\"slide\"><div class=\"rokka-carousel-img text-center\" style=\"\">\n\t\t\t\t\t\t\t<span class=\"img-wrapper\">\n\t\t\t\t\t\t\t\t<img src=\"https:\/\/www.dagilupi.com\/wp-content\/uploads\/2019\/06\/DSCF7620-1.jpg\" alt=\"team-member-img\" style=\" width: 90%\"\/>\n\t\t\t\t\t\t\t<\/span>\n\t\t\t\t\t\t<\/div><div class=\"rokka-carousel-desc\">\n\t\t\t\t\t\t\t\n\t\t\t\t\t\t<\/div>\n\t\t\t\t\t<\/div>\n\t\t\t\t<\/div> <div class=\"rokka-carousel-item swiper-slide id_169f85f31dfe83309736900\">\n\t\t\t\t\t<div class=\"slide\"><div class=\"rokka-carousel-img text-center\" style=\"\">\n\t\t\t\t\t\t\t<span class=\"img-wrapper\">\n\t\t\t\t\t\t\t\t<img src=\"https:\/\/www.dagilupi.com\/wp-content\/uploads\/2019\/06\/DSCF7281-1.jpg\" alt=\"team-member-img\" style=\" width: 90%\"\/>\n\t\t\t\t\t\t\t<\/span>\n\t\t\t\t\t\t<\/div><div class=\"rokka-carousel-desc\">\n\t\t\t\t\t\t\t\n\t\t\t\t\t\t<\/div>\n\t\t\t\t\t<\/div>\n\t\t\t\t<\/div> <\/div><\/div><\/div><div class=\"custom-styles\" data-styles=\".id_169f85f31df491873776713 .swiper-pagination-bullet { background-color: ; color:  } .id_169f85f31df491873776713 .rokka-carousel-pagination .swiper-pagination-bullet.swiper-pagination-bullet-active { background-color: } .id_169f85f31df491873776713 .rokka-carousel-pagination .swiper-pagination-bullet.swiper-pagination-bullet-active { border-color: }\"><\/div>[\/vc_column][\/vc_row][vc_row full_width=&#8221;stretch_row&#8221; gap=&#8221;&#8221; equal_height=&#8221;yes&#8221; content_placement=&#8221;middle&#8221; css=&#8221;.vc_custom_1583774592779{padding-top: 40px !important;}&#8221;][vc_column width=&#8221;1\/2&#8243;][vc_single_image image=&#8221;4642&#8243; img_size=&#8221;500&#215;500&#8243; alignment=&#8221;center&#8221;][\/vc_column][vc_column width=&#8221;1\/2&#8243;][vc_column_text css=&#8221;.vc_custom_1583774006228{margin-bottom: 40px !important;}&#8221;]<\/p>\n<h2>Wer sind wir<\/h2>\n<p style=\"text-align: left;\">Im Jahr 2018 beschlossen Danielle und Jean Louis, ihr Leben zu ver\u00e4ndern. Sie verlie\u00dfenihre els\u00e4ssische Heimat und entschieden sich, ihre Zelte in diesem gleicherma\u00dfen lebensintensiven sowie ruhigen Landstrich Italiens aufzuschlagen.<\/p>\n<p>[\/vc_column_text][\/vc_column][\/vc_row][vc_row full_width=&#8221;stretch_row&#8221; gap=&#8221;&#8221; content_placement=&#8221;middle&#8221; css=&#8221;.vc_custom_1583774984073{padding-top: 40px !important;}&#8221;][vc_column width=&#8221;1\/2&#8243;][vc_column_text css=&#8221;.vc_custom_1583774037412{margin-bottom: 40px !important;}&#8221;]<\/p>\n<h2>die alte \u00d6lm\u00fchle<\/h2>\n<p style=\"text-align: left;\">Masseria Dagilupi ist eine ehemalige \u00d6lm\u00fchle, umgeben von alten Olivenb\u00e4umen, die als Naturdenkm\u00e4ler der unsch\u00e4tzbare Reichtum dieses Teils von Apuliens sind. er \u00e4lteste Teil von Dagilupi stammt aus dem Jahr 1600. Einige Funde in der M\u00fchle w\u00e4hrend der Renovierungsarbeiten reichen bis in die Zeit der &#8216; Magna Graecia &#8216; zur\u00fcck. Dieses kleine Juwel mit den wei\u00dfen H\u00e4usern von Ostuni im Westen und dem Blau der Adria im Osten ist damit Zeuge einer langen Geschichte.<\/p>\n<p>[\/vc_column_text][\/vc_column][vc_column width=&#8221;1\/2&#8243;][vc_single_image image=&#8221;2605&#8243; img_size=&#8221;large&#8221; alignment=&#8221;center&#8221;][\/vc_column][\/vc_row][vc_row full_width=&#8221;stretch_row&#8221; gap=&#8221;&#8221; equal_height=&#8221;yes&#8221; content_placement=&#8221;middle&#8221; css=&#8221;.vc_custom_1561819609479{padding-top: 40px !important;}&#8221;][vc_column width=&#8221;1\/2&#8243;][vc_single_image image=&#8221;2683&#8243; img_size=&#8221;large&#8221; alignment=&#8221;center&#8221;][\/vc_column][vc_column width=&#8221;1\/2&#8243;][vc_column_text css=&#8221;.vc_custom_1583774096373{margin-bottom: 40px !important;}&#8221;]<\/p>\n<h2>die Wiederherstellung<\/h2>\n<p style=\"text-align: left;\">Die beiden haben diesen Ort in gro\u00dfem Respekt f\u00fcr seine Geschichte restauriert. Sie haben daf\u00fcr gesorgt, dass die schlichte Sch\u00f6nheit der Masseria zum Strahlen kommt. Dank der Arbeiten kommen die wei\u00dfen, althergebrachten Kalkw\u00e4nde auf moderne Weise wunderbar zur Geltung.<\/p>\n<p>[\/vc_column_text][\/vc_column][\/vc_row][vc_row full_width=&#8221;stretch_row&#8221; gap=&#8221;&#8221; equal_height=&#8221;yes&#8221; content_placement=&#8221;middle&#8221; css=&#8221;.vc_custom_1561819627568{padding-top: 40px !important;}&#8221;][vc_column width=&#8221;1\/2&#8243;][vc_column_text css=&#8221;.vc_custom_1583774151612{margin-bottom: 40px !important;}&#8221;]<\/p>\n<h2>der Olivenhain<\/h2>\n<p style=\"text-align: left;\">Eine 2-min\u00fctige Autofahrt entfernt befindet sich das sch\u00f6ne Ostuni, die \u201eWei\u00dfe Perle\u201c, mit Blick auf das Meer der Olivenb\u00e4ume sowie auf die K\u00fcste mit ihrem Naturschutzgebiet des WWF, ihren Sandstr\u00e4nden und den wundersch\u00f6nen felsigen Buchten.<\/p>\n<p>[\/vc_column_text][\/vc_column][vc_column width=&#8221;1\/2&#8243;][vc_single_image image=&#8221;2607&#8243; img_size=&#8221;large&#8221; alignment=&#8221;center&#8221;][\/vc_column][\/vc_row][vc_row full_width=&#8221;stretch_row&#8221; gap=&#8221;&#8221; equal_height=&#8221;yes&#8221; content_placement=&#8221;middle&#8221; css=&#8221;.vc_custom_1561819644680{padding-top: 40px !important;}&#8221;][vc_column width=&#8221;1\/2&#8243;][vc_single_image image=&#8221;2673&#8243; img_size=&#8221;large&#8221; alignment=&#8221;center&#8221;][\/vc_column][vc_column width=&#8221;1\/2&#8243;][vc_column_text css=&#8221;.vc_custom_1583774188144{margin-bottom: 40px !important;}&#8221;]<\/p>\n<h2>die Lage<\/h2>\n<p style=\"text-align: left;\">Zwischen dem Itria-Tal und dem oberen Salento gelegen, ist Ostuni der ideale Ausgangspunkt f\u00fcr die Erkundung der wei\u00dfen St\u00e4dte des Landes,der H\u00e4fen der Adria sowie der ionischen K\u00fcste. Ein wenig weiter bieten Basilicata und Matera (europ\u00e4ische Kulturhauptstadt 2019) die M\u00f6glichkeite, die dortige, kargere aber ebenfalls beeindruckende Landschaft kennenzulernen.<\/p>\n<p>[\/vc_column_text][\/vc_column][\/vc_row]<\/p>","protected":false},"excerpt":{"rendered":"<p>[vc_row full_width=&#8221;stretch_row&#8221; gap=&#8221;&#8221; content_placement=&#8221;middle&#8221; parallax=&#8221;content-moving&#8221; parallax_image=&#8221;2442&#8243; overlay_color=&#8221;rgba(0,0,0,0.18)&#8221; text_color=&#8221;#ffffff&#8221; css=&#8221;.vc_custom_1625413525905{padding-top: 260px !important;padding-bottom: 180px !important;}&#8221;][vc_column][\/vc_column][\/vc_row][vc_row full_width=&#8221;stretch_row&#8221; gap=&#8221;&#8221; overlay_color=&#8221;#f4f4f4&#8243; css=&#8221;.vc_custom_1545053569970{padding-top: 120px !important;padding-bottom: 40px !important;}&#8221;][vc_column width=&#8221;1\/2&#8243;][vc_column_text] Die Masseria Die Masserias sind Seele Apuliens. Jahrhundertelang sind diese imposanten, meist gut gesch\u00fctzten und befestigten Bauten, die \u201eMasserias\u201c, Zeugen der harten Arbeit der Menschen vom Tagesanbrauch bis zum Sonnenuntergang auf den Feldern[&#8230;] <a href=\"https:\/\/www.dagilupi.com\/index.php\/about-us?lang=de\" class=\"more-link\">Continue reading<\/a><\/p>\n","protected":false},"author":3,"featured_media":0,"parent":0,"menu_order":0,"comment_status":"closed","ping_status":"closed","template":"","meta":[],"_links":{"self":[{"href":"https:\/\/www.dagilupi.com\/index.php\/wp-json\/wp\/v2\/pages\/3107"}],"collection":[{"href":"https:\/\/www.dagilupi.com\/index.php\/wp-json\/wp\/v2\/pages"}],"about":[{"href":"https:\/\/www.dagilupi.com\/index.php\/wp-json\/wp\/v2\/types\/page"}],"author":[{"embeddable":true,"href":"https:\/\/www.dagilupi.com\/index.php\/wp-json\/wp\/v2\/users\/3"}],"replies":[{"embeddable":true,"href":"https:\/\/www.dagilupi.com\/index.php\/wp-json\/wp\/v2\/comments?post=3107"}],"version-history":[{"count":10,"href":"https:\/\/www.dagilupi.com\/index.php\/wp-json\/wp\/v2\/pages\/3107\/revisions"}],"predecessor-version":[{"id":7649,"href":"https:\/\/www.dagilupi.com\/index.php\/wp-json\/wp\/v2\/pages\/3107\/revisions\/7649"}],"wp:attachment":[{"href":"https:\/\/www.dagilupi.com\/index.php\/wp-json\/wp\/v2\/media?parent=3107"}],"curies":[{"name":"wp","href":"https:\/\/api.w.org\/{rel}","templated":true}]}}