{"id":3105,"date":"2018-12-17T08:49:07","date_gmt":"2018-12-17T08:49:07","guid":{"rendered":"https:\/\/www.dagilupi.com\/index.php\/about-us\/"},"modified":"2023-02-22T12:08:03","modified_gmt":"2023-02-22T11:08:03","slug":"about-us","status":"publish","type":"page","link":"https:\/\/www.dagilupi.com\/index.php\/about-us?lang=fr","title":{"rendered":"Qui sommes nous"},"content":{"rendered":"<p>[vc_row full_width=&#8221;stretch_row&#8221; gap=&#8221;&#8221; content_placement=&#8221;middle&#8221; parallax=&#8221;content-moving&#8221; parallax_image=&#8221;2442&#8243; overlay_color=&#8221;rgba(0,0,0,0.18)&#8221; text_color=&#8221;#ffffff&#8221; css=&#8221;.vc_custom_1625413525905{padding-top: 260px !important;padding-bottom: 180px !important;}&#8221;][vc_column]<div class=\"heading-with-separator text-center id_16a06a62bab3791946084092   \"><div class=\"header-content\">\n\t\t\t<p class=\"h-subheading\"><\/p>\n\t\t\t<h1 class=\"heading  heading-decorator-1\" style=\"color: #ffffff; letter-spacing: 0px; \">Qui sommes-nous<\/h1><\/div><\/div><div class=\"custom-styles\" data-styles=\".id_16a06a62bab3791946084092 .heading-decorator-1:before, .id_16a06a62bab3791946084092 .heading-decorator-1:after { border-color: }\"><\/div>[\/vc_column][\/vc_row][vc_row full_width=&#8221;stretch_row&#8221; gap=&#8221;&#8221; overlay_color=&#8221;#f4f4f4&#8243; css=&#8221;.vc_custom_1545053569970{padding-top: 120px !important;padding-bottom: 40px !important;}&#8221;][vc_column width=&#8221;1\/2&#8243;][vc_column_text]<\/p>\n<h2 style=\"text-align: left;\">La masseria<\/h2>\n<p style=\"text-align: left;\">La masseria est l\u2019\u00e2me des Pouilles. Pendant des si\u00e8cles, ces constructions imposantes souvent fortifi\u00e9es ont connu le travail acharn\u00e9 de l\u2019homme dans les champs et les oliveraies, des premi\u00e8res lumi\u00e8res de l\u2019aube jusqu\u2019au coucher du soleil. Elles pars\u00e8ment le paysage apulien, \u00e9mergeant des oliveraies avec leur belles architectures. Aujourd\u2019hui, ce sont des endroits pour se d\u00e9tendre, o\u00f9 ceux qui veulent vraiment d\u00e9couvrir les Pouilles peuvent s\u2019immerger compl\u00e8tement dans la campagne, entour\u00e9s par les senteurs et les sons d\u2019un terroir unique.<\/p>\n<p>[\/vc_column_text][\/vc_column][vc_column width=&#8221;1\/2&#8243; css=&#8221;.vc_custom_1560700913612{padding-right: 15% !important;padding-left: 15% !important;}&#8221;]<div class=\"rokka-carousel-container id_16a06a62bab3bd1075540463  vc_custom_1583773845180   \" data-aos=\"\" data-aos-delay=\"0\">\n\t\t\t<div class=\"rokka-carousel swiper-container \" data-autoplay=\"3000\" data-arrows=\"false\" data-slide-loop=\"true\" data-slides=\"1\">\n\t\t\t\t<div class=\"swiper-wrapper\"><div class=\"rokka-carousel-item swiper-slide id_16a06a62bab6ad1218285322\">\n\t\t\t\t\t<div class=\"slide\"><div class=\"rokka-carousel-img text-center\" style=\"\">\n\t\t\t\t\t\t\t<span class=\"img-wrapper\">\n\t\t\t\t\t\t\t\t<img src=\"https:\/\/www.dagilupi.com\/wp-content\/uploads\/2019\/06\/about-us2.jpg\" alt=\"team-member-img\" style=\" width: 90%\"\/>\n\t\t\t\t\t\t\t<\/span>\n\t\t\t\t\t\t<\/div><div class=\"rokka-carousel-desc\">\n\t\t\t\t\t\t\t\n\t\t\t\t\t\t<\/div>\n\t\t\t\t\t<\/div>\n\t\t\t\t<\/div> <div class=\"rokka-carousel-item swiper-slide id_16a06a62bab9321736735777\">\n\t\t\t\t\t<div class=\"slide\"><div class=\"rokka-carousel-img text-center\" style=\"\">\n\t\t\t\t\t\t\t<span class=\"img-wrapper\">\n\t\t\t\t\t\t\t\t<img src=\"https:\/\/www.dagilupi.com\/wp-content\/uploads\/2019\/06\/DSCF7620-1.jpg\" alt=\"team-member-img\" style=\" width: 90%\"\/>\n\t\t\t\t\t\t\t<\/span>\n\t\t\t\t\t\t<\/div><div class=\"rokka-carousel-desc\">\n\t\t\t\t\t\t\t\n\t\t\t\t\t\t<\/div>\n\t\t\t\t\t<\/div>\n\t\t\t\t<\/div> <div class=\"rokka-carousel-item swiper-slide id_16a06a62babe6b451196504\">\n\t\t\t\t\t<div class=\"slide\"><div class=\"rokka-carousel-img text-center\" style=\"\">\n\t\t\t\t\t\t\t<span class=\"img-wrapper\">\n\t\t\t\t\t\t\t\t<img src=\"https:\/\/www.dagilupi.com\/wp-content\/uploads\/2019\/06\/DSCF7281-1.jpg\" alt=\"team-member-img\" style=\" width: 90%\"\/>\n\t\t\t\t\t\t\t<\/span>\n\t\t\t\t\t\t<\/div><div class=\"rokka-carousel-desc\">\n\t\t\t\t\t\t\t\n\t\t\t\t\t\t<\/div>\n\t\t\t\t\t<\/div>\n\t\t\t\t<\/div> <\/div><\/div><\/div><div class=\"custom-styles\" data-styles=\".id_16a06a62bab3bd1075540463 .swiper-pagination-bullet { background-color: ; color:  } .id_16a06a62bab3bd1075540463 .rokka-carousel-pagination .swiper-pagination-bullet.swiper-pagination-bullet-active { background-color: } .id_16a06a62bab3bd1075540463 .rokka-carousel-pagination .swiper-pagination-bullet.swiper-pagination-bullet-active { border-color: }\"><\/div>[\/vc_column][\/vc_row][vc_row full_width=&#8221;stretch_row&#8221; gap=&#8221;&#8221; equal_height=&#8221;yes&#8221; content_placement=&#8221;middle&#8221; css=&#8221;.vc_custom_1583774592779{padding-top: 40px !important;}&#8221;][vc_column width=&#8221;1\/2&#8243;][vc_single_image image=&#8221;4642&#8243; img_size=&#8221;500&#215;500&#8243; alignment=&#8221;center&#8221;][\/vc_column][vc_column width=&#8221;1\/2&#8243;][vc_column_text css=&#8221;.vc_custom_1583774006228{margin-bottom: 40px !important;}&#8221;]<\/p>\n<h2>Qui nous sommes<\/h2>\n<p style=\"text-align: left;\">Nous sommes Danielle et Jean Louis. En 2018 nous avons d\u00e9cid\u00e9 de changer de vie et, quittant notre Alsace natale, nous avons choisi de planter nos racines dans cette bande de terre d\u2019Italie, si industrieuse et silencieuse.<\/p>\n<p>[\/vc_column_text][\/vc_column][\/vc_row][vc_row full_width=&#8221;stretch_row&#8221; gap=&#8221;&#8221; content_placement=&#8221;middle&#8221; css=&#8221;.vc_custom_1583774984073{padding-top: 40px !important;}&#8221;][vc_column width=&#8221;1\/2&#8243;][vc_column_text css=&#8221;.vc_custom_1583774037412{margin-bottom: 40px !important;}&#8221;]<\/p>\n<h2>Le vieux moulin<\/h2>\n<p style=\"text-align: left;\">Masseria Dagilupi est un ancien moulin \u00e0 huile entour\u00e9 d\u2019oliviers s\u00e9culaires, des monuments naturels qui sont les tr\u00e9sors inestimables de cette partie des Pouilles. \u00c0 2 minutes en voiture se trouve Ostuni, la Ville Blanche, surplombant la mer d\u2019oliviers jusqu\u2019\u00e0 la c\u00f4te Adriatique et ses r\u00e9serves du WWF, ses plages de sable fin et ses belles criques rocheuses.<\/p>\n<p>[\/vc_column_text][\/vc_column][vc_column width=&#8221;1\/2&#8243;][vc_single_image image=&#8221;2605&#8243; img_size=&#8221;large&#8221; alignment=&#8221;center&#8221;][\/vc_column][\/vc_row][vc_row full_width=&#8221;stretch_row&#8221; gap=&#8221;&#8221; equal_height=&#8221;yes&#8221; content_placement=&#8221;middle&#8221; css=&#8221;.vc_custom_1561819609479{padding-top: 40px !important;}&#8221;][vc_column width=&#8221;1\/2&#8243;][vc_single_image image=&#8221;2683&#8243; img_size=&#8221;large&#8221; alignment=&#8221;center&#8221;][\/vc_column][vc_column width=&#8221;1\/2&#8243;][vc_column_text css=&#8221;.vc_custom_1583774096373{margin-bottom: 40px !important;}&#8221;]<\/p>\n<h2>La\u00a0 restauration<\/h2>\n<p style=\"text-align: left;\">La restauration respectueuse de l\u2019histoire du lieu exalte la beaut\u00e9 simple de la Masseria. La d\u00e9coration \u00e9pur\u00e9e met en valeur les murs de chaux dans la continuit\u00e9 entre l\u2019ancien et le moderne.<\/p>\n<p>[\/vc_column_text][\/vc_column][\/vc_row][vc_row full_width=&#8221;stretch_row&#8221; gap=&#8221;&#8221; equal_height=&#8221;yes&#8221; content_placement=&#8221;middle&#8221; css=&#8221;.vc_custom_1561819627568{padding-top: 40px !important;}&#8221;][vc_column width=&#8221;1\/2&#8243;][vc_column_text css=&#8221;.vc_custom_1583774151612{margin-bottom: 40px !important;}&#8221;]<\/p>\n<h2>L&#8217;oliveraie<\/h2>\n<p style=\"text-align: left;\">Entour\u00e9e d\u2019environ 400 oliviers dont un tiers mill\u00e9naires, Masseria Dagilupi est un \u00e9crin de charme et de relaxation qui offre \u00e0 ses h\u00f4tes de se ressourcer dans les vibrations positives qui baignent cet endroit.<\/p>\n<p>[\/vc_column_text][\/vc_column][vc_column width=&#8221;1\/2&#8243;][vc_single_image image=&#8221;2607&#8243; img_size=&#8221;large&#8221; alignment=&#8221;center&#8221;][\/vc_column][\/vc_row][vc_row full_width=&#8221;stretch_row&#8221; gap=&#8221;&#8221; equal_height=&#8221;yes&#8221; content_placement=&#8221;middle&#8221; css=&#8221;.vc_custom_1561819644680{padding-top: 40px !important;}&#8221;][vc_column width=&#8221;1\/2&#8243;][vc_single_image image=&#8221;2673&#8243; img_size=&#8221;large&#8221; alignment=&#8221;center&#8221;][\/vc_column][vc_column width=&#8221;1\/2&#8243;][vc_column_text css=&#8221;.vc_custom_1583774188144{margin-bottom: 40px !important;}&#8221;]<\/p>\n<h2>L&#8217;emplacement<\/h2>\n<p style=\"text-align: left;\">Situ\u00e9 entre la vall\u00e9e d\u2019Itria et le Haut-Salento, Ostuni est le point de d\u00e9part id\u00e9al pour explorer les villes blanches des terres et les ports des c\u00f4tes adriatiques et ioniennes. Un peu plus loin, la Basilicate et Matera (capitale Europ\u00e9enne de la culture 2019) vous offrent leurs paysages plus arides.<\/p>\n<p>[\/vc_column_text][\/vc_column][\/vc_row]<\/p>","protected":false},"excerpt":{"rendered":"<p>[vc_row full_width=&#8221;stretch_row&#8221; gap=&#8221;&#8221; content_placement=&#8221;middle&#8221; parallax=&#8221;content-moving&#8221; parallax_image=&#8221;2442&#8243; overlay_color=&#8221;rgba(0,0,0,0.18)&#8221; text_color=&#8221;#ffffff&#8221; css=&#8221;.vc_custom_1625413525905{padding-top: 260px !important;padding-bottom: 180px !important;}&#8221;][vc_column][\/vc_column][\/vc_row][vc_row full_width=&#8221;stretch_row&#8221; gap=&#8221;&#8221; overlay_color=&#8221;#f4f4f4&#8243; css=&#8221;.vc_custom_1545053569970{padding-top: 120px !important;padding-bottom: 40px !important;}&#8221;][vc_column width=&#8221;1\/2&#8243;][vc_column_text] La masseria La masseria est l\u2019\u00e2me des Pouilles. Pendant des si\u00e8cles, ces constructions imposantes souvent fortifi\u00e9es ont connu le travail acharn\u00e9 de l\u2019homme dans les champs et les oliveraies, des premi\u00e8res lumi\u00e8res de[&#8230;] <a href=\"https:\/\/www.dagilupi.com\/index.php\/about-us?lang=fr\" class=\"more-link\">Continue reading<\/a><\/p>\n","protected":false},"author":3,"featured_media":0,"parent":0,"menu_order":0,"comment_status":"closed","ping_status":"closed","template":"","meta":[],"_links":{"self":[{"href":"https:\/\/www.dagilupi.com\/index.php\/wp-json\/wp\/v2\/pages\/3105"}],"collection":[{"href":"https:\/\/www.dagilupi.com\/index.php\/wp-json\/wp\/v2\/pages"}],"about":[{"href":"https:\/\/www.dagilupi.com\/index.php\/wp-json\/wp\/v2\/types\/page"}],"author":[{"embeddable":true,"href":"https:\/\/www.dagilupi.com\/index.php\/wp-json\/wp\/v2\/users\/3"}],"replies":[{"embeddable":true,"href":"https:\/\/www.dagilupi.com\/index.php\/wp-json\/wp\/v2\/comments?post=3105"}],"version-history":[{"count":15,"href":"https:\/\/www.dagilupi.com\/index.php\/wp-json\/wp\/v2\/pages\/3105\/revisions"}],"predecessor-version":[{"id":7525,"href":"https:\/\/www.dagilupi.com\/index.php\/wp-json\/wp\/v2\/pages\/3105\/revisions\/7525"}],"wp:attachment":[{"href":"https:\/\/www.dagilupi.com\/index.php\/wp-json\/wp\/v2\/media?parent=3105"}],"curies":[{"name":"wp","href":"https:\/\/api.w.org\/{rel}","templated":true}]}}