{"id":2544,"date":"2019-06-20T16:18:37","date_gmt":"2019-06-20T16:18:37","guid":{"rendered":"https:\/\/www.dagilupi.com\/?page_id=2544"},"modified":"2021-07-09T14:53:17","modified_gmt":"2021-07-09T12:53:17","slug":"territory","status":"publish","type":"page","link":"https:\/\/www.dagilupi.com\/index.php\/todo\/territory","title":{"rendered":"Territory"},"content":{"rendered":"<p>[vc_row full_width=&#8221;stretch_row&#8221; gap=&#8221;&#8221; content_placement=&#8221;middle&#8221; parallax=&#8221;content-moving&#8221; parallax_image=&#8221;2548&#8243; css=&#8221;.vc_custom_1561047733376{padding-top: 260px !important;padding-bottom: 180px !important;}&#8221;][vc_column]<div class=\"heading-with-separator text-center id_16a0158deefe2742651723   \"><div class=\"header-content\">\n\t\t\t<p class=\"h-subheading\"><\/p>\n\t\t\t<h1 class=\"heading  \" style=\"color: #000000; letter-spacing: 0px; \">territory<\/h1><\/div><\/div><div class=\"custom-styles\" data-styles=\".id_16a0158deefe2742651723 .heading-decorator-1:before, .id_16a0158deefe2742651723 .heading-decorator-1:after { border-color: }\"><\/div>[\/vc_column][\/vc_row][vc_row full_width=&#8221;stretch_row&#8221; gap=&#8221;&#8221; css=&#8221;.vc_custom_1561048331026{padding-top: 40px !important;}&#8221;][vc_column][vc_row_inner][vc_column_inner width=&#8221;1\/2&#8243;]<div class=\"heading-with-separator text-center id_16a0158deefe692127466896   \"><div class=\"header-content\">\n\t\t\t<p class=\"h-subheading\"><\/p>\n\t\t\t<h3 class=\"heading  \" style=\"; letter-spacing: 0px; \">Ostuni<\/h3><\/div><\/div><div class=\"custom-styles\" data-styles=\".id_16a0158deefe692127466896 .heading-decorator-1:before, .id_16a0158deefe692127466896 .heading-decorator-1:after { border-color: }\"><\/div>[\/vc_column_inner][vc_column_inner width=&#8221;1\/2&#8243;][\/vc_column_inner][\/vc_row_inner][vc_row_inner][vc_column_inner width=&#8221;1\/2&#8243;][vc_single_image image=&#8221;2552&#8243; img_size=&#8221;full&#8221;][\/vc_column_inner][vc_column_inner width=&#8221;1\/2&#8243;][vc_column_text]<\/p>\n<p style=\"text-align: center;\">When approaching by the sea Ostuni appears to the visitor as a white mirage over a green sea of centuries-old olive trees, with its stacks of little white houses dominated by the silhouette of the cathedral that caps the old city. The historic center of Ostuni is the apotheoses of the architectural and urbanist style of this part of Puglia: narrow and picturesque alleys, vertiginous staircases, whitewashed walls and, once at the very top, a breathtaking panorama of a green ocean of olive trees descending right to the blue of the Adriatic Sea. At the top of the city is the 15th-century Romanesque-Gothic cathedral, its fa\u00e7ade adorned with a large rosette of rare beauty.<br \/>\nIn the Museum of the Preclassical Civilizations of the Southern Murge, just steps from the cathedral, the form of Delia, a pregnant woman who lived here 25,000 years ago, is on display. Churches and noble residences are lined up one after the other in the old town, surrounded by Aragonese walls, in which occasional narrow doors such as Porta Nova or Porta San Demetrio can be seen.<br \/>\nThe farmland around Ostuni features some of the most beautiful farms of the region, witnesses to a strong peasant culture that has crossed the centuries, just like its centenary olive trees, which are among the oldest in Puglia. Carbon-14 dating shows some of them to be 3000 years old. In the old town there are all variety of places, excellent restaurants and entertaining pubs that cater to every potential need.<\/p>\n<p>[\/vc_column_text][\/vc_column_inner][\/vc_row_inner][\/vc_column][\/vc_row][vc_row full_width=&#8221;stretch_row&#8221; gap=&#8221;&#8221; css=&#8221;.vc_custom_1561048331026{padding-top: 40px !important;}&#8221;][vc_column][vc_row_inner][vc_column_inner width=&#8221;1\/2&#8243;]<div class=\"heading-with-separator text-center id_16a0158deefe831850085880   \"><div class=\"header-content\">\n\t\t\t<p class=\"h-subheading\"><\/p>\n\t\t\t<h3 class=\"heading  \" style=\"; letter-spacing: 0px; \">Lecce<\/h3><\/div><\/div><div class=\"custom-styles\" data-styles=\".id_16a0158deefe831850085880 .heading-decorator-1:before, .id_16a0158deefe831850085880 .heading-decorator-1:after { border-color: }\"><\/div>[\/vc_column_inner][vc_column_inner width=&#8221;1\/2&#8243;][\/vc_column_inner][\/vc_row_inner][vc_row_inner][vc_column_inner width=&#8221;1\/2&#8243;][vc_column_text]<\/p>\n<p style=\"text-align: center;\">Lecce is the baroque capital of Apulia, a city of art for centuries nicknamed the &#8220;Florence of the South.&#8221; Only 12 km from the Adriatic Sea, Lecce is also the capital of Salento. The historic center, which is also the city&#8217;s vital center, is home to Roman theatres, luxuriant portals and squares, such as the spectacular Piazza Duomo, a vast space topped by wonderful examples of Lecce&#8217;s baroque style. The monuments, the noble facades as well as the more modest buildings, all boast the warm golden honey color of the Lecce Stone. The highlight of the sophistication and the most spectacular example of the baroque style of Lecce is the fa\u00e7ade of the Basilica of Santa Croce and the magnificent palace of the seminary.<br \/>\nThe imposing castle of Charles V and its museum form a kind of demarcation line between the historic center and the modern city. In addition, many shops and boutiques are available for shopping or just for strolling through the warm, typical Salerno light.<\/p>\n<p>[\/vc_column_text][\/vc_column_inner][vc_column_inner width=&#8221;1\/2&#8243;][vc_single_image image=&#8221;2693&#8243; img_size=&#8221;full&#8221;][\/vc_column_inner][\/vc_row_inner][\/vc_column][\/vc_row][vc_row full_width=&#8221;stretch_row&#8221; gap=&#8221;&#8221; css=&#8221;.vc_custom_1561048331026{padding-top: 40px !important;}&#8221;][vc_column][vc_row_inner][vc_column_inner width=&#8221;1\/2&#8243;]<div class=\"heading-with-separator text-center id_16a0158deefe971567170176   \"><div class=\"header-content\">\n\t\t\t<p class=\"h-subheading\"><\/p>\n\t\t\t<h3 class=\"heading  \" style=\"; letter-spacing: 0px; \">Polignano a mare<\/h3><\/div><\/div><div class=\"custom-styles\" data-styles=\".id_16a0158deefe971567170176 .heading-decorator-1:before, .id_16a0158deefe971567170176 .heading-decorator-1:after { border-color: }\"><\/div>[\/vc_column_inner][vc_column_inner width=&#8221;1\/2&#8243;][\/vc_column_inner][\/vc_row_inner][vc_row_inner][vc_column_inner width=&#8221;1\/2&#8243;][vc_single_image image=&#8221;2708&#8243; img_size=&#8221;full&#8221;][\/vc_column_inner][vc_column_inner width=&#8221;1\/2&#8243;][vc_column_text]<\/p>\n<p style=\"text-align: center;\">Polignano fascinates because it\u2019s perched over the sea. It seems to dwell in the sea with the old town rising high on its cliffs, which are beaten by the waves of a crystalline blue sea. It&#8217;s the perfect place to immerse yourself in a pristine seabed or take boat trips to enjoy an incredible panorama of caves and cliffs. On land you enter the city through a narrow door, and then the labyrinth of white alleyways leads to the13th century Chiesa-Matrice, which is dedicated to the assumption of the Virgin Mary, or to the museum of the foundation &#8220;Pino Pascali,&#8221; established in the old slaughterhouse and dedicated to the work of the great sculptor and artist of Puglia.<\/p>\n<p>[\/vc_column_text][\/vc_column_inner][\/vc_row_inner][\/vc_column][\/vc_row][vc_row full_width=&#8221;stretch_row&#8221; gap=&#8221;&#8221; css=&#8221;.vc_custom_1561048331026{padding-top: 40px !important;}&#8221;][vc_column][vc_row_inner][vc_column_inner width=&#8221;1\/2&#8243;]<div class=\"heading-with-separator text-center id_16a0158deefea8591689761   \"><div class=\"header-content\">\n\t\t\t<p class=\"h-subheading\"><\/p>\n\t\t\t<h3 class=\"heading  \" style=\"; letter-spacing: 0px; \">Valley of ITRIA<\/h3><\/div><\/div><div class=\"custom-styles\" data-styles=\".id_16a0158deefea8591689761 .heading-decorator-1:before, .id_16a0158deefea8591689761 .heading-decorator-1:after { border-color: }\"><\/div>[\/vc_column_inner][vc_column_inner width=&#8221;1\/2&#8243;][\/vc_column_inner][\/vc_row_inner][vc_row_inner][vc_column_inner width=&#8221;1\/2&#8243;][vc_column_text]<\/p>\n<p style=\"text-align: center;\">The Valle d&#8217;Itria appears as an enchanted valley, with the cones of the Trulli scattered here and there. In the heart of this valley are three charming places, different from each other but at the same time similar as far as the typical characteristics of the historical centers of this part of Puglia: the white walls, the labyrinth of fresh and cheerful alleys and the squares where the social life of these villages has always been held. These are Martina Franca, Locorotondo et Cisternino.<\/p>\n<p>[\/vc_column_text][\/vc_column_inner][vc_column_inner width=&#8221;1\/2&#8243;][vc_single_image image=&#8221;2774&#8243; img_size=&#8221;full&#8221;][\/vc_column_inner][\/vc_row_inner][\/vc_column][\/vc_row][vc_row full_width=&#8221;stretch_row&#8221; gap=&#8221;&#8221; css=&#8221;.vc_custom_1561048331026{padding-top: 40px !important;}&#8221;][vc_column][vc_row_inner][vc_column_inner width=&#8221;1\/2&#8243;]<div class=\"heading-with-separator text-center id_16a0158deefeb91068131164   \"><div class=\"header-content\">\n\t\t\t<p class=\"h-subheading\"><\/p>\n\t\t\t<h3 class=\"heading  \" style=\"; letter-spacing: 0px; \">Martina Franca<\/h3><\/div><\/div><div class=\"custom-styles\" data-styles=\".id_16a0158deefeb91068131164 .heading-decorator-1:before, .id_16a0158deefeb91068131164 .heading-decorator-1:after { border-color: }\"><\/div>[\/vc_column_inner][vc_column_inner width=&#8221;1\/2&#8243;][\/vc_column_inner][\/vc_row_inner][vc_row_inner][vc_column_inner width=&#8221;1\/2&#8243;][vc_single_image image=&#8221;2573&#8243; img_size=&#8221;full&#8221;][\/vc_column_inner][vc_column_inner width=&#8221;1\/2&#8243;][vc_column_text]<\/p>\n<p style=\"text-align: center;\">Martina Franca owes its name to the worship of Saint Maarten, who had helped the inhabitants in their struggle against enemy invasions, and also to the fact that it was a free city at the time of Philip of Anjou. The city, well populated, full of beautiful shops and good restaurants, is a destination not to be missed for those who appreciate the art and culture of this part of Puglia.<br \/>\nThe historic center is characterized by an infinite number of white houses nesting on each other vertically and overlooking enchanting narrow streets. But Martina Franca is best known for its Baroque wealth and opulence, found in the Ducal Palace and palaces such as Palazzo Martucci, Palazzo Dell&#8217;universit\u00e0, Palazzo Motolese, Palazzo Maggi and Palazzo Ancona. The sumptuous Basilica of Saint Maarten, in the heart of the old town, with the beautiful Piazza Maria Immacolata is within walking distance. The culinary tradition makes it an undisputed destination for lovers of meat cooked in the traditional wood oven and for those who like the traditional Apulian cuisine.<\/p>\n<p>[\/vc_column_text][\/vc_column_inner][\/vc_row_inner][\/vc_column][\/vc_row][vc_row full_width=&#8221;stretch_row&#8221; gap=&#8221;&#8221; css=&#8221;.vc_custom_1561048331026{padding-top: 40px !important;}&#8221;][vc_column][vc_row_inner][vc_column_inner width=&#8221;1\/2&#8243;]<div class=\"heading-with-separator text-center id_16a0158deefec8726698392   \"><div class=\"header-content\">\n\t\t\t<p class=\"h-subheading\"><\/p>\n\t\t\t<h3 class=\"heading  \" style=\"; letter-spacing: 0px; \">Locorotondo<\/h3><\/div><\/div><div class=\"custom-styles\" data-styles=\".id_16a0158deefec8726698392 .heading-decorator-1:before, .id_16a0158deefec8726698392 .heading-decorator-1:after { border-color: }\"><\/div>[\/vc_column_inner][vc_column_inner width=&#8221;1\/2&#8243;][\/vc_column_inner][\/vc_row_inner][vc_row_inner][vc_column_inner width=&#8221;1\/2&#8243;][vc_column_text]<\/p>\n<p style=\"text-align: center;\">Locorotondo rises above the plateau of the Murge of Trulli with a beautiful circular historical center that overlooks the Valley of Itria with its white houses with their characteristic \u201ccumerse\u201d roofs, conical roofs made of stone.<br \/>\nConsidered one of the most beautiful villages of Italy, its clean and orderly historic center preserves treasures of gastronomy\u2014here, each restaurant offers its guests the best of the culinary tradition of Puglia. It could be nice to get lost in the maze of alleys that open up here and there with views of the green valley below. Churches and portals, flowery balconies and kitchen smells excite tourists who wander through these alleys. The Church of the Addolorata is a must-see, as are the Holy Spirit, Saint Nicholas, Saint Rocco and the Madonna of the Chain. Inside the Church of Santa Maria Della Greca is a polyptych of the Renaissance named <em><i>To The Madonna Of The Roses <\/i><\/em>and a sculptural group of Saint George on horseback.\u00a0Locorotondo produces an excellent white wine DOC.\u00a0A destination not to be missed<\/p>\n<p>[\/vc_column_text][\/vc_column_inner][vc_column_inner width=&#8221;1\/2&#8243;][vc_single_image image=&#8221;2566&#8243; img_size=&#8221;full&#8221;][\/vc_column_inner][\/vc_row_inner][\/vc_column][\/vc_row][vc_row full_width=&#8221;stretch_row&#8221; gap=&#8221;&#8221; css=&#8221;.vc_custom_1561048331026{padding-top: 40px !important;}&#8221;][vc_column][vc_row_inner][vc_column_inner width=&#8221;1\/2&#8243;]<div class=\"heading-with-separator text-center id_16a0158deefed61500622398   \"><div class=\"header-content\">\n\t\t\t<p class=\"h-subheading\"><\/p>\n\t\t\t<h3 class=\"heading  \" style=\"; letter-spacing: 0px; \">Cisternino<\/h3><\/div><\/div><div class=\"custom-styles\" data-styles=\".id_16a0158deefed61500622398 .heading-decorator-1:before, .id_16a0158deefed61500622398 .heading-decorator-1:after { border-color: }\"><\/div>[\/vc_column_inner][vc_column_inner width=&#8221;1\/2&#8243;][\/vc_column_inner][\/vc_row_inner][vc_row_inner][vc_column_inner width=&#8221;1\/2&#8243;][vc_single_image image=&#8221;2567&#8243; img_size=&#8221;full&#8221;][\/vc_column_inner][vc_column_inner width=&#8221;1\/2&#8243;][vc_column_text]<\/p>\n<p style=\"text-align: center;\">A charming old town surrounded by walls now incorporated into the urban fabric. The village has remained almost intact over the centuries, since the middle ages. The Porta Grande was the gateway to the ancient heart of Cisternino. Its small streets with polished &#8220;chianche&#8221;\u00a0 (paving), lead to the thrilling centre, where the bars and restaurants make Cisternino a destination to explore. The clock tower and its surrounding neighborhoods of &#8220;B\u00e8re V\u00e9cchy&#8221;, &#8220;Scheledd&#8221;, &#8220;U Pantene&#8221;, &#8220;the \u00ccsule&#8221; and &#8220;U B\u00f9rie&#8221; are the jewels of this small labyrinth of streets and squares where whitewashed houses line up, with steps embellished by geraniums, lodges and arches.<\/p>\n<p>[\/vc_column_text][\/vc_column_inner][\/vc_row_inner][\/vc_column][\/vc_row][vc_row full_width=&#8221;stretch_row&#8221; gap=&#8221;&#8221; css=&#8221;.vc_custom_1561048331026{padding-top: 40px !important;}&#8221;][vc_column][vc_row_inner][vc_column_inner width=&#8221;1\/2&#8243;]<div class=\"heading-with-separator text-center id_16a0158deefee31035810044   \"><div class=\"header-content\">\n\t\t\t<p class=\"h-subheading\"><\/p>\n\t\t\t<h3 class=\"heading  \" style=\"; letter-spacing: 0px; \">Gallipoli<\/h3><\/div><\/div><div class=\"custom-styles\" data-styles=\".id_16a0158deefee31035810044 .heading-decorator-1:before, .id_16a0158deefee31035810044 .heading-decorator-1:after { border-color: }\"><\/div>[\/vc_column_inner][vc_column_inner width=&#8221;1\/2&#8243;][\/vc_column_inner][\/vc_row_inner][vc_row_inner][vc_column_inner width=&#8221;1\/2&#8243;][\/vc_column_inner][vc_column_inner width=&#8221;1\/2&#8243;][vc_single_image image=&#8221;2568&#8243; img_size=&#8221;full&#8221;][\/vc_column_inner][\/vc_row_inner][\/vc_column][\/vc_row]<\/p>","protected":false},"excerpt":{"rendered":"<p>[vc_row full_width=&#8221;stretch_row&#8221; gap=&#8221;&#8221; content_placement=&#8221;middle&#8221; parallax=&#8221;content-moving&#8221; parallax_image=&#8221;2548&#8243; css=&#8221;.vc_custom_1561047733376{padding-top: 260px !important;padding-bottom: 180px !important;}&#8221;][vc_column][\/vc_column][\/vc_row][vc_row full_width=&#8221;stretch_row&#8221; gap=&#8221;&#8221; css=&#8221;.vc_custom_1561048331026{padding-top: 40px !important;}&#8221;][vc_column][vc_row_inner][vc_column_inner width=&#8221;1\/2&#8243;][\/vc_column_inner][vc_column_inner width=&#8221;1\/2&#8243;][\/vc_column_inner][\/vc_row_inner][vc_row_inner][vc_column_inner width=&#8221;1\/2&#8243;][vc_single_image image=&#8221;2552&#8243; img_size=&#8221;full&#8221;][\/vc_column_inner][vc_column_inner width=&#8221;1\/2&#8243;][vc_column_text] When approaching by the sea Ostuni appears to the visitor as a white mirage over a green sea of centuries-old olive trees, with its stacks of little white houses dominated by the silhouette[&#8230;] <a href=\"https:\/\/www.dagilupi.com\/index.php\/todo\/territory\" class=\"more-link\">Continue reading<\/a><\/p>\n","protected":false},"author":3,"featured_media":0,"parent":6013,"menu_order":1,"comment_status":"closed","ping_status":"closed","template":"","meta":[],"_links":{"self":[{"href":"https:\/\/www.dagilupi.com\/index.php\/wp-json\/wp\/v2\/pages\/2544"}],"collection":[{"href":"https:\/\/www.dagilupi.com\/index.php\/wp-json\/wp\/v2\/pages"}],"about":[{"href":"https:\/\/www.dagilupi.com\/index.php\/wp-json\/wp\/v2\/types\/page"}],"author":[{"embeddable":true,"href":"https:\/\/www.dagilupi.com\/index.php\/wp-json\/wp\/v2\/users\/3"}],"replies":[{"embeddable":true,"href":"https:\/\/www.dagilupi.com\/index.php\/wp-json\/wp\/v2\/comments?post=2544"}],"version-history":[{"count":29,"href":"https:\/\/www.dagilupi.com\/index.php\/wp-json\/wp\/v2\/pages\/2544\/revisions"}],"predecessor-version":[{"id":2876,"href":"https:\/\/www.dagilupi.com\/index.php\/wp-json\/wp\/v2\/pages\/2544\/revisions\/2876"}],"up":[{"embeddable":true,"href":"https:\/\/www.dagilupi.com\/index.php\/wp-json\/wp\/v2\/pages\/6013"}],"wp:attachment":[{"href":"https:\/\/www.dagilupi.com\/index.php\/wp-json\/wp\/v2\/media?parent=2544"}],"curies":[{"name":"wp","href":"https:\/\/api.w.org\/{rel}","templated":true}]}}